{"id":139,"date":"2024-05-09T17:12:16","date_gmt":"2024-05-09T17:12:16","guid":{"rendered":"https:\/\/nopapodasgurias.com\/?page_id=139"},"modified":"2025-12-11T18:26:11","modified_gmt":"2025-12-11T18:26:11","slug":"about","status":"publish","type":"page","link":"https:\/\/nopapodasgurias.com\/it\/about\/","title":{"rendered":"SU"},"content":{"rendered":"<!--advertisement--><div class=\"mx-5 sm:mx-0 sm:text-3xl text-2xl font-medium title-font mb-4 text-gray-900 text-left\">\n<h2 class=\"wp-block-heading\">Ti interessa scoprire qualcosa di nuovo oggi?<\/h2>\n<\/div><div class=\"mx-5 sm:mx-0 prose leading-relaxed text-lg mb-5 text-left wp-paragraph\">\n<p>Nodo <strong>Chat tra ragazze<\/strong>La nostra missione \u00e8 condividere contenuti che ispirino e semplifichino la tua vita quotidiana. Crediamo che informazioni di qualit\u00e0 possano trasformare le routine e portare semplicit\u00e0, sia nella cura personale che nell&#039;uso delle risorse digitali.<\/p>\n<\/div><div class=\"mx-5 sm:mx-0 prose leading-relaxed text-lg mb-5 text-left wp-paragraph\">\n<p>Qui troverai di tutto, dai consigli sul benessere e l&#039;autostima alle ultime novit\u00e0 su giochi, app e tecnologie che rendono la tua vita pi\u00f9 pratica, divertente e connessa. Il nostro obiettivo \u00e8 tenerti informato, combinando tendenze, fatti interessanti e strumenti utili per aiutarti a sentirti pi\u00f9 sicuro e preparato per ci\u00f2 che ti aspetta.<\/p>\n<\/div><!--advertisement--><div class=\"mx-5 sm:mx-0 sm:text-3xl text-2xl font-medium title-font mb-4 text-gray-900 text-left\">\n<h2 class=\"wp-block-heading\">Chi siamo?<\/h2>\n<\/div><div class=\"mx-5 sm:mx-0 prose leading-relaxed text-lg mb-5 text-left wp-paragraph\">\n<p>IL <strong>Chat tra ragazze<\/strong> nasce con il desiderio di condividere esperienze, idee e consigli che facciano davvero la differenza nella vita di tutti i giorni. Oggi abbiamo ampliato i nostri contenuti oltre l&#039;universo femminile, offrendovi anche le ultime novit\u00e0 in fatto di tecnologia, app e intrattenimento. Vogliamo accompagnarvi in questo viaggio di scoperta e apprendimento, sempre con un tocco leggero e intimo.<\/p>\n<\/div><!--advertisement--><div class=\"mx-5 sm:mx-0 sm:text-3xl text-2xl font-medium title-font mb-4 text-gray-900 text-left\">\n<h2 class=\"wp-block-heading\" id=\"h-sua-opiniao-e-importante\">La tua opinione \u00e8 importante<\/h2>\n<\/div><div class=\"mx-5 sm:mx-0 prose leading-relaxed text-lg mb-5 text-left wp-paragraph\">\n<p>Apprezziamo molto i tuoi suggerimenti. Non esitate a farlo <a style=\" color:;\" href=\"https:\/\/nopapodasgurias.com\/it\/contact\/\">inviaci un messaggio<\/a>!<\/p>\n<\/div><!--advertisement--><div class=\"mx-5 sm:mx-0 sm:text-3xl text-2xl font-medium title-font mb-4 text-gray-900 text-left\">\n<h2 class=\"wp-block-heading\"><strong>Disclaimer:<\/strong><\/h2>\n<\/div><div class=\"mx-5 sm:mx-0 prose leading-relaxed text-lg mb-5 text-left wp-paragraph\">\n<p>Il sito web No Papo das Gurias offre contenuti informativi relativi a incontri e relazioni, ma non funge da intermediario n\u00e9 garantisce risultati. Le informazioni pubblicate non intendono raccomandare, incoraggiare o assicurare alcun tipo di incontro o interazione personale. <\/p>\n<\/div><div class=\"mx-5 sm:mx-0 prose leading-relaxed text-lg mb-5 text-left wp-paragraph\">\n<p>L&#039;utente \u00e8 l&#039;unico responsabile delle proprie decisioni personali e il sito web non \u00e8 responsabile per eventuali conseguenze derivanti dall&#039;utilizzo di queste informazioni. Accedendo ai contenuti, l&#039;utente accetta che le interazioni e le decisioni prese siano di sua esclusiva responsabilit\u00e0.<\/p>\n<\/div>","protected":false},"excerpt":{"rendered":"<p>Vuoi scoprire qualcosa di nuovo oggi? Noi di Papo das Gurias, la nostra missione \u00e8 condividere contenuti che ispirino e semplifichino la tua vita quotidiana. Crediamo che informazioni di qualit\u00e0 possano trasformare le routine e portare leggerezza, sia nella cura personale che nell&#039;uso delle risorse digitali. Qui troverai di tutto, dai consigli per il benessere e l&#039;autostima a... <a class=\"more-link\" href=\"https:\/\/nopapodasgurias.com\/it\/about\/\">Continua a leggere <span class=\"screen-reader-text\">SU<\/span><\/a><\/p>","protected":false},"author":5,"featured_media":0,"parent":0,"menu_order":0,"comment_status":"closed","ping_status":"closed","template":"","meta":{"footnotes":""},"yoast_head":"<!-- This site is optimized with the Yoast SEO plugin v23.3 - https:\/\/yoast.com\/wordpress\/plugins\/seo\/ -->\n<title>Sobre - No Papo Das Gurias<\/title>\n<meta name=\"robots\" content=\"index, follow, max-snippet:-1, max-image-preview:large, max-video-preview:-1\" \/>\n<link rel=\"canonical\" href=\"https:\/\/nopapodasgurias.com\/it\/about\/\" \/>\n<meta property=\"og:locale\" content=\"it_IT\" \/>\n<meta property=\"og:type\" content=\"article\" \/>\n<meta property=\"og:title\" content=\"Sobre - No Papo Das Gurias\" \/>\n<meta property=\"og:description\" content=\"Interessada em descobrir algo novo hoje? No Papo das Gurias, nossa miss\u00e3o \u00e9 compartilhar conte\u00fados que inspiram e facilitam o seu dia a dia. Acreditamos que informa\u00e7\u00e3o de qualidade pode transformar rotinas e trazer leveza, seja no cuidado pessoal, seja no uso de recursos digitais. Aqui voc\u00ea encontra desde dicas de bem-estar e autoestima at\u00e9&hellip; Continue reading Sobre\" \/>\n<meta property=\"og:url\" content=\"https:\/\/nopapodasgurias.com\/it\/about\/\" \/>\n<meta property=\"og:site_name\" content=\"No Papo Das Gurias\" \/>\n<meta property=\"article:modified_time\" content=\"2025-12-11T18:26:11+00:00\" \/>\n<meta name=\"twitter:card\" content=\"summary_large_image\" \/>\n<meta name=\"twitter:label1\" content=\"Est. reading time\" \/>\n\t<meta name=\"twitter:data1\" content=\"2 minuti\" \/>\n<script type=\"application\/ld+json\" class=\"yoast-schema-graph\">{\"@context\":\"https:\/\/schema.org\",\"@graph\":[{\"@type\":\"WebPage\",\"@id\":\"https:\/\/nopapodasgurias.com\/about\/\",\"url\":\"https:\/\/nopapodasgurias.com\/about\/\",\"name\":\"Sobre - No Papo Das Gurias\",\"isPartOf\":{\"@id\":\"https:\/\/nopapodasgurias.com\/#website\"},\"datePublished\":\"2024-05-09T17:12:16+00:00\",\"dateModified\":\"2025-12-11T18:26:11+00:00\",\"breadcrumb\":{\"@id\":\"https:\/\/nopapodasgurias.com\/about\/#breadcrumb\"},\"inLanguage\":\"it-IT\",\"potentialAction\":[{\"@type\":\"ReadAction\",\"target\":[\"https:\/\/nopapodasgurias.com\/about\/\"]}]},{\"@type\":\"BreadcrumbList\",\"@id\":\"https:\/\/nopapodasgurias.com\/about\/#breadcrumb\",\"itemListElement\":[{\"@type\":\"ListItem\",\"position\":1,\"name\":\"Home\",\"item\":\"https:\/\/nopapodasgurias.com\/\"},{\"@type\":\"ListItem\",\"position\":2,\"name\":\"Sobre\"}]},{\"@type\":\"WebSite\",\"@id\":\"https:\/\/nopapodasgurias.com\/#website\",\"url\":\"https:\/\/nopapodasgurias.com\/\",\"name\":\"No Papo Das Gurias\",\"description\":\"\",\"potentialAction\":[{\"@type\":\"SearchAction\",\"target\":{\"@type\":\"EntryPoint\",\"urlTemplate\":\"https:\/\/nopapodasgurias.com\/?s={search_term_string}\"},\"query-input\":\"required name=search_term_string\"}],\"inLanguage\":\"it-IT\"}]}<\/script>\n<!-- \/ Yoast SEO plugin. -->","yoast_head_json":{"title":"Sobre - No Papo Das Gurias","robots":{"index":"index","follow":"follow","max-snippet":"max-snippet:-1","max-image-preview":"max-image-preview:large","max-video-preview":"max-video-preview:-1"},"canonical":"https:\/\/nopapodasgurias.com\/it\/about\/","og_locale":"it_IT","og_type":"article","og_title":"Sobre - No Papo Das Gurias","og_description":"Interessada em descobrir algo novo hoje? No Papo das Gurias, nossa miss\u00e3o \u00e9 compartilhar conte\u00fados que inspiram e facilitam o seu dia a dia. Acreditamos que informa\u00e7\u00e3o de qualidade pode transformar rotinas e trazer leveza, seja no cuidado pessoal, seja no uso de recursos digitais. Aqui voc\u00ea encontra desde dicas de bem-estar e autoestima at\u00e9&hellip; Continue reading Sobre","og_url":"https:\/\/nopapodasgurias.com\/it\/about\/","og_site_name":"No Papo Das Gurias","article_modified_time":"2025-12-11T18:26:11+00:00","twitter_card":"summary_large_image","twitter_misc":{"Est. reading time":"2 minuti"},"schema":{"@context":"https:\/\/schema.org","@graph":[{"@type":"WebPage","@id":"https:\/\/nopapodasgurias.com\/about\/","url":"https:\/\/nopapodasgurias.com\/about\/","name":"Sobre - No Papo Das Gurias","isPartOf":{"@id":"https:\/\/nopapodasgurias.com\/#website"},"datePublished":"2024-05-09T17:12:16+00:00","dateModified":"2025-12-11T18:26:11+00:00","breadcrumb":{"@id":"https:\/\/nopapodasgurias.com\/about\/#breadcrumb"},"inLanguage":"it-IT","potentialAction":[{"@type":"ReadAction","target":["https:\/\/nopapodasgurias.com\/about\/"]}]},{"@type":"BreadcrumbList","@id":"https:\/\/nopapodasgurias.com\/about\/#breadcrumb","itemListElement":[{"@type":"ListItem","position":1,"name":"Home","item":"https:\/\/nopapodasgurias.com\/"},{"@type":"ListItem","position":2,"name":"Sobre"}]},{"@type":"WebSite","@id":"https:\/\/nopapodasgurias.com\/#website","url":"https:\/\/nopapodasgurias.com\/","name":"No Papo Das Gurias","description":"","potentialAction":[{"@type":"SearchAction","target":{"@type":"EntryPoint","urlTemplate":"https:\/\/nopapodasgurias.com\/?s={search_term_string}"},"query-input":"required name=search_term_string"}],"inLanguage":"it-IT"}]}},"_links":{"self":[{"href":"https:\/\/nopapodasgurias.com\/it\/wp-json\/wp\/v2\/pages\/139"}],"collection":[{"href":"https:\/\/nopapodasgurias.com\/it\/wp-json\/wp\/v2\/pages"}],"about":[{"href":"https:\/\/nopapodasgurias.com\/it\/wp-json\/wp\/v2\/types\/page"}],"author":[{"embeddable":true,"href":"https:\/\/nopapodasgurias.com\/it\/wp-json\/wp\/v2\/users\/5"}],"replies":[{"embeddable":true,"href":"https:\/\/nopapodasgurias.com\/it\/wp-json\/wp\/v2\/comments?post=139"}],"version-history":[{"count":4,"href":"https:\/\/nopapodasgurias.com\/it\/wp-json\/wp\/v2\/pages\/139\/revisions"}],"predecessor-version":[{"id":905,"href":"https:\/\/nopapodasgurias.com\/it\/wp-json\/wp\/v2\/pages\/139\/revisions\/905"}],"wp:attachment":[{"href":"https:\/\/nopapodasgurias.com\/it\/wp-json\/wp\/v2\/media?parent=139"}],"curies":[{"name":"wp","href":"https:\/\/api.w.org\/{rel}","templated":true}]}}