{"id":137,"date":"2024-05-09T17:05:08","date_gmt":"2024-05-09T17:05:08","guid":{"rendered":"https:\/\/nopapodasgurias.com\/?page_id=137"},"modified":"2024-05-13T17:11:52","modified_gmt":"2024-05-13T17:11:52","slug":"terms","status":"publish","type":"page","link":"https:\/\/nopapodasgurias.com\/it\/terms\/","title":{"rendered":"Termini e Condizioni Generali d&#039;Uso"},"content":{"rendered":"<!--advertisement--><div class=\"mx-5 sm:mx-0 sm:text-3xl text-2xl font-medium title-font mb-4 text-gray-900 text-left\">\n<h2 class=\"wp-block-heading\" id=\"h-no-papo-das-gurias\">Nella chat delle ragazze<\/h2>\n<\/div><div class=\"mx-5 sm:mx-0 prose leading-relaxed text-lg mb-5 text-left wp-paragraph\">\n<p>La piattaforma No Papo das Gurias, un&#039;iniziativa di una societ\u00e0 estone a responsabilit\u00e0 limitata (LLC, nota anche come MINUTO VIP O\u00dc), registrata con il numero 16698741 e con sede a Tallinn, Rotermanni Street tn 14-32, CEP 10111, Harju, Estonia, \u00e8 il creatore, proprietario e amministratore del sito web No Papo das Gurias, accessibile tramite l&#039;indirizzo <a style=\" color:;\" href=\"http:\/\/nopapodasgurias.com\/it\/\">nopapodasgurias.com<\/a>.<\/p>\n<\/div><div class=\"mx-5 sm:mx-0 prose leading-relaxed text-lg mb-5 text-left wp-paragraph\">\n<p>No Papo das Gurias \u00e8 una piattaforma online dedicata alla produzione di contenuti rivolti a un pubblico femminile, che fornisce informazioni e analisi su una variet\u00e0 di argomenti (come moda, bellezza, salute, tra gli altri).<\/p>\n<\/div><div class=\"mx-5 sm:mx-0 prose leading-relaxed text-lg mb-5 text-left wp-paragraph\">\n<p>Le nostre Condizioni Generali d&#039;Uso sono disponibili per la consultazione da parte degli utenti in ogni momento attraverso il seguente link: <a style=\" color:;\" href=\"https:\/\/nopapodasgurias.com\/it\/terms\/\">https:\/\/nopapodasgurias.com\/terms\/<\/a>\u00a0<\/p>\n<\/div><div class=\"mx-5 sm:mx-0 prose leading-relaxed text-lg mb-5 text-left wp-paragraph\">\n<p>Le presenti Condizioni, insieme all&#039;utilizzo del sito web, sono integrate dalle informazioni contenute nella Politica sulla Privacy No Papo das Gurias, accessibile all&#039;indirizzo: <a style=\" color:;\" href=\"https:\/\/nopapodasgurias.com\/it\/privacy-policy\/\">https:\/\/nopapodasgurias.com\/privacy-policy<\/a>, e sono soggetti alle leggi vigenti.<\/p>\n<\/div><div class=\"mx-5 sm:mx-0 prose leading-relaxed text-lg mb-5 text-left wp-paragraph\">\n<p>Pertanto, lo scopo dei Regolamenti e delle Condizioni Generali d&#039;Uso \u00e8 quello di chiarire le responsabilit\u00e0, gli obblighi e i doveri di tutti gli utenti quando accedono e\/o utilizzano il sito No Papo das Gurias, come di seguito dettagliato.<\/p>\n<\/div><div class=\"mx-5 sm:mx-0 prose leading-relaxed text-lg mb-5 text-left wp-paragraph\">\n<p>\u00c8 importante sottolineare che non siamo coinvolti in processi di valutazione e\/o autorizzazione di richieste o proposte, essendo la decisione finale su tali questioni di esclusiva responsabilit\u00e0 degli utenti, secondo i propri criteri e politiche.<\/p>\n<\/div><!--advertisement--><div class=\"mx-5 sm:mx-0 sm:text-3xl text-2xl font-medium title-font mb-4 text-gray-900 text-left\">\n<h2 class=\"wp-block-heading\" id=\"h-1-da-aceitacao\">1. ACCETTAZIONE<\/h2>\n<\/div><div class=\"mx-5 sm:mx-0 prose leading-relaxed text-lg mb-5 text-left wp-paragraph\">\n<p>1.1. Accedendo a No Papo das Gurias, l&#039;utente DICHIARA di accettare di aderire alle Condizioni Generali d&#039;Uso e alle <a style=\" color:;\" href=\"https:\/\/nopapodasgurias.com\/it\/privacy-policy\/\">Nessuna informativa sulla privacy di Papo das Gurias<\/a>.<\/p>\n<\/div><div class=\"mx-5 sm:mx-0 prose leading-relaxed text-lg mb-5 text-left wp-paragraph\">\n<p>1.2. L&#039;utilizzo di No Papo das Gurias implica la dichiarazione che l&#039;utente ha almeno 18 anni di et\u00e0 e ha piena capacit\u00e0 giuridica per accettare i presenti Termini e Condizioni d&#039;Uso a tutti gli effetti legali.<\/p>\n<\/div><div class=\"mx-5 sm:mx-0 prose leading-relaxed text-lg mb-5 text-left wp-paragraph\">\n<p>1.3. Se l&#039;utente non soddisfa i criteri sopra menzionati e\/o non \u00e8 d&#039;accordo con i termini qui presentati, non dovr\u00e0 accedere e\/o utilizzare i servizi e i contenuti forniti da No Papo das Gurias, nonch\u00e9 i siti Web e i servizi da esso gestiti.<\/p>\n<\/div><!--advertisement--><div class=\"mx-5 sm:mx-0 sm:text-3xl text-2xl font-medium title-font mb-4 text-gray-900 text-left\">\n<h2 class=\"wp-block-heading\" id=\"h-2-contato\">2. CONTATTO<\/h2>\n<\/div><div class=\"mx-5 sm:mx-0 prose leading-relaxed text-lg mb-5 text-left wp-paragraph\">\n<p>2.1. Gli utenti sono autorizzati a utilizzare questo servizio per chiarire dubbi, risolvere problemi, presentare reclami o ottenere maggiori informazioni sui prodotti\/servizi forniti da No Papo das Gurias.<\/p>\n<\/div><div class=\"mx-5 sm:mx-0 prose leading-relaxed text-lg mb-5 text-left wp-paragraph\">\n<p>2.2. Il contatto pu\u00f2 essere effettuato utilizzando il modulo disponibile all&#039;indirizzo: <a style=\" color:;\" href=\"https:\/\/nopapodasgurias.com\/it\/contact\/\">https:\/\/nopapodasgurias.com\/contact\/<\/a>&nbsp;<\/p>\n<\/div><!--advertisement--><div class=\"mx-5 sm:mx-0 sm:text-3xl text-2xl font-medium title-font mb-4 text-gray-900 text-left\">\n<h2 class=\"wp-block-heading\" id=\"h-3-das-responsabilidades-das-partes\">3. RESPONSABILIT\u00c0 DELLE PARTI<\/h2>\n<\/div><div class=\"mx-5 sm:mx-0 prose leading-relaxed text-lg mb-5 text-left wp-paragraph\">\n<p>3.1. \u00c8 essenziale che l&#039;utente legga attentamente tutte le clausole presenti nel presente documento e nel <a style=\" color:;\" href=\"https:\/\/nopapodasgurias.com\/it\/privacy-policy\/\">politica sulla riservatezza<\/a>. Quando utilizzi i servizi e\/o prodotti offerti da No Papo das Gurias, accetti pienamente tutte le clausole e condizioni qui descritte.<\/p>\n<\/div><div class=\"mx-5 sm:mx-0 prose leading-relaxed text-lg mb-5 text-left wp-paragraph\">\n<p>3.2. No Papo das Gurias fornisce collegamenti e\/o indirizza l&#039;utente ad altri siti web, dove \u00e8 possibile contrarre servizi e\/o acquistare prodotti da societ\u00e0 terze, senza l&#039;intervento di No Papo das Gurias.<\/p>\n<\/div><div class=\"mx-5 sm:mx-0 prose leading-relaxed text-lg mb-5 text-left wp-paragraph\">\n<p>3.3. Se l&#039;utente viene indirizzato al sito web di una societ\u00e0 pubblicitaria, \u00e8 fondamentale che legga e accetti i termini e le condizioni di utilizzo, nonch\u00e9 l&#039;informativa sulla privacy della societ\u00e0 in questione.<\/p>\n<\/div><div class=\"mx-5 sm:mx-0 prose leading-relaxed text-lg mb-5 text-left wp-paragraph\">\n<p>3.4. No Papo das Gurias non \u00e8 responsabile dei termini di utilizzo e delle politiche sulla privacy delle aziende pubblicizzate, n\u00e9 delle informazioni sui servizi\/prodotti.<\/p>\n<\/div><div class=\"mx-5 sm:mx-0 prose leading-relaxed text-lg mb-5 text-left wp-paragraph\">\n<p>3.5. No Papo das Gurias non si assume alcuna responsabilit\u00e0 per eventuali software dannosi che potrebbero danneggiare o modificare le impostazioni dei dispositivi degli utenti a seguito della navigazione in Internet o del trasferimento di dati.<\/p>\n<\/div><div class=\"mx-5 sm:mx-0 prose leading-relaxed text-lg mb-5 text-left wp-paragraph\">\n<p>3.6. Spetta esclusivamente agli utenti mantenere aggiornati il sistema operativo e i programmi antivirus.<\/p>\n<\/div><div class=\"mx-5 sm:mx-0 prose leading-relaxed text-lg mb-5 text-left wp-paragraph\">\n<p>3.7. No Papo das Gurias non \u00e8 responsabile per perdite o danni derivanti da un uso improprio del sito web e\/o da eventi imprevisti.<\/p>\n<\/div><div class=\"mx-5 sm:mx-0 prose leading-relaxed text-lg mb-5 text-left wp-paragraph\">\n<p>3.8. No Papo das Gurias non richiede depositi o bonifici bancari per l&#039;approvazione o la concessione di prodotti finanziari.<\/p>\n<\/div><div class=\"mx-5 sm:mx-0 prose leading-relaxed text-lg mb-5 text-left wp-paragraph\">\n<p>3.9. No Papo das Gurias non invia messaggi via e-mail o SMS per confermare dati o record con allegati eseguibili, n\u00e9 collegamenti per l&#039;installazione. Se ricevi qualche messaggio sospetto, contattaci utilizzando il modulo disponibile sul sito.<\/p>\n<\/div><div class=\"mx-5 sm:mx-0 prose leading-relaxed text-lg mb-5 text-left wp-paragraph\">\n<p>3.10. \u00c8 responsabilit\u00e0 dell&#039;utente: non violare i diritti di terzi; non utilizzare No Papo das Gurias per attivit\u00e0 illegali o inappropriate; rispettare il Regolamento e la Privacy Policy, nonch\u00e9 la normativa vigente.<\/p>\n<\/div><!--advertisement--><div class=\"mx-5 sm:mx-0 sm:text-3xl text-2xl font-medium title-font mb-4 text-gray-900 text-left\">\n<h2 class=\"wp-block-heading\" id=\"h-4-da-modificacao-dos-termos-e-condicoes\">4. MODIFICA DEI TERMINI E DELLE CONDIZIONI<\/h2>\n<\/div><div class=\"mx-5 sm:mx-0 prose leading-relaxed text-lg mb-5 text-left wp-paragraph\">\n<p>4.1. Le Condizioni Generali d&#039;Uso di No Papo das Gurias possono essere modificate, integrate o sostituite in qualsiasi momento, ad esclusiva discrezione di No Papo das Gurias, senza obbligo di preavviso o notifica agli utenti.<\/p>\n<\/div><div class=\"mx-5 sm:mx-0 prose leading-relaxed text-lg mb-5 text-left wp-paragraph\">\n<p>4.2. Chiunque non sia d&#039;accordo con questi termini, che sono obbligatori e vincolanti, deve smettere di utilizzare il sito No Papo das Gurias.<\/p>\n<\/div><!--advertisement--><div class=\"mx-5 sm:mx-0 sm:text-3xl text-2xl font-medium title-font mb-4 text-gray-900 text-left\">\n<h2 class=\"wp-block-heading\" id=\"h-5-vigencia-e-prazo-decadencial\">5. DURATA E SCADENZA<\/h2>\n<\/div><div class=\"mx-5 sm:mx-0 prose leading-relaxed text-lg mb-5 text-left wp-paragraph\">\n<p>5.1. Le presenti Condizioni Generali d&#039;Uso hanno validit\u00e0 a tempo indeterminato. I reclami legali o amministrativi derivanti dall&#039;utilizzo di No Papo das Gurias devono essere presentati entro 90 giorni dall&#039;evento che li ha originati.<\/p>\n<\/div><!--advertisement--><div class=\"mx-5 sm:mx-0 sm:text-3xl text-2xl font-medium title-font mb-4 text-gray-900 text-left\">\n<h2 class=\"wp-block-heading\" id=\"h-6-da-legislacao-e-foro-de-eleicao\">6. LEGISLAZIONE E FORO ELETTORALE<\/h2>\n<\/div><div class=\"mx-5 sm:mx-0 prose leading-relaxed text-lg mb-5 text-left wp-paragraph\">\n<p>6.1. Le presenti Condizioni Generali d&#039;Uso, insieme all&#039;Informativa sulla Privacy, sono regolate dalle leggi della Repubblica Federativa del Brasile.<\/p>\n<\/div><div class=\"mx-5 sm:mx-0 prose leading-relaxed text-lg mb-5 text-left wp-paragraph\">\n<p>6.2. Per qualsiasi questione relativa ai presenti Termini e all&#039;Informativa sulla Privacy, le parti concordano e rinunciano a qualsiasi altra sede, sottoponendosi alla Camera di Commercio di Tallinn, Estonia (Corte Arbitrale della Camera di Commercio e dell&#039;Industria Estone), per la risoluzione di qualsiasi e tutte le domande o dubbi derivanti dalle presenti condizioni d&#039;uso.<\/p>\n<\/div>","protected":false},"excerpt":{"rendered":"<p>No Papo das Gurias La piattaforma No Papo das Gurias, un&#039;iniziativa di una societ\u00e0 a responsabilit\u00e0 limitata estone (LLC, nota anche come MINUTO VIP O\u00dc), registrata con il numero 16698741 e con sede a Tallinn, in via Rotermanni tn 14-32, codice postale 10111, Harju, Estonia, \u00e8 il creatore, proprietario e amministratore del sito web No Papo das\u2026 <a class=\"more-link\" href=\"https:\/\/nopapodasgurias.com\/it\/terms\/\">Continua a leggere <span class=\"screen-reader-text\">Termini e Condizioni Generali d&#039;Uso<\/span><\/a><\/p>","protected":false},"author":5,"featured_media":0,"parent":0,"menu_order":0,"comment_status":"closed","ping_status":"closed","template":"","meta":{"footnotes":""},"yoast_head":"<!-- This site is optimized with the Yoast SEO plugin v23.3 - https:\/\/yoast.com\/wordpress\/plugins\/seo\/ -->\n<title>Termos e Condi\u00e7\u00f5es Gerais de Uso - No Papo Das Gurias<\/title>\n<meta name=\"robots\" content=\"index, follow, max-snippet:-1, max-image-preview:large, max-video-preview:-1\" \/>\n<link rel=\"canonical\" href=\"https:\/\/nopapodasgurias.com\/it\/terms\/\" \/>\n<meta property=\"og:locale\" content=\"it_IT\" \/>\n<meta property=\"og:type\" content=\"article\" \/>\n<meta property=\"og:title\" content=\"Termos e Condi\u00e7\u00f5es Gerais de Uso - No Papo Das Gurias\" \/>\n<meta property=\"og:description\" content=\"No Papo das Gurias A plataforma No Papo das Gurias, uma iniciativa de uma empresa de responsabilidade&nbsp; limitada estoniana (LLC, tamb\u00e9m conhecida como MINUTO VIP O\u00dc), registrada sob o n\u00famero 16698741 e sediada em Tallinn, na Rua Rotermanni tn 14-32, CEP 10111, Harju, Est\u00f4nia, \u00e9 a criadora, propriet\u00e1ria e administradora do website No Papo das&hellip; Continue reading Termos e Condi\u00e7\u00f5es Gerais de Uso\" \/>\n<meta property=\"og:url\" content=\"https:\/\/nopapodasgurias.com\/it\/terms\/\" \/>\n<meta property=\"og:site_name\" content=\"No Papo Das Gurias\" \/>\n<meta property=\"article:modified_time\" content=\"2024-05-13T17:11:52+00:00\" \/>\n<meta name=\"twitter:card\" content=\"summary_large_image\" \/>\n<meta name=\"twitter:label1\" content=\"Est. reading time\" \/>\n\t<meta name=\"twitter:data1\" content=\"5 minuti\" \/>\n<script type=\"application\/ld+json\" class=\"yoast-schema-graph\">{\"@context\":\"https:\/\/schema.org\",\"@graph\":[{\"@type\":\"WebPage\",\"@id\":\"https:\/\/nopapodasgurias.com\/terms\/\",\"url\":\"https:\/\/nopapodasgurias.com\/terms\/\",\"name\":\"Termos e Condi\u00e7\u00f5es Gerais de Uso - No Papo Das Gurias\",\"isPartOf\":{\"@id\":\"https:\/\/nopapodasgurias.com\/#website\"},\"datePublished\":\"2024-05-09T17:05:08+00:00\",\"dateModified\":\"2024-05-13T17:11:52+00:00\",\"breadcrumb\":{\"@id\":\"https:\/\/nopapodasgurias.com\/terms\/#breadcrumb\"},\"inLanguage\":\"it-IT\",\"potentialAction\":[{\"@type\":\"ReadAction\",\"target\":[\"https:\/\/nopapodasgurias.com\/terms\/\"]}]},{\"@type\":\"BreadcrumbList\",\"@id\":\"https:\/\/nopapodasgurias.com\/terms\/#breadcrumb\",\"itemListElement\":[{\"@type\":\"ListItem\",\"position\":1,\"name\":\"Home\",\"item\":\"https:\/\/nopapodasgurias.com\/\"},{\"@type\":\"ListItem\",\"position\":2,\"name\":\"Termos e Condi\u00e7\u00f5es Gerais de Uso\"}]},{\"@type\":\"WebSite\",\"@id\":\"https:\/\/nopapodasgurias.com\/#website\",\"url\":\"https:\/\/nopapodasgurias.com\/\",\"name\":\"No Papo Das Gurias\",\"description\":\"\",\"potentialAction\":[{\"@type\":\"SearchAction\",\"target\":{\"@type\":\"EntryPoint\",\"urlTemplate\":\"https:\/\/nopapodasgurias.com\/?s={search_term_string}\"},\"query-input\":\"required name=search_term_string\"}],\"inLanguage\":\"it-IT\"}]}<\/script>\n<!-- \/ Yoast SEO plugin. -->","yoast_head_json":{"title":"Termos e Condi\u00e7\u00f5es Gerais de Uso - No Papo Das Gurias","robots":{"index":"index","follow":"follow","max-snippet":"max-snippet:-1","max-image-preview":"max-image-preview:large","max-video-preview":"max-video-preview:-1"},"canonical":"https:\/\/nopapodasgurias.com\/it\/terms\/","og_locale":"it_IT","og_type":"article","og_title":"Termos e Condi\u00e7\u00f5es Gerais de Uso - No Papo Das Gurias","og_description":"No Papo das Gurias A plataforma No Papo das Gurias, uma iniciativa de uma empresa de responsabilidade&nbsp; limitada estoniana (LLC, tamb\u00e9m conhecida como MINUTO VIP O\u00dc), registrada sob o n\u00famero 16698741 e sediada em Tallinn, na Rua Rotermanni tn 14-32, CEP 10111, Harju, Est\u00f4nia, \u00e9 a criadora, propriet\u00e1ria e administradora do website No Papo das&hellip; Continue reading Termos e Condi\u00e7\u00f5es Gerais de Uso","og_url":"https:\/\/nopapodasgurias.com\/it\/terms\/","og_site_name":"No Papo Das Gurias","article_modified_time":"2024-05-13T17:11:52+00:00","twitter_card":"summary_large_image","twitter_misc":{"Est. reading time":"5 minuti"},"schema":{"@context":"https:\/\/schema.org","@graph":[{"@type":"WebPage","@id":"https:\/\/nopapodasgurias.com\/terms\/","url":"https:\/\/nopapodasgurias.com\/terms\/","name":"Termos e Condi\u00e7\u00f5es Gerais de Uso - No Papo Das Gurias","isPartOf":{"@id":"https:\/\/nopapodasgurias.com\/#website"},"datePublished":"2024-05-09T17:05:08+00:00","dateModified":"2024-05-13T17:11:52+00:00","breadcrumb":{"@id":"https:\/\/nopapodasgurias.com\/terms\/#breadcrumb"},"inLanguage":"it-IT","potentialAction":[{"@type":"ReadAction","target":["https:\/\/nopapodasgurias.com\/terms\/"]}]},{"@type":"BreadcrumbList","@id":"https:\/\/nopapodasgurias.com\/terms\/#breadcrumb","itemListElement":[{"@type":"ListItem","position":1,"name":"Home","item":"https:\/\/nopapodasgurias.com\/"},{"@type":"ListItem","position":2,"name":"Termos e Condi\u00e7\u00f5es Gerais de Uso"}]},{"@type":"WebSite","@id":"https:\/\/nopapodasgurias.com\/#website","url":"https:\/\/nopapodasgurias.com\/","name":"No Papo Das Gurias","description":"","potentialAction":[{"@type":"SearchAction","target":{"@type":"EntryPoint","urlTemplate":"https:\/\/nopapodasgurias.com\/?s={search_term_string}"},"query-input":"required name=search_term_string"}],"inLanguage":"it-IT"}]}},"_links":{"self":[{"href":"https:\/\/nopapodasgurias.com\/it\/wp-json\/wp\/v2\/pages\/137"}],"collection":[{"href":"https:\/\/nopapodasgurias.com\/it\/wp-json\/wp\/v2\/pages"}],"about":[{"href":"https:\/\/nopapodasgurias.com\/it\/wp-json\/wp\/v2\/types\/page"}],"author":[{"embeddable":true,"href":"https:\/\/nopapodasgurias.com\/it\/wp-json\/wp\/v2\/users\/5"}],"replies":[{"embeddable":true,"href":"https:\/\/nopapodasgurias.com\/it\/wp-json\/wp\/v2\/comments?post=137"}],"version-history":[{"count":2,"href":"https:\/\/nopapodasgurias.com\/it\/wp-json\/wp\/v2\/pages\/137\/revisions"}],"predecessor-version":[{"id":159,"href":"https:\/\/nopapodasgurias.com\/it\/wp-json\/wp\/v2\/pages\/137\/revisions\/159"}],"wp:attachment":[{"href":"https:\/\/nopapodasgurias.com\/it\/wp-json\/wp\/v2\/media?parent=137"}],"curies":[{"name":"wp","href":"https:\/\/api.w.org\/{rel}","templated":true}]}}