{"id":139,"date":"2024-05-09T17:12:16","date_gmt":"2024-05-09T17:12:16","guid":{"rendered":"https:\/\/nopapodasgurias.com\/?page_id=139"},"modified":"2025-12-11T18:26:11","modified_gmt":"2025-12-11T18:26:11","slug":"about","status":"publish","type":"page","link":"https:\/\/nopapodasgurias.com\/fr\/about\/","title":{"rendered":"Sur"},"content":{"rendered":"<!--advertisement--><div class=\"mx-5 sm:mx-0 sm:text-3xl text-2xl font-medium title-font mb-4 text-gray-900 text-left\">\n<h2 class=\"wp-block-heading\">Envie de d\u00e9couvrir quelque chose de nouveau aujourd&#039;hui ?<\/h2>\n<\/div><div class=\"mx-5 sm:mx-0 prose leading-relaxed text-lg mb-5 text-left wp-paragraph\">\n<p>N\u0153ud <strong>Discussion entre filles<\/strong>Notre mission est de partager du contenu inspirant et qui simplifie votre quotidien. Nous sommes convaincus qu&#039;une information de qualit\u00e9 peut transformer les routines et faciliter l&#039;acc\u00e8s aux ressources num\u00e9riques, que ce soit dans le domaine des soins personnels ou de l&#039;utilisation des ressources num\u00e9riques.<\/p>\n<\/div><div class=\"mx-5 sm:mx-0 prose leading-relaxed text-lg mb-5 text-left wp-paragraph\">\n<p>Vous trouverez ici tout ce qu&#039;il vous faut, des conseils bien-\u00eatre et estime de soi aux derni\u00e8res nouveaut\u00e9s en mati\u00e8re de jeux, d&#039;applications et de technologies pour rendre votre vie plus pratique, amusante et connect\u00e9e. Notre objectif est de vous tenir inform\u00e9 en combinant tendances, faits int\u00e9ressants et outils utiles pour vous aider \u00e0 gagner en confiance et \u00e0 vous pr\u00e9parer \u00e0 l&#039;avenir.<\/p>\n<\/div><!--advertisement--><div class=\"mx-5 sm:mx-0 sm:text-3xl text-2xl font-medium title-font mb-4 text-gray-900 text-left\">\n<h2 class=\"wp-block-heading\">Qui sommes-nous ?<\/h2>\n<\/div><div class=\"mx-5 sm:mx-0 prose leading-relaxed text-lg mb-5 text-left wp-paragraph\">\n<p>LE <strong>Discussion entre filles<\/strong> est n\u00e9 du d\u00e9sir de partager des exp\u00e9riences, des id\u00e9es et des conseils qui font vraiment la diff\u00e9rence au quotidien. Aujourd&#039;hui, nous avons \u00e9largi notre contenu au-del\u00e0 de l&#039;univers f\u00e9minin, en vous proposant \u00e9galement les derni\u00e8res nouveaut\u00e9s en mati\u00e8re de technologie, d&#039;applications et de divertissement. Nous souhaitons vous accompagner dans ce voyage de d\u00e9couverte et d&#039;apprentissage, toujours avec une touche de l\u00e9g\u00e8ret\u00e9 et d&#039;intimit\u00e9.<\/p>\n<\/div><!--advertisement--><div class=\"mx-5 sm:mx-0 sm:text-3xl text-2xl font-medium title-font mb-4 text-gray-900 text-left\">\n<h2 class=\"wp-block-heading\" id=\"h-sua-opiniao-e-importante\">Votre avis est important<\/h2>\n<\/div><div class=\"mx-5 sm:mx-0 prose leading-relaxed text-lg mb-5 text-left wp-paragraph\">\n<p>Nous appr\u00e9cions grandement vos suggestions. N&#039;h\u00e9sitez pas \u00e0 <a style=\" color:;\" href=\"https:\/\/nopapodasgurias.com\/fr\/contact\/\">envoyez-nous un message<\/a>!<\/p>\n<\/div><!--advertisement--><div class=\"mx-5 sm:mx-0 sm:text-3xl text-2xl font-medium title-font mb-4 text-gray-900 text-left\">\n<h2 class=\"wp-block-heading\"><strong>Clause de non-responsabilit\u00e9:<\/strong><\/h2>\n<\/div><div class=\"mx-5 sm:mx-0 prose leading-relaxed text-lg mb-5 text-left wp-paragraph\">\n<p>Le site No Papo das Gurias propose des contenus informatifs sur les rencontres et les relations, mais n&#039;agit pas comme interm\u00e9diaire et ne garantit aucun r\u00e9sultat. Les informations publi\u00e9es ne visent pas \u00e0 recommander, encourager ou assurer une quelconque rencontre ou interaction personnelle. <\/p>\n<\/div><div class=\"mx-5 sm:mx-0 prose leading-relaxed text-lg mb-5 text-left wp-paragraph\">\n<p>L\u2019utilisateur est seul responsable de ses d\u00e9cisions personnelles et le site web d\u00e9cline toute responsabilit\u00e9 quant aux cons\u00e9quences d\u00e9coulant de l\u2019utilisation de ces informations. En acc\u00e9dant au contenu, l\u2019utilisateur accepte que les interactions et les d\u00e9cisions prises rel\u00e8vent de sa seule responsabilit\u00e9.<\/p>\n<\/div>","protected":false},"excerpt":{"rendered":"<p>Envie de d\u00e9couvrir quelque chose de nouveau aujourd&#039;hui\u00a0? Chez Papo das Gurias, notre mission est de partager des contenus qui inspirent et simplifient votre quotidien. Nous sommes convaincus qu&#039;une information de qualit\u00e9 peut transformer vos habitudes et vous apporter de la l\u00e9g\u00e8ret\u00e9, que ce soit dans le domaine du bien-\u00eatre ou de l&#039;utilisation des ressources num\u00e9riques. Vous trouverez ici des conseils bien-\u00eatre, des astuces pour booster votre confiance en vous et bien plus encore\u2026 <a class=\"more-link\" href=\"https:\/\/nopapodasgurias.com\/fr\/about\/\">Continuer \u00e0 lire <span class=\"screen-reader-text\">Sur<\/span><\/a><\/p>","protected":false},"author":5,"featured_media":0,"parent":0,"menu_order":0,"comment_status":"closed","ping_status":"closed","template":"","meta":{"footnotes":""},"yoast_head":"<!-- This site is optimized with the Yoast SEO plugin v23.3 - https:\/\/yoast.com\/wordpress\/plugins\/seo\/ -->\n<title>Sobre - No Papo Das Gurias<\/title>\n<meta name=\"robots\" content=\"index, follow, max-snippet:-1, max-image-preview:large, max-video-preview:-1\" \/>\n<link rel=\"canonical\" href=\"https:\/\/nopapodasgurias.com\/fr\/about\/\" \/>\n<meta property=\"og:locale\" content=\"fr_FR\" \/>\n<meta property=\"og:type\" content=\"article\" \/>\n<meta property=\"og:title\" content=\"Sobre - No Papo Das Gurias\" \/>\n<meta property=\"og:description\" content=\"Interessada em descobrir algo novo hoje? No Papo das Gurias, nossa miss\u00e3o \u00e9 compartilhar conte\u00fados que inspiram e facilitam o seu dia a dia. Acreditamos que informa\u00e7\u00e3o de qualidade pode transformar rotinas e trazer leveza, seja no cuidado pessoal, seja no uso de recursos digitais. Aqui voc\u00ea encontra desde dicas de bem-estar e autoestima at\u00e9&hellip; Continue reading Sobre\" \/>\n<meta property=\"og:url\" content=\"https:\/\/nopapodasgurias.com\/fr\/about\/\" \/>\n<meta property=\"og:site_name\" content=\"No Papo Das Gurias\" \/>\n<meta property=\"article:modified_time\" content=\"2025-12-11T18:26:11+00:00\" \/>\n<meta name=\"twitter:card\" content=\"summary_large_image\" \/>\n<meta name=\"twitter:label1\" content=\"Est. reading time\" \/>\n\t<meta name=\"twitter:data1\" content=\"2 minutes\" \/>\n<script type=\"application\/ld+json\" class=\"yoast-schema-graph\">{\"@context\":\"https:\/\/schema.org\",\"@graph\":[{\"@type\":\"WebPage\",\"@id\":\"https:\/\/nopapodasgurias.com\/about\/\",\"url\":\"https:\/\/nopapodasgurias.com\/about\/\",\"name\":\"Sobre - No Papo Das Gurias\",\"isPartOf\":{\"@id\":\"https:\/\/nopapodasgurias.com\/#website\"},\"datePublished\":\"2024-05-09T17:12:16+00:00\",\"dateModified\":\"2025-12-11T18:26:11+00:00\",\"breadcrumb\":{\"@id\":\"https:\/\/nopapodasgurias.com\/about\/#breadcrumb\"},\"inLanguage\":\"fr-FR\",\"potentialAction\":[{\"@type\":\"ReadAction\",\"target\":[\"https:\/\/nopapodasgurias.com\/about\/\"]}]},{\"@type\":\"BreadcrumbList\",\"@id\":\"https:\/\/nopapodasgurias.com\/about\/#breadcrumb\",\"itemListElement\":[{\"@type\":\"ListItem\",\"position\":1,\"name\":\"Home\",\"item\":\"https:\/\/nopapodasgurias.com\/\"},{\"@type\":\"ListItem\",\"position\":2,\"name\":\"Sobre\"}]},{\"@type\":\"WebSite\",\"@id\":\"https:\/\/nopapodasgurias.com\/#website\",\"url\":\"https:\/\/nopapodasgurias.com\/\",\"name\":\"No Papo Das Gurias\",\"description\":\"\",\"potentialAction\":[{\"@type\":\"SearchAction\",\"target\":{\"@type\":\"EntryPoint\",\"urlTemplate\":\"https:\/\/nopapodasgurias.com\/?s={search_term_string}\"},\"query-input\":\"required name=search_term_string\"}],\"inLanguage\":\"fr-FR\"}]}<\/script>\n<!-- \/ Yoast SEO plugin. -->","yoast_head_json":{"title":"Sobre - No Papo Das Gurias","robots":{"index":"index","follow":"follow","max-snippet":"max-snippet:-1","max-image-preview":"max-image-preview:large","max-video-preview":"max-video-preview:-1"},"canonical":"https:\/\/nopapodasgurias.com\/fr\/about\/","og_locale":"fr_FR","og_type":"article","og_title":"Sobre - No Papo Das Gurias","og_description":"Interessada em descobrir algo novo hoje? No Papo das Gurias, nossa miss\u00e3o \u00e9 compartilhar conte\u00fados que inspiram e facilitam o seu dia a dia. Acreditamos que informa\u00e7\u00e3o de qualidade pode transformar rotinas e trazer leveza, seja no cuidado pessoal, seja no uso de recursos digitais. Aqui voc\u00ea encontra desde dicas de bem-estar e autoestima at\u00e9&hellip; Continue reading Sobre","og_url":"https:\/\/nopapodasgurias.com\/fr\/about\/","og_site_name":"No Papo Das Gurias","article_modified_time":"2025-12-11T18:26:11+00:00","twitter_card":"summary_large_image","twitter_misc":{"Est. reading time":"2 minutes"},"schema":{"@context":"https:\/\/schema.org","@graph":[{"@type":"WebPage","@id":"https:\/\/nopapodasgurias.com\/about\/","url":"https:\/\/nopapodasgurias.com\/about\/","name":"Sobre - No Papo Das Gurias","isPartOf":{"@id":"https:\/\/nopapodasgurias.com\/#website"},"datePublished":"2024-05-09T17:12:16+00:00","dateModified":"2025-12-11T18:26:11+00:00","breadcrumb":{"@id":"https:\/\/nopapodasgurias.com\/about\/#breadcrumb"},"inLanguage":"fr-FR","potentialAction":[{"@type":"ReadAction","target":["https:\/\/nopapodasgurias.com\/about\/"]}]},{"@type":"BreadcrumbList","@id":"https:\/\/nopapodasgurias.com\/about\/#breadcrumb","itemListElement":[{"@type":"ListItem","position":1,"name":"Home","item":"https:\/\/nopapodasgurias.com\/"},{"@type":"ListItem","position":2,"name":"Sobre"}]},{"@type":"WebSite","@id":"https:\/\/nopapodasgurias.com\/#website","url":"https:\/\/nopapodasgurias.com\/","name":"No Papo Das Gurias","description":"","potentialAction":[{"@type":"SearchAction","target":{"@type":"EntryPoint","urlTemplate":"https:\/\/nopapodasgurias.com\/?s={search_term_string}"},"query-input":"required name=search_term_string"}],"inLanguage":"fr-FR"}]}},"_links":{"self":[{"href":"https:\/\/nopapodasgurias.com\/fr\/wp-json\/wp\/v2\/pages\/139"}],"collection":[{"href":"https:\/\/nopapodasgurias.com\/fr\/wp-json\/wp\/v2\/pages"}],"about":[{"href":"https:\/\/nopapodasgurias.com\/fr\/wp-json\/wp\/v2\/types\/page"}],"author":[{"embeddable":true,"href":"https:\/\/nopapodasgurias.com\/fr\/wp-json\/wp\/v2\/users\/5"}],"replies":[{"embeddable":true,"href":"https:\/\/nopapodasgurias.com\/fr\/wp-json\/wp\/v2\/comments?post=139"}],"version-history":[{"count":4,"href":"https:\/\/nopapodasgurias.com\/fr\/wp-json\/wp\/v2\/pages\/139\/revisions"}],"predecessor-version":[{"id":905,"href":"https:\/\/nopapodasgurias.com\/fr\/wp-json\/wp\/v2\/pages\/139\/revisions\/905"}],"wp:attachment":[{"href":"https:\/\/nopapodasgurias.com\/fr\/wp-json\/wp\/v2\/media?parent=139"}],"curies":[{"name":"wp","href":"https:\/\/api.w.org\/{rel}","templated":true}]}}