{"id":137,"date":"2024-05-09T17:05:08","date_gmt":"2024-05-09T17:05:08","guid":{"rendered":"https:\/\/nopapodasgurias.com\/?page_id=137"},"modified":"2024-05-13T17:11:52","modified_gmt":"2024-05-13T17:11:52","slug":"terms","status":"publish","type":"page","link":"https:\/\/nopapodasgurias.com\/fr\/terms\/","title":{"rendered":"Conditions g\u00e9n\u00e9rales d&#039;utilisation"},"content":{"rendered":"<!--advertisement--><div class=\"mx-5 sm:mx-0 sm:text-3xl text-2xl font-medium title-font mb-4 text-gray-900 text-left\">\n<h2 class=\"wp-block-heading\" id=\"h-no-papo-das-gurias\">Dans le discours des filles<\/h2>\n<\/div><div class=\"mx-5 sm:mx-0 prose leading-relaxed text-lg mb-5 text-left wp-paragraph\">\n<p>La plateforme No Papo das Gurias, une initiative d&#039;une soci\u00e9t\u00e9 estonienne \u00e0 responsabilit\u00e9 limit\u00e9e (LLC, \u00e9galement connue sous le nom de MINUTO VIP O\u00dc), enregistr\u00e9e sous le num\u00e9ro 16698741 et dont le si\u00e8ge est \u00e0 Tallinn, rue Rotermanni tn 14-32, CEP 10111, Harju, Estonie, est le cr\u00e9ateur, propri\u00e9taire et administrateur du site No Papo das Gurias, accessible via l&#039;adresse <a style=\" color:;\" href=\"http:\/\/nopapodasgurias.com\/fr\/\">nopapodasgurias.com<\/a>.<\/p>\n<\/div><div class=\"mx-5 sm:mx-0 prose leading-relaxed text-lg mb-5 text-left wp-paragraph\">\n<p>No Papo das Gurias est une plateforme en ligne d\u00e9di\u00e9e \u00e0 la production de contenus destin\u00e9s \u00e0 un public f\u00e9minin, fournissant des informations et des analyses sur une vari\u00e9t\u00e9 de sujets (tels que la mode, la beaut\u00e9, la sant\u00e9, entre autres).<\/p>\n<\/div><div class=\"mx-5 sm:mx-0 prose leading-relaxed text-lg mb-5 text-left wp-paragraph\">\n<p>Nos Conditions G\u00e9n\u00e9rales d\u2019Utilisation sont consultables \u00e0 tout moment par les utilisateurs via le lien suivant : <a style=\" color:;\" href=\"https:\/\/nopapodasgurias.com\/fr\/terms\/\">https:\/\/nopapodasgurias.com\/terms\/<\/a>\u00a0<\/p>\n<\/div><div class=\"mx-5 sm:mx-0 prose leading-relaxed text-lg mb-5 text-left wp-paragraph\">\n<p>Ces conditions, ainsi que l&#039;utilisation du site Web, sont compl\u00e9t\u00e9es par les informations contenues dans la politique de confidentialit\u00e9 de No Papo das Gurias, accessible \u00e0 l&#039;adresse suivante\u00a0: <a style=\" color:;\" href=\"https:\/\/nopapodasgurias.com\/fr\/privacy-policy\/\">https:\/\/nopapodasgurias.com\/privacy-policy<\/a>, et sont soumis aux lois en vigueur.<\/p>\n<\/div><div class=\"mx-5 sm:mx-0 prose leading-relaxed text-lg mb-5 text-left wp-paragraph\">\n<p>Par cons\u00e9quent, le but du R\u00e8glement et des Conditions G\u00e9n\u00e9rales d\u2019Utilisation est de clarifier les responsabilit\u00e9s, obligations et devoirs de tous les utilisateurs lors de l\u2019acc\u00e8s et\/ou de l\u2019utilisation du site No Papo das Gurias, comme d\u00e9taill\u00e9 ci-dessous.<\/p>\n<\/div><div class=\"mx-5 sm:mx-0 prose leading-relaxed text-lg mb-5 text-left wp-paragraph\">\n<p>Il est important de souligner que nous n&#039;intervenons pas dans les processus d&#039;\u00e9valuation et\/ou d&#039;autorisation des demandes ou des propositions, la d\u00e9cision finale sur ces questions relevant exclusivement de la responsabilit\u00e9 des utilisateurs, conform\u00e9ment \u00e0 leurs propres crit\u00e8res et politiques.<\/p>\n<\/div><!--advertisement--><div class=\"mx-5 sm:mx-0 sm:text-3xl text-2xl font-medium title-font mb-4 text-gray-900 text-left\">\n<h2 class=\"wp-block-heading\" id=\"h-1-da-aceitacao\">1. ACCEPTATION<\/h2>\n<\/div><div class=\"mx-5 sm:mx-0 prose leading-relaxed text-lg mb-5 text-left wp-paragraph\">\n<p>1.1. En acc\u00e9dant \u00e0 No Papo das Gurias, l&#039;utilisateur D\u00c9CLARE son accord \u00e0 adh\u00e9rer aux Conditions G\u00e9n\u00e9rales d&#039;Utilisation et aux <a style=\" color:;\" href=\"https:\/\/nopapodasgurias.com\/fr\/privacy-policy\/\">No Papo das Gurias Politique de confidentialit\u00e9<\/a>.<\/p>\n<\/div><div class=\"mx-5 sm:mx-0 prose leading-relaxed text-lg mb-5 text-left wp-paragraph\">\n<p>1.2. L&#039;utilisation de No Papo das Gurias implique la d\u00e9claration que l&#039;utilisateur est \u00e2g\u00e9 d&#039;au moins 18 ans et poss\u00e8de la pleine capacit\u00e9 juridique pour accepter les pr\u00e9sentes conditions g\u00e9n\u00e9rales d&#039;utilisation \u00e0 toutes fins l\u00e9gales.<\/p>\n<\/div><div class=\"mx-5 sm:mx-0 prose leading-relaxed text-lg mb-5 text-left wp-paragraph\">\n<p>1.3. Si l&#039;utilisateur ne r\u00e9pond pas aux crit\u00e8res mentionn\u00e9s ci-dessus et\/ou n&#039;est pas d&#039;accord avec les conditions pr\u00e9sent\u00e9es ici, il ne doit pas acc\u00e9der et\/ou utiliser les services et contenus fournis par No Papo das Gurias, ainsi que les sites Web et services exploit\u00e9s par No Papo das Gurias.<\/p>\n<\/div><!--advertisement--><div class=\"mx-5 sm:mx-0 sm:text-3xl text-2xl font-medium title-font mb-4 text-gray-900 text-left\">\n<h2 class=\"wp-block-heading\" id=\"h-2-contato\">2. CONTACTER<\/h2>\n<\/div><div class=\"mx-5 sm:mx-0 prose leading-relaxed text-lg mb-5 text-left wp-paragraph\">\n<p>2.1. Les utilisateurs sont autoris\u00e9s \u00e0 utiliser ce service pour clarifier des doutes, r\u00e9soudre des probl\u00e8mes, soumettre des plaintes ou obtenir plus d&#039;informations sur les produits\/services fournis par No Papo das Gurias.<\/p>\n<\/div><div class=\"mx-5 sm:mx-0 prose leading-relaxed text-lg mb-5 text-left wp-paragraph\">\n<p>2.2. La prise de contact peut \u00eatre effectu\u00e9e via le formulaire disponible \u00e0 l&#039;adresse suivante : <a style=\" color:;\" href=\"https:\/\/nopapodasgurias.com\/fr\/contact\/\">https:\/\/nopapodasgurias.com\/contact\/<\/a>&nbsp;<\/p>\n<\/div><!--advertisement--><div class=\"mx-5 sm:mx-0 sm:text-3xl text-2xl font-medium title-font mb-4 text-gray-900 text-left\">\n<h2 class=\"wp-block-heading\" id=\"h-3-das-responsabilidades-das-partes\">3. RESPONSABILIT\u00c9S DES PARTIES<\/h2>\n<\/div><div class=\"mx-5 sm:mx-0 prose leading-relaxed text-lg mb-5 text-left wp-paragraph\">\n<p>3.1. Il est essentiel que l&#039;utilisateur lise attentivement toutes les clauses du pr\u00e9sent document et du <a style=\" color:;\" href=\"https:\/\/nopapodasgurias.com\/fr\/privacy-policy\/\">politique de confidentialit\u00e9<\/a>. En utilisant les services et\/ou produits propos\u00e9s par No Papo das Gurias, vous acceptez pleinement toutes les clauses et conditions d\u00e9crites ici.<\/p>\n<\/div><div class=\"mx-5 sm:mx-0 prose leading-relaxed text-lg mb-5 text-left wp-paragraph\">\n<p>3.2. No Papo das Gurias fournit des liens et\/ou dirige l&#039;utilisateur vers d&#039;autres sites Web, o\u00f9 il est possible de contracter des services et\/ou d&#039;acheter des produits aupr\u00e8s de soci\u00e9t\u00e9s tierces, sans intervention de No Papo das Gurias.<\/p>\n<\/div><div class=\"mx-5 sm:mx-0 prose leading-relaxed text-lg mb-5 text-left wp-paragraph\">\n<p>3.3. Si l&#039;utilisateur est dirig\u00e9 vers le site Internet d&#039;une soci\u00e9t\u00e9 de publicit\u00e9, il est essentiel qu&#039;il lise et accepte les termes et conditions d&#039;utilisation, ainsi que la politique de confidentialit\u00e9 de la soci\u00e9t\u00e9 en question.<\/p>\n<\/div><div class=\"mx-5 sm:mx-0 prose leading-relaxed text-lg mb-5 text-left wp-paragraph\">\n<p>3.4. Non, Papo das Gurias n&#039;est pas responsable des conditions d&#039;utilisation et des politiques de confidentialit\u00e9 des entreprises annonc\u00e9es, ni des informations sur les services\/produits.<\/p>\n<\/div><div class=\"mx-5 sm:mx-0 prose leading-relaxed text-lg mb-5 text-left wp-paragraph\">\n<p>3.5. Non, Papo das Gurias n&#039;assume aucune responsabilit\u00e9 pour tout logiciel malveillant susceptible d&#039;endommager ou de modifier les param\u00e8tres des appareils des utilisateurs \u00e0 la suite de la navigation sur Internet ou du transfert de donn\u00e9es.<\/p>\n<\/div><div class=\"mx-5 sm:mx-0 prose leading-relaxed text-lg mb-5 text-left wp-paragraph\">\n<p>3.6. Il appartient uniquement aux utilisateurs de maintenir \u00e0 jour le syst\u00e8me d\u2019exploitation et les programmes antivirus.<\/p>\n<\/div><div class=\"mx-5 sm:mx-0 prose leading-relaxed text-lg mb-5 text-left wp-paragraph\">\n<p>3.7. Non Papo das Gurias n&#039;est pas responsable des pertes ou dommages r\u00e9sultant d&#039;une mauvaise utilisation du site Web et\/ou d&#039;\u00e9v\u00e9nements impr\u00e9vus.<\/p>\n<\/div><div class=\"mx-5 sm:mx-0 prose leading-relaxed text-lg mb-5 text-left wp-paragraph\">\n<p>3.8. Non Papo das Gurias n&#039;exige pas de d\u00e9p\u00f4ts ou de virements bancaires pour l&#039;approbation ou l&#039;octroi de produits financiers.<\/p>\n<\/div><div class=\"mx-5 sm:mx-0 prose leading-relaxed text-lg mb-5 text-left wp-paragraph\">\n<p>3.9. Non Papo das Gurias n&#039;envoie pas de messages par e-mail ou SMS pour confirmer des donn\u00e9es ou des enregistrements avec des pi\u00e8ces jointes ex\u00e9cutables, ni des liens pour l&#039;installation. Si vous recevez un message suspect, contactez-nous en utilisant le formulaire disponible sur le site.<\/p>\n<\/div><div class=\"mx-5 sm:mx-0 prose leading-relaxed text-lg mb-5 text-left wp-paragraph\">\n<p>3.10. Il appartient \u00e0 l&#039;utilisateur : de ne pas porter atteinte aux droits de tiers ; n&#039;utilisez pas No Papo das Gurias pour des activit\u00e9s ill\u00e9gales ou inappropri\u00e9es\u00a0; respecter le R\u00e8glement et la Politique de Confidentialit\u00e9, ainsi que la l\u00e9gislation en vigueur.<\/p>\n<\/div><!--advertisement--><div class=\"mx-5 sm:mx-0 sm:text-3xl text-2xl font-medium title-font mb-4 text-gray-900 text-left\">\n<h2 class=\"wp-block-heading\" id=\"h-4-da-modificacao-dos-termos-e-condicoes\">4. MODIFICATION DES TERMES ET CONDITIONS<\/h2>\n<\/div><div class=\"mx-5 sm:mx-0 prose leading-relaxed text-lg mb-5 text-left wp-paragraph\">\n<p>4.1. Les Conditions G\u00e9n\u00e9rales d&#039;Utilisation de No Papo das Gurias peuvent \u00eatre modifi\u00e9es, compl\u00e9t\u00e9es ou remplac\u00e9es \u00e0 tout moment, \u00e0 la seule discr\u00e9tion de No Papo das Gurias, sans avoir \u00e0 en informer ou avertir pr\u00e9alablement les utilisateurs.<\/p>\n<\/div><div class=\"mx-5 sm:mx-0 prose leading-relaxed text-lg mb-5 text-left wp-paragraph\">\n<p>4.2. Toute personne en d\u00e9saccord avec ces conditions, qui sont obligatoires et contraignantes, doit cesser d&#039;utiliser le site No Papo das Gurias.<\/p>\n<\/div><!--advertisement--><div class=\"mx-5 sm:mx-0 sm:text-3xl text-2xl font-medium title-font mb-4 text-gray-900 text-left\">\n<h2 class=\"wp-block-heading\" id=\"h-5-vigencia-e-prazo-decadencial\">5. DUR\u00c9E ET D\u00c9LAI<\/h2>\n<\/div><div class=\"mx-5 sm:mx-0 prose leading-relaxed text-lg mb-5 text-left wp-paragraph\">\n<p>5.1. Les pr\u00e9sentes Conditions G\u00e9n\u00e9rales d&#039;Utilisation sont valables pour une dur\u00e9e ind\u00e9termin\u00e9e. Les r\u00e9clamations judiciaires ou administratives r\u00e9sultant de l&#039;utilisation de No Papo das Gurias doivent \u00eatre d\u00e9pos\u00e9es dans les 90 jours suivant l&#039;\u00e9v\u00e9nement qui y a donn\u00e9 lieu.<\/p>\n<\/div><!--advertisement--><div class=\"mx-5 sm:mx-0 sm:text-3xl text-2xl font-medium title-font mb-4 text-gray-900 text-left\">\n<h2 class=\"wp-block-heading\" id=\"h-6-da-legislacao-e-foro-de-eleicao\">6. FORUM L\u00c9GISLATION ET \u00c9LECTION<\/h2>\n<\/div><div class=\"mx-5 sm:mx-0 prose leading-relaxed text-lg mb-5 text-left wp-paragraph\">\n<p>6.1. Les pr\u00e9sentes conditions g\u00e9n\u00e9rales d&#039;utilisation, ainsi que la politique de confidentialit\u00e9, sont r\u00e9gies par les lois de la R\u00e9publique f\u00e9d\u00e9rative du Br\u00e9sil.<\/p>\n<\/div><div class=\"mx-5 sm:mx-0 prose leading-relaxed text-lg mb-5 text-left wp-paragraph\">\n<p>6.2. Pour toute question relative aux pr\u00e9sentes Conditions et \u00e0 la Politique de confidentialit\u00e9, les parties acceptent et renoncent \u00e0 tout autre lieu, en se soumettant \u00e0 la Chambre de commerce de Tallinn, en Estonie (la Cour d&#039;arbitrage de la Chambre de commerce et d&#039;industrie estonienne), pour la r\u00e9solution de tout et toutes les questions ou doutes d\u00e9coulant des pr\u00e9sentes conditions d\u2019utilisation.<\/p>\n<\/div>","protected":false},"excerpt":{"rendered":"<p>No Papo das Gurias La plateforme No Papo das Gurias, une initiative d&#039;une soci\u00e9t\u00e9 \u00e0 responsabilit\u00e9 limit\u00e9e estonienne (LLC, \u00e9galement connue sous le nom de MINUTO VIP O\u00dc), enregistr\u00e9e sous le num\u00e9ro 16698741 et dont le si\u00e8ge social est situ\u00e9 \u00e0 Tallinn, rue Rotermanni tn 14-32, code postal 10111, Harju, Estonie, est le cr\u00e9ateur, le propri\u00e9taire et l&#039;administrateur du site Web No Papo das\u2026 <a class=\"more-link\" href=\"https:\/\/nopapodasgurias.com\/fr\/terms\/\">Continuer \u00e0 lire <span class=\"screen-reader-text\">Conditions g\u00e9n\u00e9rales d&#039;utilisation<\/span><\/a><\/p>","protected":false},"author":5,"featured_media":0,"parent":0,"menu_order":0,"comment_status":"closed","ping_status":"closed","template":"","meta":{"footnotes":""},"yoast_head":"<!-- This site is optimized with the Yoast SEO plugin v23.3 - https:\/\/yoast.com\/wordpress\/plugins\/seo\/ -->\n<title>Termos e Condi\u00e7\u00f5es Gerais de Uso - No Papo Das Gurias<\/title>\n<meta name=\"robots\" content=\"index, follow, max-snippet:-1, max-image-preview:large, max-video-preview:-1\" \/>\n<link rel=\"canonical\" href=\"https:\/\/nopapodasgurias.com\/fr\/terms\/\" \/>\n<meta property=\"og:locale\" content=\"fr_FR\" \/>\n<meta property=\"og:type\" content=\"article\" \/>\n<meta property=\"og:title\" content=\"Termos e Condi\u00e7\u00f5es Gerais de Uso - No Papo Das Gurias\" \/>\n<meta property=\"og:description\" content=\"No Papo das Gurias A plataforma No Papo das Gurias, uma iniciativa de uma empresa de responsabilidade&nbsp; limitada estoniana (LLC, tamb\u00e9m conhecida como MINUTO VIP O\u00dc), registrada sob o n\u00famero 16698741 e sediada em Tallinn, na Rua Rotermanni tn 14-32, CEP 10111, Harju, Est\u00f4nia, \u00e9 a criadora, propriet\u00e1ria e administradora do website No Papo das&hellip; Continue reading Termos e Condi\u00e7\u00f5es Gerais de Uso\" \/>\n<meta property=\"og:url\" content=\"https:\/\/nopapodasgurias.com\/fr\/terms\/\" \/>\n<meta property=\"og:site_name\" content=\"No Papo Das Gurias\" \/>\n<meta property=\"article:modified_time\" content=\"2024-05-13T17:11:52+00:00\" \/>\n<meta name=\"twitter:card\" content=\"summary_large_image\" \/>\n<meta name=\"twitter:label1\" content=\"Est. reading time\" \/>\n\t<meta name=\"twitter:data1\" content=\"5 minutes\" \/>\n<script type=\"application\/ld+json\" class=\"yoast-schema-graph\">{\"@context\":\"https:\/\/schema.org\",\"@graph\":[{\"@type\":\"WebPage\",\"@id\":\"https:\/\/nopapodasgurias.com\/terms\/\",\"url\":\"https:\/\/nopapodasgurias.com\/terms\/\",\"name\":\"Termos e Condi\u00e7\u00f5es Gerais de Uso - No Papo Das Gurias\",\"isPartOf\":{\"@id\":\"https:\/\/nopapodasgurias.com\/#website\"},\"datePublished\":\"2024-05-09T17:05:08+00:00\",\"dateModified\":\"2024-05-13T17:11:52+00:00\",\"breadcrumb\":{\"@id\":\"https:\/\/nopapodasgurias.com\/terms\/#breadcrumb\"},\"inLanguage\":\"fr-FR\",\"potentialAction\":[{\"@type\":\"ReadAction\",\"target\":[\"https:\/\/nopapodasgurias.com\/terms\/\"]}]},{\"@type\":\"BreadcrumbList\",\"@id\":\"https:\/\/nopapodasgurias.com\/terms\/#breadcrumb\",\"itemListElement\":[{\"@type\":\"ListItem\",\"position\":1,\"name\":\"Home\",\"item\":\"https:\/\/nopapodasgurias.com\/\"},{\"@type\":\"ListItem\",\"position\":2,\"name\":\"Termos e Condi\u00e7\u00f5es Gerais de Uso\"}]},{\"@type\":\"WebSite\",\"@id\":\"https:\/\/nopapodasgurias.com\/#website\",\"url\":\"https:\/\/nopapodasgurias.com\/\",\"name\":\"No Papo Das Gurias\",\"description\":\"\",\"potentialAction\":[{\"@type\":\"SearchAction\",\"target\":{\"@type\":\"EntryPoint\",\"urlTemplate\":\"https:\/\/nopapodasgurias.com\/?s={search_term_string}\"},\"query-input\":\"required name=search_term_string\"}],\"inLanguage\":\"fr-FR\"}]}<\/script>\n<!-- \/ Yoast SEO plugin. -->","yoast_head_json":{"title":"Termos e Condi\u00e7\u00f5es Gerais de Uso - No Papo Das Gurias","robots":{"index":"index","follow":"follow","max-snippet":"max-snippet:-1","max-image-preview":"max-image-preview:large","max-video-preview":"max-video-preview:-1"},"canonical":"https:\/\/nopapodasgurias.com\/fr\/terms\/","og_locale":"fr_FR","og_type":"article","og_title":"Termos e Condi\u00e7\u00f5es Gerais de Uso - No Papo Das Gurias","og_description":"No Papo das Gurias A plataforma No Papo das Gurias, uma iniciativa de uma empresa de responsabilidade&nbsp; limitada estoniana (LLC, tamb\u00e9m conhecida como MINUTO VIP O\u00dc), registrada sob o n\u00famero 16698741 e sediada em Tallinn, na Rua Rotermanni tn 14-32, CEP 10111, Harju, Est\u00f4nia, \u00e9 a criadora, propriet\u00e1ria e administradora do website No Papo das&hellip; Continue reading Termos e Condi\u00e7\u00f5es Gerais de Uso","og_url":"https:\/\/nopapodasgurias.com\/fr\/terms\/","og_site_name":"No Papo Das Gurias","article_modified_time":"2024-05-13T17:11:52+00:00","twitter_card":"summary_large_image","twitter_misc":{"Est. reading time":"5 minutes"},"schema":{"@context":"https:\/\/schema.org","@graph":[{"@type":"WebPage","@id":"https:\/\/nopapodasgurias.com\/terms\/","url":"https:\/\/nopapodasgurias.com\/terms\/","name":"Termos e Condi\u00e7\u00f5es Gerais de Uso - No Papo Das Gurias","isPartOf":{"@id":"https:\/\/nopapodasgurias.com\/#website"},"datePublished":"2024-05-09T17:05:08+00:00","dateModified":"2024-05-13T17:11:52+00:00","breadcrumb":{"@id":"https:\/\/nopapodasgurias.com\/terms\/#breadcrumb"},"inLanguage":"fr-FR","potentialAction":[{"@type":"ReadAction","target":["https:\/\/nopapodasgurias.com\/terms\/"]}]},{"@type":"BreadcrumbList","@id":"https:\/\/nopapodasgurias.com\/terms\/#breadcrumb","itemListElement":[{"@type":"ListItem","position":1,"name":"Home","item":"https:\/\/nopapodasgurias.com\/"},{"@type":"ListItem","position":2,"name":"Termos e Condi\u00e7\u00f5es Gerais de Uso"}]},{"@type":"WebSite","@id":"https:\/\/nopapodasgurias.com\/#website","url":"https:\/\/nopapodasgurias.com\/","name":"No Papo Das Gurias","description":"","potentialAction":[{"@type":"SearchAction","target":{"@type":"EntryPoint","urlTemplate":"https:\/\/nopapodasgurias.com\/?s={search_term_string}"},"query-input":"required name=search_term_string"}],"inLanguage":"fr-FR"}]}},"_links":{"self":[{"href":"https:\/\/nopapodasgurias.com\/fr\/wp-json\/wp\/v2\/pages\/137"}],"collection":[{"href":"https:\/\/nopapodasgurias.com\/fr\/wp-json\/wp\/v2\/pages"}],"about":[{"href":"https:\/\/nopapodasgurias.com\/fr\/wp-json\/wp\/v2\/types\/page"}],"author":[{"embeddable":true,"href":"https:\/\/nopapodasgurias.com\/fr\/wp-json\/wp\/v2\/users\/5"}],"replies":[{"embeddable":true,"href":"https:\/\/nopapodasgurias.com\/fr\/wp-json\/wp\/v2\/comments?post=137"}],"version-history":[{"count":2,"href":"https:\/\/nopapodasgurias.com\/fr\/wp-json\/wp\/v2\/pages\/137\/revisions"}],"predecessor-version":[{"id":159,"href":"https:\/\/nopapodasgurias.com\/fr\/wp-json\/wp\/v2\/pages\/137\/revisions\/159"}],"wp:attachment":[{"href":"https:\/\/nopapodasgurias.com\/fr\/wp-json\/wp\/v2\/media?parent=137"}],"curies":[{"name":"wp","href":"https:\/\/api.w.org\/{rel}","templated":true}]}}