{"id":139,"date":"2024-05-09T17:12:16","date_gmt":"2024-05-09T17:12:16","guid":{"rendered":"https:\/\/nopapodasgurias.com\/?page_id=139"},"modified":"2025-12-11T18:26:11","modified_gmt":"2025-12-11T18:26:11","slug":"about","status":"publish","type":"page","link":"https:\/\/nopapodasgurias.com\/es\/about\/","title":{"rendered":"Acerca de"},"content":{"rendered":"<!--advertisement--><div class=\"mx-5 sm:mx-0 sm:text-3xl text-2xl font-medium title-font mb-4 text-gray-900 text-left\">\n<h2 class=\"wp-block-heading\">\u00bfInteresado en descubrir algo nuevo hoy?<\/h2>\n<\/div><div class=\"mx-5 sm:mx-0 prose leading-relaxed text-lg mb-5 text-left wp-paragraph\">\n<p>Nodo <strong>Chat de chicas<\/strong>Nuestra misi\u00f3n es compartir contenido que inspire y facilite tu d\u00eda a d\u00eda. Creemos que la informaci\u00f3n de calidad puede transformar las rutinas y brindar comodidad, ya sea en el cuidado personal o en el uso de recursos digitales.<\/p>\n<\/div><div class=\"mx-5 sm:mx-0 prose leading-relaxed text-lg mb-5 text-left wp-paragraph\">\n<p>Aqu\u00ed encontrar\u00e1s de todo, desde consejos de bienestar y autoestima hasta lo \u00faltimo en juegos, apps y tecnolog\u00eda que te har\u00e1n la vida m\u00e1s pr\u00e1ctica, divertida y conectada. Nuestro objetivo es mantenerte informado: combinamos tendencias, datos interesantes y herramientas \u00fatiles para ayudarte a sentirte m\u00e1s seguro y preparado para lo que viene.<\/p>\n<\/div><!--advertisement--><div class=\"mx-5 sm:mx-0 sm:text-3xl text-2xl font-medium title-font mb-4 text-gray-900 text-left\">\n<h2 class=\"wp-block-heading\">\u00bfQuienes somos?<\/h2>\n<\/div><div class=\"mx-5 sm:mx-0 prose leading-relaxed text-lg mb-5 text-left wp-paragraph\">\n<p>EL <strong>Chat de chicas<\/strong> Naci\u00f3 con el deseo de compartir experiencias, ideas y consejos que realmente marcan la diferencia en la vida cotidiana. Hoy, hemos expandido nuestro contenido m\u00e1s all\u00e1 del universo femenino, ofreci\u00e9ndote tambi\u00e9n lo \u00faltimo en tecnolog\u00eda, apps y entretenimiento. Queremos acompa\u00f1arte en este viaje de descubrimiento y aprendizaje, siempre con un toque desenfadado e \u00edntimo.<\/p>\n<\/div><!--advertisement--><div class=\"mx-5 sm:mx-0 sm:text-3xl text-2xl font-medium title-font mb-4 text-gray-900 text-left\">\n<h2 class=\"wp-block-heading\" id=\"h-sua-opiniao-e-importante\">Tu opini\u00f3n es importante<\/h2>\n<\/div><div class=\"mx-5 sm:mx-0 prose leading-relaxed text-lg mb-5 text-left wp-paragraph\">\n<p>Valoramos mucho sus sugerencias. Por favor, si\u00e9ntase libre de <a style=\" color:;\" href=\"https:\/\/nopapodasgurias.com\/es\/contact\/\">Mandanos un mensaje<\/a>!<\/p>\n<\/div><!--advertisement--><div class=\"mx-5 sm:mx-0 sm:text-3xl text-2xl font-medium title-font mb-4 text-gray-900 text-left\">\n<h2 class=\"wp-block-heading\"><strong>Descargo de responsabilidad:<\/strong><\/h2>\n<\/div><div class=\"mx-5 sm:mx-0 prose leading-relaxed text-lg mb-5 text-left wp-paragraph\">\n<p>El sitio web No Papo das Gurias ofrece contenido informativo sobre citas y relaciones, pero no act\u00faa como intermediario ni garantiza resultados. La informaci\u00f3n publicada no pretende recomendar, fomentar ni asegurar ning\u00fan tipo de encuentro o interacci\u00f3n personal. <\/p>\n<\/div><div class=\"mx-5 sm:mx-0 prose leading-relaxed text-lg mb-5 text-left wp-paragraph\">\n<p>El usuario es el \u00fanico responsable de sus decisiones personales, y el sitio web no se responsabiliza de las consecuencias derivadas del uso de esta informaci\u00f3n. Al acceder al contenido, el usuario acepta que las interacciones y decisiones que tome son de su exclusiva responsabilidad.<\/p>\n<\/div>","protected":false},"excerpt":{"rendered":"<p>\u00bfTe apetece descubrir algo nuevo hoy? En Papo das Gurias, nuestra misi\u00f3n es compartir contenido que inspire y simplifique tu d\u00eda a d\u00eda. Creemos que la informaci\u00f3n de calidad puede transformar las rutinas y aportar ligereza, tanto en el cuidado personal como en el uso de recursos digitales. Aqu\u00ed encontrar\u00e1s de todo, desde consejos de bienestar y autoestima hasta\u2026 <a class=\"more-link\" href=\"https:\/\/nopapodasgurias.com\/es\/about\/\">sigue leyendo <span class=\"screen-reader-text\">Acerca de<\/span><\/a><\/p>","protected":false},"author":5,"featured_media":0,"parent":0,"menu_order":0,"comment_status":"closed","ping_status":"closed","template":"","meta":{"footnotes":""},"yoast_head":"<!-- This site is optimized with the Yoast SEO plugin v23.3 - https:\/\/yoast.com\/wordpress\/plugins\/seo\/ -->\n<title>Sobre - No Papo Das Gurias<\/title>\n<meta name=\"robots\" content=\"index, follow, max-snippet:-1, max-image-preview:large, max-video-preview:-1\" \/>\n<link rel=\"canonical\" href=\"https:\/\/nopapodasgurias.com\/es\/about\/\" \/>\n<meta property=\"og:locale\" content=\"es_MX\" \/>\n<meta property=\"og:type\" content=\"article\" \/>\n<meta property=\"og:title\" content=\"Sobre - No Papo Das Gurias\" \/>\n<meta property=\"og:description\" content=\"Interessada em descobrir algo novo hoje? No Papo das Gurias, nossa miss\u00e3o \u00e9 compartilhar conte\u00fados que inspiram e facilitam o seu dia a dia. Acreditamos que informa\u00e7\u00e3o de qualidade pode transformar rotinas e trazer leveza, seja no cuidado pessoal, seja no uso de recursos digitais. Aqui voc\u00ea encontra desde dicas de bem-estar e autoestima at\u00e9&hellip; Continue reading Sobre\" \/>\n<meta property=\"og:url\" content=\"https:\/\/nopapodasgurias.com\/es\/about\/\" \/>\n<meta property=\"og:site_name\" content=\"No Papo Das Gurias\" \/>\n<meta property=\"article:modified_time\" content=\"2025-12-11T18:26:11+00:00\" \/>\n<meta name=\"twitter:card\" content=\"summary_large_image\" \/>\n<meta name=\"twitter:label1\" content=\"Est. reading time\" \/>\n\t<meta name=\"twitter:data1\" content=\"2 minutos\" \/>\n<script type=\"application\/ld+json\" class=\"yoast-schema-graph\">{\"@context\":\"https:\/\/schema.org\",\"@graph\":[{\"@type\":\"WebPage\",\"@id\":\"https:\/\/nopapodasgurias.com\/about\/\",\"url\":\"https:\/\/nopapodasgurias.com\/about\/\",\"name\":\"Sobre - No Papo Das Gurias\",\"isPartOf\":{\"@id\":\"https:\/\/nopapodasgurias.com\/#website\"},\"datePublished\":\"2024-05-09T17:12:16+00:00\",\"dateModified\":\"2025-12-11T18:26:11+00:00\",\"breadcrumb\":{\"@id\":\"https:\/\/nopapodasgurias.com\/about\/#breadcrumb\"},\"inLanguage\":\"es-MX\",\"potentialAction\":[{\"@type\":\"ReadAction\",\"target\":[\"https:\/\/nopapodasgurias.com\/about\/\"]}]},{\"@type\":\"BreadcrumbList\",\"@id\":\"https:\/\/nopapodasgurias.com\/about\/#breadcrumb\",\"itemListElement\":[{\"@type\":\"ListItem\",\"position\":1,\"name\":\"Home\",\"item\":\"https:\/\/nopapodasgurias.com\/\"},{\"@type\":\"ListItem\",\"position\":2,\"name\":\"Sobre\"}]},{\"@type\":\"WebSite\",\"@id\":\"https:\/\/nopapodasgurias.com\/#website\",\"url\":\"https:\/\/nopapodasgurias.com\/\",\"name\":\"No Papo Das Gurias\",\"description\":\"\",\"potentialAction\":[{\"@type\":\"SearchAction\",\"target\":{\"@type\":\"EntryPoint\",\"urlTemplate\":\"https:\/\/nopapodasgurias.com\/?s={search_term_string}\"},\"query-input\":\"required name=search_term_string\"}],\"inLanguage\":\"es-MX\"}]}<\/script>\n<!-- \/ Yoast SEO plugin. -->","yoast_head_json":{"title":"Sobre - No Papo Das Gurias","robots":{"index":"index","follow":"follow","max-snippet":"max-snippet:-1","max-image-preview":"max-image-preview:large","max-video-preview":"max-video-preview:-1"},"canonical":"https:\/\/nopapodasgurias.com\/es\/about\/","og_locale":"es_MX","og_type":"article","og_title":"Sobre - No Papo Das Gurias","og_description":"Interessada em descobrir algo novo hoje? No Papo das Gurias, nossa miss\u00e3o \u00e9 compartilhar conte\u00fados que inspiram e facilitam o seu dia a dia. Acreditamos que informa\u00e7\u00e3o de qualidade pode transformar rotinas e trazer leveza, seja no cuidado pessoal, seja no uso de recursos digitais. Aqui voc\u00ea encontra desde dicas de bem-estar e autoestima at\u00e9&hellip; Continue reading Sobre","og_url":"https:\/\/nopapodasgurias.com\/es\/about\/","og_site_name":"No Papo Das Gurias","article_modified_time":"2025-12-11T18:26:11+00:00","twitter_card":"summary_large_image","twitter_misc":{"Est. reading time":"2 minutos"},"schema":{"@context":"https:\/\/schema.org","@graph":[{"@type":"WebPage","@id":"https:\/\/nopapodasgurias.com\/about\/","url":"https:\/\/nopapodasgurias.com\/about\/","name":"Sobre - No Papo Das Gurias","isPartOf":{"@id":"https:\/\/nopapodasgurias.com\/#website"},"datePublished":"2024-05-09T17:12:16+00:00","dateModified":"2025-12-11T18:26:11+00:00","breadcrumb":{"@id":"https:\/\/nopapodasgurias.com\/about\/#breadcrumb"},"inLanguage":"es-MX","potentialAction":[{"@type":"ReadAction","target":["https:\/\/nopapodasgurias.com\/about\/"]}]},{"@type":"BreadcrumbList","@id":"https:\/\/nopapodasgurias.com\/about\/#breadcrumb","itemListElement":[{"@type":"ListItem","position":1,"name":"Home","item":"https:\/\/nopapodasgurias.com\/"},{"@type":"ListItem","position":2,"name":"Sobre"}]},{"@type":"WebSite","@id":"https:\/\/nopapodasgurias.com\/#website","url":"https:\/\/nopapodasgurias.com\/","name":"No Papo Das Gurias","description":"","potentialAction":[{"@type":"SearchAction","target":{"@type":"EntryPoint","urlTemplate":"https:\/\/nopapodasgurias.com\/?s={search_term_string}"},"query-input":"required name=search_term_string"}],"inLanguage":"es-MX"}]}},"_links":{"self":[{"href":"https:\/\/nopapodasgurias.com\/es\/wp-json\/wp\/v2\/pages\/139"}],"collection":[{"href":"https:\/\/nopapodasgurias.com\/es\/wp-json\/wp\/v2\/pages"}],"about":[{"href":"https:\/\/nopapodasgurias.com\/es\/wp-json\/wp\/v2\/types\/page"}],"author":[{"embeddable":true,"href":"https:\/\/nopapodasgurias.com\/es\/wp-json\/wp\/v2\/users\/5"}],"replies":[{"embeddable":true,"href":"https:\/\/nopapodasgurias.com\/es\/wp-json\/wp\/v2\/comments?post=139"}],"version-history":[{"count":4,"href":"https:\/\/nopapodasgurias.com\/es\/wp-json\/wp\/v2\/pages\/139\/revisions"}],"predecessor-version":[{"id":905,"href":"https:\/\/nopapodasgurias.com\/es\/wp-json\/wp\/v2\/pages\/139\/revisions\/905"}],"wp:attachment":[{"href":"https:\/\/nopapodasgurias.com\/es\/wp-json\/wp\/v2\/media?parent=139"}],"curies":[{"name":"wp","href":"https:\/\/api.w.org\/{rel}","templated":true}]}}