{"id":137,"date":"2024-05-09T17:05:08","date_gmt":"2024-05-09T17:05:08","guid":{"rendered":"https:\/\/nopapodasgurias.com\/?page_id=137"},"modified":"2024-05-13T17:11:52","modified_gmt":"2024-05-13T17:11:52","slug":"terms","status":"publish","type":"page","link":"https:\/\/nopapodasgurias.com\/es\/terms\/","title":{"rendered":"T\u00e9rminos y condiciones generales de uso"},"content":{"rendered":"<!--advertisement--><div class=\"mx-5 sm:mx-0 sm:text-3xl text-2xl font-medium title-font mb-4 text-gray-900 text-left\">\n<h2 class=\"wp-block-heading\" id=\"h-no-papo-das-gurias\">En la charla de las chicas<\/h2>\n<\/div><div class=\"mx-5 sm:mx-0 prose leading-relaxed text-lg mb-5 text-left wp-paragraph\">\n<p>La plataforma No Papo das Gurias, una iniciativa de una sociedad de responsabilidad limitada (LLC, tambi\u00e9n conocida como MINUTO VIP O\u00dc) de Estonia, registrada con el n\u00famero 16698741 y con sede en Tallin, en Rotermanni Street tn 14-32, CEP 10111, Harju, Estonia. es el creador, propietario y administrador del sitio web No Papo das Gurias, accesible a trav\u00e9s de la direcci\u00f3n <a style=\" color:;\" href=\"http:\/\/nopapodasgurias.com\/es\/\">nopapodasgurias.com<\/a>.<\/p>\n<\/div><div class=\"mx-5 sm:mx-0 prose leading-relaxed text-lg mb-5 text-left wp-paragraph\">\n<p>No Papo das Gurias es una plataforma online dedicada a producir contenidos dirigidos a un p\u00fablico femenino, brindando informaci\u00f3n y an\u00e1lisis sobre diversos temas (como moda, belleza, salud, entre otros).<\/p>\n<\/div><div class=\"mx-5 sm:mx-0 prose leading-relaxed text-lg mb-5 text-left wp-paragraph\">\n<p>Nuestros T\u00e9rminos y Condiciones Generales de Uso est\u00e1n disponibles para su consulta por parte de los usuarios en cualquier momento a trav\u00e9s del siguiente enlace: <a style=\" color:;\" href=\"https:\/\/nopapodasgurias.com\/es\/terms\/\">https:\/\/nopapodasgurias.com\/terms\/<\/a>\u00a0<\/p>\n<\/div><div class=\"mx-5 sm:mx-0 prose leading-relaxed text-lg mb-5 text-left wp-paragraph\">\n<p>Estos T\u00e9rminos, junto con el uso del sitio web, se complementan con la informaci\u00f3n contenida en la Pol\u00edtica de Privacidad de No Papo das Gurias, accesible en: <a style=\" color:;\" href=\"https:\/\/nopapodasgurias.com\/es\/privacy-policy\/\">https:\/\/nopapodasgurias.com\/privacy-policy<\/a>, y est\u00e1n sujetos a las leyes vigentes.<\/p>\n<\/div><div class=\"mx-5 sm:mx-0 prose leading-relaxed text-lg mb-5 text-left wp-paragraph\">\n<p>Por tanto, el Reglamento y Condiciones Generales de Uso tiene por objeto aclarar las responsabilidades, obligaciones y deberes de todo usuario al acceder y\/o utilizar el sitio web de No Papo das Gurias, tal y como se detalla a continuaci\u00f3n.<\/p>\n<\/div><div class=\"mx-5 sm:mx-0 prose leading-relaxed text-lg mb-5 text-left wp-paragraph\">\n<p>Es importante resaltar que no nos involucramos en procesos de evaluaci\u00f3n y\/o autorizaci\u00f3n de solicitudes o propuestas, siendo la decisi\u00f3n final sobre estos temas responsabilidad exclusiva de los usuarios, de acuerdo con sus propios criterios y pol\u00edticas.<\/p>\n<\/div><!--advertisement--><div class=\"mx-5 sm:mx-0 sm:text-3xl text-2xl font-medium title-font mb-4 text-gray-900 text-left\">\n<h2 class=\"wp-block-heading\" id=\"h-1-da-aceitacao\">1. ACEPTACI\u00d3N<\/h2>\n<\/div><div class=\"mx-5 sm:mx-0 prose leading-relaxed text-lg mb-5 text-left wp-paragraph\">\n<p>1.1. Al acceder a No Papo das Gurias, el usuario DECLARA su conformidad con los T\u00e9rminos y Condiciones Generales de Uso y las <a style=\" color:;\" href=\"https:\/\/nopapodasgurias.com\/es\/privacy-policy\/\">No Papo das Gurias Pol\u00edtica de Privacidad<\/a>.<\/p>\n<\/div><div class=\"mx-5 sm:mx-0 prose leading-relaxed text-lg mb-5 text-left wp-paragraph\">\n<p>1.2. El uso de No Papo das Gurias implica la declaraci\u00f3n de que el usuario tiene al menos 18 a\u00f1os de edad y tiene plena capacidad jur\u00eddica para aceptar estos T\u00e9rminos y Condiciones de Uso para todos los efectos legales.<\/p>\n<\/div><div class=\"mx-5 sm:mx-0 prose leading-relaxed text-lg mb-5 text-left wp-paragraph\">\n<p>1.3. Si el usuario no cumple con los criterios mencionados anteriormente y\/o no est\u00e1 de acuerdo con alguno de los t\u00e9rminos aqu\u00ed presentados, no debe acceder y\/o utilizar los servicios y contenidos proporcionados por No Papo das Gurias, as\u00ed como los sitios web y servicios operados por este.<\/p>\n<\/div><!--advertisement--><div class=\"mx-5 sm:mx-0 sm:text-3xl text-2xl font-medium title-font mb-4 text-gray-900 text-left\">\n<h2 class=\"wp-block-heading\" id=\"h-2-contato\">2. CONTACTO<\/h2>\n<\/div><div class=\"mx-5 sm:mx-0 prose leading-relaxed text-lg mb-5 text-left wp-paragraph\">\n<p>2.1. Los usuarios est\u00e1n autorizados a utilizar este servicio para aclarar dudas, resolver problemas, presentar quejas u obtener m\u00e1s informaci\u00f3n sobre los productos\/servicios proporcionados por No Papo das Gurias.<\/p>\n<\/div><div class=\"mx-5 sm:mx-0 prose leading-relaxed text-lg mb-5 text-left wp-paragraph\">\n<p>2.2. El contacto se puede realizar mediante el formulario disponible en: <a style=\" color:;\" href=\"https:\/\/nopapodasgurias.com\/es\/contact\/\">https:\/\/nopapodasgurias.com\/contact\/<\/a>&nbsp;<\/p>\n<\/div><!--advertisement--><div class=\"mx-5 sm:mx-0 sm:text-3xl text-2xl font-medium title-font mb-4 text-gray-900 text-left\">\n<h2 class=\"wp-block-heading\" id=\"h-3-das-responsabilidades-das-partes\">3. RESPONSABILIDADES DE LAS PARTES<\/h2>\n<\/div><div class=\"mx-5 sm:mx-0 prose leading-relaxed text-lg mb-5 text-left wp-paragraph\">\n<p>3.1. Es imprescindible que el usuario lea atentamente todas las cl\u00e1usulas del presente y del <a style=\" color:;\" href=\"https:\/\/nopapodasgurias.com\/es\/privacy-policy\/\">Pol\u00edtica de privacidad<\/a>. Al utilizar los servicios y\/o productos ofrecidos por No Papo das Gurias, usted acepta plenamente todas las cl\u00e1usulas y condiciones aqu\u00ed descritas.<\/p>\n<\/div><div class=\"mx-5 sm:mx-0 prose leading-relaxed text-lg mb-5 text-left wp-paragraph\">\n<p>3.2. No Papo das Gurias proporciona enlaces y\/o dirige al usuario a otros sitios web, donde es posible contratar servicios y\/o adquirir productos de terceras empresas, sin intervenci\u00f3n de No Papo das Gurias.<\/p>\n<\/div><div class=\"mx-5 sm:mx-0 prose leading-relaxed text-lg mb-5 text-left wp-paragraph\">\n<p>3.3. Si el usuario es dirigido al sitio web de una empresa de publicidad, es fundamental que lea y acepte los t\u00e9rminos y condiciones de uso, as\u00ed como la pol\u00edtica de privacidad de la empresa en cuesti\u00f3n.<\/p>\n<\/div><div class=\"mx-5 sm:mx-0 prose leading-relaxed text-lg mb-5 text-left wp-paragraph\">\n<p>3.4. No Papo das Gurias no es responsable de los t\u00e9rminos de uso y pol\u00edticas de privacidad de las empresas anunciadas, ni de la informaci\u00f3n sobre servicios\/productos.<\/p>\n<\/div><div class=\"mx-5 sm:mx-0 prose leading-relaxed text-lg mb-5 text-left wp-paragraph\">\n<p>3.5. No Papo das Gurias no asume responsabilidad por ning\u00fan software malicioso que pueda da\u00f1ar o modificar la configuraci\u00f3n de los dispositivos de los usuarios como consecuencia de la navegaci\u00f3n por Internet o la transferencia de datos.<\/p>\n<\/div><div class=\"mx-5 sm:mx-0 prose leading-relaxed text-lg mb-5 text-left wp-paragraph\">\n<p>3.6. Corresponde \u00fanicamente a los usuarios mantener actualizados el sistema operativo y los programas antivirus.<\/p>\n<\/div><div class=\"mx-5 sm:mx-0 prose leading-relaxed text-lg mb-5 text-left wp-paragraph\">\n<p>3.7. No Papo das Gurias no se hace responsable de p\u00e9rdidas o da\u00f1os derivados del uso inadecuado del sitio web y\/o de acontecimientos imprevistos.<\/p>\n<\/div><div class=\"mx-5 sm:mx-0 prose leading-relaxed text-lg mb-5 text-left wp-paragraph\">\n<p>3.8. No Papo das Gurias no requiere dep\u00f3sitos ni transferencias bancarias para la aprobaci\u00f3n u otorgamiento de productos financieros.<\/p>\n<\/div><div class=\"mx-5 sm:mx-0 prose leading-relaxed text-lg mb-5 text-left wp-paragraph\">\n<p>3.9. No Papo das Gurias no env\u00eda mensajes por correo electr\u00f3nico o SMS para confirmar datos o registros con archivos adjuntos ejecutables, ni enlaces para su instalaci\u00f3n. Si recibe alg\u00fan mensaje sospechoso, cont\u00e1ctenos mediante el formulario disponible en el sitio web.<\/p>\n<\/div><div class=\"mx-5 sm:mx-0 prose leading-relaxed text-lg mb-5 text-left wp-paragraph\">\n<p>3.10. Es responsabilidad del usuario: no infringir derechos de terceros; no utilice No Papo das Gurias para actividades ilegales o inapropiadas; respetar la Normativa y Pol\u00edtica de Privacidad, as\u00ed como la legislaci\u00f3n vigente.<\/p>\n<\/div><!--advertisement--><div class=\"mx-5 sm:mx-0 sm:text-3xl text-2xl font-medium title-font mb-4 text-gray-900 text-left\">\n<h2 class=\"wp-block-heading\" id=\"h-4-da-modificacao-dos-termos-e-condicoes\">4. MODIFICACI\u00d3N DE T\u00c9RMINOS Y CONDICIONES<\/h2>\n<\/div><div class=\"mx-5 sm:mx-0 prose leading-relaxed text-lg mb-5 text-left wp-paragraph\">\n<p>4.1. Los T\u00e9rminos y Condiciones Generales de Uso de No Papo das Gurias podr\u00e1n ser modificados, complementados o sustituidos en cualquier momento, a exclusivo criterio de No Papo das Gurias, sin necesidad de avisar o notificar previamente a los usuarios.<\/p>\n<\/div><div class=\"mx-5 sm:mx-0 prose leading-relaxed text-lg mb-5 text-left wp-paragraph\">\n<p>4.2. Cualquier persona que no est\u00e9 de acuerdo con estos t\u00e9rminos, que son obligatorios y vinculantes, deber\u00e1 dejar de utilizar el sitio web de No Papo das Gurias.<\/p>\n<\/div><!--advertisement--><div class=\"mx-5 sm:mx-0 sm:text-3xl text-2xl font-medium title-font mb-4 text-gray-900 text-left\">\n<h2 class=\"wp-block-heading\" id=\"h-5-vigencia-e-prazo-decadencial\">5. PLAZO Y PLAZO<\/h2>\n<\/div><div class=\"mx-5 sm:mx-0 prose leading-relaxed text-lg mb-5 text-left wp-paragraph\">\n<p>5.1. Estos T\u00e9rminos y Condiciones Generales de Uso tienen una vigencia indefinida. Las reclamaciones judiciales o administrativas derivadas del uso de No Papo das Gurias deber\u00e1n presentarse dentro de los 90 d\u00edas siguientes al hecho que les dio origen.<\/p>\n<\/div><!--advertisement--><div class=\"mx-5 sm:mx-0 sm:text-3xl text-2xl font-medium title-font mb-4 text-gray-900 text-left\">\n<h2 class=\"wp-block-heading\" id=\"h-6-da-legislacao-e-foro-de-eleicao\">6. LEGISLACI\u00d3N Y FORO ELECTORAL<\/h2>\n<\/div><div class=\"mx-5 sm:mx-0 prose leading-relaxed text-lg mb-5 text-left wp-paragraph\">\n<p>6.1. Estos T\u00e9rminos y Condiciones Generales de Uso, junto con la Pol\u00edtica de Privacidad, se rigen por las leyes de la Rep\u00fablica Federativa de Brasil.<\/p>\n<\/div><div class=\"mx-5 sm:mx-0 prose leading-relaxed text-lg mb-5 text-left wp-paragraph\">\n<p>6.2. Para cualquier asunto relacionado con estos T\u00e9rminos y la Pol\u00edtica de Privacidad, las partes acuerdan y renuncian a cualquier otro fuero, someti\u00e9ndose a la C\u00e1mara de Comercio de Tallin, Estonia (El Tribunal de Arbitraje de la C\u00e1mara de Comercio e Industria de Estonia), para la resoluci\u00f3n de cualquier y todas las preguntas o dudas que surjan de estos t\u00e9rminos de uso.<\/p>\n<\/div>","protected":false},"excerpt":{"rendered":"<p>No Papo das Gurias La plataforma No Papo das Gurias, una iniciativa de una sociedad de responsabilidad limitada estonia (LLC, tambi\u00e9n conocida como MINUTO VIP O\u00dc), registrada con el n\u00famero 16698741 y con sede en Tallin, en la calle Rotermanni tn 14-32, c\u00f3digo postal 10111, Harju, Estonia, es la creadora, propietaria y administradora del sitio web No Papo das\u2026 <a class=\"more-link\" href=\"https:\/\/nopapodasgurias.com\/es\/terms\/\">sigue leyendo <span class=\"screen-reader-text\">T\u00e9rminos y condiciones generales de uso<\/span><\/a><\/p>","protected":false},"author":5,"featured_media":0,"parent":0,"menu_order":0,"comment_status":"closed","ping_status":"closed","template":"","meta":{"footnotes":""},"yoast_head":"<!-- This site is optimized with the Yoast SEO plugin v23.3 - https:\/\/yoast.com\/wordpress\/plugins\/seo\/ -->\n<title>Termos e Condi\u00e7\u00f5es Gerais de Uso - No Papo Das Gurias<\/title>\n<meta name=\"robots\" content=\"index, follow, max-snippet:-1, max-image-preview:large, max-video-preview:-1\" \/>\n<link rel=\"canonical\" href=\"https:\/\/nopapodasgurias.com\/es\/terms\/\" \/>\n<meta property=\"og:locale\" content=\"es_MX\" \/>\n<meta property=\"og:type\" content=\"article\" \/>\n<meta property=\"og:title\" content=\"Termos e Condi\u00e7\u00f5es Gerais de Uso - No Papo Das Gurias\" \/>\n<meta property=\"og:description\" content=\"No Papo das Gurias A plataforma No Papo das Gurias, uma iniciativa de uma empresa de responsabilidade&nbsp; limitada estoniana (LLC, tamb\u00e9m conhecida como MINUTO VIP O\u00dc), registrada sob o n\u00famero 16698741 e sediada em Tallinn, na Rua Rotermanni tn 14-32, CEP 10111, Harju, Est\u00f4nia, \u00e9 a criadora, propriet\u00e1ria e administradora do website No Papo das&hellip; Continue reading Termos e Condi\u00e7\u00f5es Gerais de Uso\" \/>\n<meta property=\"og:url\" content=\"https:\/\/nopapodasgurias.com\/es\/terms\/\" \/>\n<meta property=\"og:site_name\" content=\"No Papo Das Gurias\" \/>\n<meta property=\"article:modified_time\" content=\"2024-05-13T17:11:52+00:00\" \/>\n<meta name=\"twitter:card\" content=\"summary_large_image\" \/>\n<meta name=\"twitter:label1\" content=\"Est. reading time\" \/>\n\t<meta name=\"twitter:data1\" content=\"5 minutos\" \/>\n<script type=\"application\/ld+json\" class=\"yoast-schema-graph\">{\"@context\":\"https:\/\/schema.org\",\"@graph\":[{\"@type\":\"WebPage\",\"@id\":\"https:\/\/nopapodasgurias.com\/terms\/\",\"url\":\"https:\/\/nopapodasgurias.com\/terms\/\",\"name\":\"Termos e Condi\u00e7\u00f5es Gerais de Uso - No Papo Das Gurias\",\"isPartOf\":{\"@id\":\"https:\/\/nopapodasgurias.com\/#website\"},\"datePublished\":\"2024-05-09T17:05:08+00:00\",\"dateModified\":\"2024-05-13T17:11:52+00:00\",\"breadcrumb\":{\"@id\":\"https:\/\/nopapodasgurias.com\/terms\/#breadcrumb\"},\"inLanguage\":\"es-MX\",\"potentialAction\":[{\"@type\":\"ReadAction\",\"target\":[\"https:\/\/nopapodasgurias.com\/terms\/\"]}]},{\"@type\":\"BreadcrumbList\",\"@id\":\"https:\/\/nopapodasgurias.com\/terms\/#breadcrumb\",\"itemListElement\":[{\"@type\":\"ListItem\",\"position\":1,\"name\":\"Home\",\"item\":\"https:\/\/nopapodasgurias.com\/\"},{\"@type\":\"ListItem\",\"position\":2,\"name\":\"Termos e Condi\u00e7\u00f5es Gerais de Uso\"}]},{\"@type\":\"WebSite\",\"@id\":\"https:\/\/nopapodasgurias.com\/#website\",\"url\":\"https:\/\/nopapodasgurias.com\/\",\"name\":\"No Papo Das Gurias\",\"description\":\"\",\"potentialAction\":[{\"@type\":\"SearchAction\",\"target\":{\"@type\":\"EntryPoint\",\"urlTemplate\":\"https:\/\/nopapodasgurias.com\/?s={search_term_string}\"},\"query-input\":\"required name=search_term_string\"}],\"inLanguage\":\"es-MX\"}]}<\/script>\n<!-- \/ Yoast SEO plugin. -->","yoast_head_json":{"title":"Termos e Condi\u00e7\u00f5es Gerais de Uso - No Papo Das Gurias","robots":{"index":"index","follow":"follow","max-snippet":"max-snippet:-1","max-image-preview":"max-image-preview:large","max-video-preview":"max-video-preview:-1"},"canonical":"https:\/\/nopapodasgurias.com\/es\/terms\/","og_locale":"es_MX","og_type":"article","og_title":"Termos e Condi\u00e7\u00f5es Gerais de Uso - No Papo Das Gurias","og_description":"No Papo das Gurias A plataforma No Papo das Gurias, uma iniciativa de uma empresa de responsabilidade&nbsp; limitada estoniana (LLC, tamb\u00e9m conhecida como MINUTO VIP O\u00dc), registrada sob o n\u00famero 16698741 e sediada em Tallinn, na Rua Rotermanni tn 14-32, CEP 10111, Harju, Est\u00f4nia, \u00e9 a criadora, propriet\u00e1ria e administradora do website No Papo das&hellip; Continue reading Termos e Condi\u00e7\u00f5es Gerais de Uso","og_url":"https:\/\/nopapodasgurias.com\/es\/terms\/","og_site_name":"No Papo Das Gurias","article_modified_time":"2024-05-13T17:11:52+00:00","twitter_card":"summary_large_image","twitter_misc":{"Est. reading time":"5 minutos"},"schema":{"@context":"https:\/\/schema.org","@graph":[{"@type":"WebPage","@id":"https:\/\/nopapodasgurias.com\/terms\/","url":"https:\/\/nopapodasgurias.com\/terms\/","name":"Termos e Condi\u00e7\u00f5es Gerais de Uso - No Papo Das Gurias","isPartOf":{"@id":"https:\/\/nopapodasgurias.com\/#website"},"datePublished":"2024-05-09T17:05:08+00:00","dateModified":"2024-05-13T17:11:52+00:00","breadcrumb":{"@id":"https:\/\/nopapodasgurias.com\/terms\/#breadcrumb"},"inLanguage":"es-MX","potentialAction":[{"@type":"ReadAction","target":["https:\/\/nopapodasgurias.com\/terms\/"]}]},{"@type":"BreadcrumbList","@id":"https:\/\/nopapodasgurias.com\/terms\/#breadcrumb","itemListElement":[{"@type":"ListItem","position":1,"name":"Home","item":"https:\/\/nopapodasgurias.com\/"},{"@type":"ListItem","position":2,"name":"Termos e Condi\u00e7\u00f5es Gerais de Uso"}]},{"@type":"WebSite","@id":"https:\/\/nopapodasgurias.com\/#website","url":"https:\/\/nopapodasgurias.com\/","name":"No Papo Das Gurias","description":"","potentialAction":[{"@type":"SearchAction","target":{"@type":"EntryPoint","urlTemplate":"https:\/\/nopapodasgurias.com\/?s={search_term_string}"},"query-input":"required name=search_term_string"}],"inLanguage":"es-MX"}]}},"_links":{"self":[{"href":"https:\/\/nopapodasgurias.com\/es\/wp-json\/wp\/v2\/pages\/137"}],"collection":[{"href":"https:\/\/nopapodasgurias.com\/es\/wp-json\/wp\/v2\/pages"}],"about":[{"href":"https:\/\/nopapodasgurias.com\/es\/wp-json\/wp\/v2\/types\/page"}],"author":[{"embeddable":true,"href":"https:\/\/nopapodasgurias.com\/es\/wp-json\/wp\/v2\/users\/5"}],"replies":[{"embeddable":true,"href":"https:\/\/nopapodasgurias.com\/es\/wp-json\/wp\/v2\/comments?post=137"}],"version-history":[{"count":2,"href":"https:\/\/nopapodasgurias.com\/es\/wp-json\/wp\/v2\/pages\/137\/revisions"}],"predecessor-version":[{"id":159,"href":"https:\/\/nopapodasgurias.com\/es\/wp-json\/wp\/v2\/pages\/137\/revisions\/159"}],"wp:attachment":[{"href":"https:\/\/nopapodasgurias.com\/es\/wp-json\/wp\/v2\/media?parent=137"}],"curies":[{"name":"wp","href":"https:\/\/api.w.org\/{rel}","templated":true}]}}