{"id":139,"date":"2024-05-09T17:12:16","date_gmt":"2024-05-09T17:12:16","guid":{"rendered":"https:\/\/nopapodasgurias.com\/?page_id=139"},"modified":"2025-12-11T18:26:11","modified_gmt":"2025-12-11T18:26:11","slug":"about","status":"publish","type":"page","link":"https:\/\/nopapodasgurias.com\/en\/about\/","title":{"rendered":"About"},"content":{"rendered":"<!--advertisement--><div class=\"mx-5 sm:mx-0 sm:text-3xl text-2xl font-medium title-font mb-4 text-gray-900 text-left\">\n<h2 class=\"wp-block-heading\">Interested in discovering something new today?<\/h2>\n<\/div><div class=\"mx-5 sm:mx-0 prose leading-relaxed text-lg mb-5 text-left wp-paragraph\">\n<p>Node <strong>Girls&#039; Chat<\/strong>, our mission is to share content that inspires and makes your daily life easier. We believe that quality information can transform routines and bring ease, whether in personal care or in the use of digital resources.<\/p>\n<\/div><div class=\"mx-5 sm:mx-0 prose leading-relaxed text-lg mb-5 text-left wp-paragraph\">\n<p>Here you&#039;ll find everything from wellness and self-esteem tips to the latest on games, apps, and technology that make your life more practical, fun, and connected. Our goal is to keep you informed\u2014combining trends, interesting facts, and useful tools to help you feel more confident and prepared for what lies ahead.<\/p>\n<\/div><!--advertisement--><div class=\"mx-5 sm:mx-0 sm:text-3xl text-2xl font-medium title-font mb-4 text-gray-900 text-left\">\n<h2 class=\"wp-block-heading\">Who we are?<\/h2>\n<\/div><div class=\"mx-5 sm:mx-0 prose leading-relaxed text-lg mb-5 text-left wp-paragraph\">\n<p>THE <strong>Girls&#039; Chat<\/strong> was born with the desire to share experiences, ideas, and tips that truly make a difference in everyday life. Today, we&#039;ve expanded our content beyond the female universe, also bringing you the latest in technology, apps, and entertainment. We want to be your companion on this journey of discovery and learning, always with a lighthearted and intimate touch.<\/p>\n<\/div><!--advertisement--><div class=\"mx-5 sm:mx-0 sm:text-3xl text-2xl font-medium title-font mb-4 text-gray-900 text-left\">\n<h2 class=\"wp-block-heading\" id=\"h-sua-opiniao-e-importante\">Your opinion is important<\/h2>\n<\/div><div class=\"mx-5 sm:mx-0 prose leading-relaxed text-lg mb-5 text-left wp-paragraph\">\n<p>We greatly value your suggestions. Please feel free to <a style=\" color:;\" href=\"https:\/\/nopapodasgurias.com\/en\/contact\/\">send us a message<\/a>!<\/p>\n<\/div><!--advertisement--><div class=\"mx-5 sm:mx-0 sm:text-3xl text-2xl font-medium title-font mb-4 text-gray-900 text-left\">\n<h2 class=\"wp-block-heading\"><strong>Disclaimer:<\/strong><\/h2>\n<\/div><div class=\"mx-5 sm:mx-0 prose leading-relaxed text-lg mb-5 text-left wp-paragraph\">\n<p>The website No Papo das Gurias offers informative content related to dating and relationships, but does not act as an intermediary or guarantee results. The information published is not intended to recommend, encourage, or assure any type of meeting or personal interaction. <\/p>\n<\/div><div class=\"mx-5 sm:mx-0 prose leading-relaxed text-lg mb-5 text-left wp-paragraph\">\n<p>The user is solely responsible for their personal decisions, and the website is not liable for any consequences arising from the use of this information. By accessing the content, the user agrees that the interactions and decisions made are their sole responsibility.<\/p>\n<\/div>","protected":false},"excerpt":{"rendered":"<p>Interested in discovering something new today? At Papo das Gurias, our mission is to share content that inspires and simplifies your daily life. We believe that quality information can transform routines and bring lightness, whether in personal care or in the use of digital resources. Here you&#039;ll find everything from wellness and self-esteem tips to\u2026 <a class=\"more-link\" href=\"https:\/\/nopapodasgurias.com\/en\/about\/\">Continue reading <span class=\"screen-reader-text\">About<\/span><\/a><\/p>","protected":false},"author":5,"featured_media":0,"parent":0,"menu_order":0,"comment_status":"closed","ping_status":"closed","template":"","meta":{"footnotes":""},"yoast_head":"<!-- This site is optimized with the Yoast SEO plugin v23.3 - https:\/\/yoast.com\/wordpress\/plugins\/seo\/ -->\n<title>Sobre - No Papo Das Gurias<\/title>\n<meta name=\"robots\" content=\"index, follow, max-snippet:-1, max-image-preview:large, max-video-preview:-1\" \/>\n<link rel=\"canonical\" href=\"https:\/\/nopapodasgurias.com\/en\/about\/\" \/>\n<meta property=\"og:locale\" content=\"en_US\" \/>\n<meta property=\"og:type\" content=\"article\" \/>\n<meta property=\"og:title\" content=\"Sobre - No Papo Das Gurias\" \/>\n<meta property=\"og:description\" content=\"Interessada em descobrir algo novo hoje? No Papo das Gurias, nossa miss\u00e3o \u00e9 compartilhar conte\u00fados que inspiram e facilitam o seu dia a dia. Acreditamos que informa\u00e7\u00e3o de qualidade pode transformar rotinas e trazer leveza, seja no cuidado pessoal, seja no uso de recursos digitais. Aqui voc\u00ea encontra desde dicas de bem-estar e autoestima at\u00e9&hellip; Continue reading Sobre\" \/>\n<meta property=\"og:url\" content=\"https:\/\/nopapodasgurias.com\/en\/about\/\" \/>\n<meta property=\"og:site_name\" content=\"No Papo Das Gurias\" \/>\n<meta property=\"article:modified_time\" content=\"2025-12-11T18:26:11+00:00\" \/>\n<meta name=\"twitter:card\" content=\"summary_large_image\" \/>\n<meta name=\"twitter:label1\" content=\"Est. reading time\" \/>\n\t<meta name=\"twitter:data1\" content=\"2 minutes\" \/>\n<script type=\"application\/ld+json\" class=\"yoast-schema-graph\">{\"@context\":\"https:\/\/schema.org\",\"@graph\":[{\"@type\":\"WebPage\",\"@id\":\"https:\/\/nopapodasgurias.com\/about\/\",\"url\":\"https:\/\/nopapodasgurias.com\/about\/\",\"name\":\"Sobre - No Papo Das Gurias\",\"isPartOf\":{\"@id\":\"https:\/\/nopapodasgurias.com\/#website\"},\"datePublished\":\"2024-05-09T17:12:16+00:00\",\"dateModified\":\"2025-12-11T18:26:11+00:00\",\"breadcrumb\":{\"@id\":\"https:\/\/nopapodasgurias.com\/about\/#breadcrumb\"},\"inLanguage\":\"en-US\",\"potentialAction\":[{\"@type\":\"ReadAction\",\"target\":[\"https:\/\/nopapodasgurias.com\/about\/\"]}]},{\"@type\":\"BreadcrumbList\",\"@id\":\"https:\/\/nopapodasgurias.com\/about\/#breadcrumb\",\"itemListElement\":[{\"@type\":\"ListItem\",\"position\":1,\"name\":\"Home\",\"item\":\"https:\/\/nopapodasgurias.com\/\"},{\"@type\":\"ListItem\",\"position\":2,\"name\":\"Sobre\"}]},{\"@type\":\"WebSite\",\"@id\":\"https:\/\/nopapodasgurias.com\/#website\",\"url\":\"https:\/\/nopapodasgurias.com\/\",\"name\":\"No Papo Das Gurias\",\"description\":\"\",\"potentialAction\":[{\"@type\":\"SearchAction\",\"target\":{\"@type\":\"EntryPoint\",\"urlTemplate\":\"https:\/\/nopapodasgurias.com\/?s={search_term_string}\"},\"query-input\":\"required name=search_term_string\"}],\"inLanguage\":\"en-US\"}]}<\/script>\n<!-- \/ Yoast SEO plugin. -->","yoast_head_json":{"title":"Sobre - No Papo Das Gurias","robots":{"index":"index","follow":"follow","max-snippet":"max-snippet:-1","max-image-preview":"max-image-preview:large","max-video-preview":"max-video-preview:-1"},"canonical":"https:\/\/nopapodasgurias.com\/en\/about\/","og_locale":"en_US","og_type":"article","og_title":"Sobre - No Papo Das Gurias","og_description":"Interessada em descobrir algo novo hoje? No Papo das Gurias, nossa miss\u00e3o \u00e9 compartilhar conte\u00fados que inspiram e facilitam o seu dia a dia. Acreditamos que informa\u00e7\u00e3o de qualidade pode transformar rotinas e trazer leveza, seja no cuidado pessoal, seja no uso de recursos digitais. Aqui voc\u00ea encontra desde dicas de bem-estar e autoestima at\u00e9&hellip; Continue reading Sobre","og_url":"https:\/\/nopapodasgurias.com\/en\/about\/","og_site_name":"No Papo Das Gurias","article_modified_time":"2025-12-11T18:26:11+00:00","twitter_card":"summary_large_image","twitter_misc":{"Est. reading time":"2 minutes"},"schema":{"@context":"https:\/\/schema.org","@graph":[{"@type":"WebPage","@id":"https:\/\/nopapodasgurias.com\/about\/","url":"https:\/\/nopapodasgurias.com\/about\/","name":"Sobre - No Papo Das Gurias","isPartOf":{"@id":"https:\/\/nopapodasgurias.com\/#website"},"datePublished":"2024-05-09T17:12:16+00:00","dateModified":"2025-12-11T18:26:11+00:00","breadcrumb":{"@id":"https:\/\/nopapodasgurias.com\/about\/#breadcrumb"},"inLanguage":"en-US","potentialAction":[{"@type":"ReadAction","target":["https:\/\/nopapodasgurias.com\/about\/"]}]},{"@type":"BreadcrumbList","@id":"https:\/\/nopapodasgurias.com\/about\/#breadcrumb","itemListElement":[{"@type":"ListItem","position":1,"name":"Home","item":"https:\/\/nopapodasgurias.com\/"},{"@type":"ListItem","position":2,"name":"Sobre"}]},{"@type":"WebSite","@id":"https:\/\/nopapodasgurias.com\/#website","url":"https:\/\/nopapodasgurias.com\/","name":"No Papo Das Gurias","description":"","potentialAction":[{"@type":"SearchAction","target":{"@type":"EntryPoint","urlTemplate":"https:\/\/nopapodasgurias.com\/?s={search_term_string}"},"query-input":"required name=search_term_string"}],"inLanguage":"en-US"}]}},"_links":{"self":[{"href":"https:\/\/nopapodasgurias.com\/en\/wp-json\/wp\/v2\/pages\/139"}],"collection":[{"href":"https:\/\/nopapodasgurias.com\/en\/wp-json\/wp\/v2\/pages"}],"about":[{"href":"https:\/\/nopapodasgurias.com\/en\/wp-json\/wp\/v2\/types\/page"}],"author":[{"embeddable":true,"href":"https:\/\/nopapodasgurias.com\/en\/wp-json\/wp\/v2\/users\/5"}],"replies":[{"embeddable":true,"href":"https:\/\/nopapodasgurias.com\/en\/wp-json\/wp\/v2\/comments?post=139"}],"version-history":[{"count":4,"href":"https:\/\/nopapodasgurias.com\/en\/wp-json\/wp\/v2\/pages\/139\/revisions"}],"predecessor-version":[{"id":905,"href":"https:\/\/nopapodasgurias.com\/en\/wp-json\/wp\/v2\/pages\/139\/revisions\/905"}],"wp:attachment":[{"href":"https:\/\/nopapodasgurias.com\/en\/wp-json\/wp\/v2\/media?parent=139"}],"curies":[{"name":"wp","href":"https:\/\/api.w.org\/{rel}","templated":true}]}}