{"id":137,"date":"2024-05-09T17:05:08","date_gmt":"2024-05-09T17:05:08","guid":{"rendered":"https:\/\/nopapodasgurias.com\/?page_id=137"},"modified":"2024-05-13T17:11:52","modified_gmt":"2024-05-13T17:11:52","slug":"terms","status":"publish","type":"page","link":"https:\/\/nopapodasgurias.com\/en\/terms\/","title":{"rendered":"General Terms and Conditions of Use"},"content":{"rendered":"<!--advertisement--><div class=\"mx-5 sm:mx-0 sm:text-3xl text-2xl font-medium title-font mb-4 text-gray-900 text-left\">\n<h2 class=\"wp-block-heading\" id=\"h-no-papo-das-gurias\">In the Talk of Girls<\/h2>\n<\/div><div class=\"mx-5 sm:mx-0 prose leading-relaxed text-lg mb-5 text-left wp-paragraph\">\n<p>The No Papo das Gurias platform, an initiative of an Estonian limited liability company (LLC, also known as MINUTO VIP O\u00dc), registered under number 16698741 and headquartered in Tallinn, at Rotermanni Street tn 14-32, CEP 10111, Harju, Estonia, is the creator, owner and administrator of the website No Papo das Gurias, accessible through the address <a style=\" color:;\" href=\"http:\/\/nopapodasgurias.com\/en\/\">nopapodasgurias.com<\/a>.<\/p>\n<\/div><div class=\"mx-5 sm:mx-0 prose leading-relaxed text-lg mb-5 text-left wp-paragraph\">\n<p>No Papo das Gurias is an online platform dedicated to producing content aimed at a female audience, providing information and analysis on a variety of subjects (such as fashion, beauty, health, among others).<\/p>\n<\/div><div class=\"mx-5 sm:mx-0 prose leading-relaxed text-lg mb-5 text-left wp-paragraph\">\n<p>Our General Terms and Conditions of Use are available for consultation by users at any time through the following link: <a style=\" color:;\" href=\"https:\/\/nopapodasgurias.com\/en\/terms\/\">https:\/\/nopapodasgurias.com\/terms\/<\/a>\u00a0<\/p>\n<\/div><div class=\"mx-5 sm:mx-0 prose leading-relaxed text-lg mb-5 text-left wp-paragraph\">\n<p>These Terms, together with the use of the website, are complemented by the information contained in the No Papo das Gurias Privacy Policy, accessible at: <a style=\" color:;\" href=\"https:\/\/nopapodasgurias.com\/en\/privacy-policy\/\">https:\/\/nopapodasgurias.com\/privacy-policy<\/a>, and are subject to current laws.<\/p>\n<\/div><div class=\"mx-5 sm:mx-0 prose leading-relaxed text-lg mb-5 text-left wp-paragraph\">\n<p>Therefore, the purpose of the Regulations and General Conditions of Use is to clarify the responsibilities, obligations and duties of all users when accessing and\/or using the No Papo das Gurias website, as detailed below.<\/p>\n<\/div><div class=\"mx-5 sm:mx-0 prose leading-relaxed text-lg mb-5 text-left wp-paragraph\">\n<p>It is important to highlight that we do not get involved in processes of evaluation and\/or authorization of requests or proposals, with the final decision on these issues being exclusively the responsibility of users, in accordance with their own criteria and policies.<\/p>\n<\/div><!--advertisement--><div class=\"mx-5 sm:mx-0 sm:text-3xl text-2xl font-medium title-font mb-4 text-gray-900 text-left\">\n<h2 class=\"wp-block-heading\" id=\"h-1-da-aceitacao\">1. ACCEPTANCE<\/h2>\n<\/div><div class=\"mx-5 sm:mx-0 prose leading-relaxed text-lg mb-5 text-left wp-paragraph\">\n<p>1.1. By accessing No Papo das Gurias, the user DECLARES their agreement to adhere to the General Terms and Conditions of Use and the <a style=\" color:;\" href=\"https:\/\/nopapodasgurias.com\/en\/privacy-policy\/\">No Papo das Gurias Privacy Policy<\/a>.<\/p>\n<\/div><div class=\"mx-5 sm:mx-0 prose leading-relaxed text-lg mb-5 text-left wp-paragraph\">\n<p>1.2. The use of No Papo das Gurias implies the declaration that the user is at least 18 years of age and has full legal capacity to accept these Terms and Conditions of Use for all legal purposes.<\/p>\n<\/div><div class=\"mx-5 sm:mx-0 prose leading-relaxed text-lg mb-5 text-left wp-paragraph\">\n<p>1.3. If the user does not meet the criteria mentioned above and\/or disagrees with any terms presented here, they should not access and\/or use the services and content provided by No Papo das Gurias, as well as the websites and services operated by it.<\/p>\n<\/div><!--advertisement--><div class=\"mx-5 sm:mx-0 sm:text-3xl text-2xl font-medium title-font mb-4 text-gray-900 text-left\">\n<h2 class=\"wp-block-heading\" id=\"h-2-contato\">2. CONTACT<\/h2>\n<\/div><div class=\"mx-5 sm:mx-0 prose leading-relaxed text-lg mb-5 text-left wp-paragraph\">\n<p>2.1. Users are authorized to use this service to clarify doubts, resolve problems, submit complaints or obtain more information about products\/services provided by No Papo das Gurias.<\/p>\n<\/div><div class=\"mx-5 sm:mx-0 prose leading-relaxed text-lg mb-5 text-left wp-paragraph\">\n<p>2.2. Contact can be made using the form available at: <a style=\" color:;\" href=\"https:\/\/nopapodasgurias.com\/en\/contact\/\">https:\/\/nopapodasgurias.com\/contact\/<\/a>&nbsp;<\/p>\n<\/div><!--advertisement--><div class=\"mx-5 sm:mx-0 sm:text-3xl text-2xl font-medium title-font mb-4 text-gray-900 text-left\">\n<h2 class=\"wp-block-heading\" id=\"h-3-das-responsabilidades-das-partes\">3. RESPONSIBILITIES OF THE PARTIES<\/h2>\n<\/div><div class=\"mx-5 sm:mx-0 prose leading-relaxed text-lg mb-5 text-left wp-paragraph\">\n<p>3.1. It is essential that the user carefully reads all clauses herein and in the <a style=\" color:;\" href=\"https:\/\/nopapodasgurias.com\/en\/privacy-policy\/\">Privacy Policy<\/a>. When using the services and\/or products offered by No Papo das Gurias, you fully agree with all clauses and conditions described here.<\/p>\n<\/div><div class=\"mx-5 sm:mx-0 prose leading-relaxed text-lg mb-5 text-left wp-paragraph\">\n<p>3.2. No Papo das Gurias provides links and\/or directs the user to other websites, where it is possible to contract services and\/or purchase products from third party companies, without intervention from No Papo das Gurias.<\/p>\n<\/div><div class=\"mx-5 sm:mx-0 prose leading-relaxed text-lg mb-5 text-left wp-paragraph\">\n<p>3.3. If the user is directed to the website of an advertising company, it is crucial that they read and agree to the terms and conditions of use, as well as the privacy policy of the company in question.<\/p>\n<\/div><div class=\"mx-5 sm:mx-0 prose leading-relaxed text-lg mb-5 text-left wp-paragraph\">\n<p>3.4. No Papo das Gurias is not responsible for the terms of use and privacy policies of the advertised companies, nor for the information on services\/products.<\/p>\n<\/div><div class=\"mx-5 sm:mx-0 prose leading-relaxed text-lg mb-5 text-left wp-paragraph\">\n<p>3.5. No Papo das Gurias does not assume responsibility for any malicious software that may damage or modify the settings of users&#039; devices as a result of internet browsing or data transfer.<\/p>\n<\/div><div class=\"mx-5 sm:mx-0 prose leading-relaxed text-lg mb-5 text-left wp-paragraph\">\n<p>3.6. It is solely up to users to keep the operating system and antivirus programs up to date.<\/p>\n<\/div><div class=\"mx-5 sm:mx-0 prose leading-relaxed text-lg mb-5 text-left wp-paragraph\">\n<p>3.7. No Papo das Gurias is not responsible for losses or damages resulting from improper use of the website and\/or unforeseen events.<\/p>\n<\/div><div class=\"mx-5 sm:mx-0 prose leading-relaxed text-lg mb-5 text-left wp-paragraph\">\n<p>3.8. No Papo das Gurias does not require deposits or bank transfers for the approval or granting of financial products.<\/p>\n<\/div><div class=\"mx-5 sm:mx-0 prose leading-relaxed text-lg mb-5 text-left wp-paragraph\">\n<p>3.9. No Papo das Gurias does not send messages by email or SMS to confirm data or records with executable attachments, nor links for installation. If you receive any suspicious message, contact us using the form available on the website.<\/p>\n<\/div><div class=\"mx-5 sm:mx-0 prose leading-relaxed text-lg mb-5 text-left wp-paragraph\">\n<p>3.10. It is the user&#039;s responsibility: not to infringe the rights of third parties; do not use No Papo das Gurias for illegal or inappropriate activities; respect the Regulations and Privacy Policy, as well as current legislation.<\/p>\n<\/div><!--advertisement--><div class=\"mx-5 sm:mx-0 sm:text-3xl text-2xl font-medium title-font mb-4 text-gray-900 text-left\">\n<h2 class=\"wp-block-heading\" id=\"h-4-da-modificacao-dos-termos-e-condicoes\">4. MODIFICATION OF TERMS AND CONDITIONS<\/h2>\n<\/div><div class=\"mx-5 sm:mx-0 prose leading-relaxed text-lg mb-5 text-left wp-paragraph\">\n<p>4.1. The General Terms and Conditions of Use of No Papo das Gurias may be modified, supplemented or replaced at any time, at the sole discretion of No Papo das Gurias, without having to notify or notify users in advance.<\/p>\n<\/div><div class=\"mx-5 sm:mx-0 prose leading-relaxed text-lg mb-5 text-left wp-paragraph\">\n<p>4.2. Anyone who disagrees with these terms, which are mandatory and binding, must stop using the No Papo das Gurias website.<\/p>\n<\/div><!--advertisement--><div class=\"mx-5 sm:mx-0 sm:text-3xl text-2xl font-medium title-font mb-4 text-gray-900 text-left\">\n<h2 class=\"wp-block-heading\" id=\"h-5-vigencia-e-prazo-decadencial\">5. TERM AND DEADLINE<\/h2>\n<\/div><div class=\"mx-5 sm:mx-0 prose leading-relaxed text-lg mb-5 text-left wp-paragraph\">\n<p>5.1. These General Terms and Conditions of Use are valid for an indefinite period of time. Legal or administrative complaints resulting from the use of No Papo das Gurias must be filed within 90 days after the event that gave rise to them.<\/p>\n<\/div><!--advertisement--><div class=\"mx-5 sm:mx-0 sm:text-3xl text-2xl font-medium title-font mb-4 text-gray-900 text-left\">\n<h2 class=\"wp-block-heading\" id=\"h-6-da-legislacao-e-foro-de-eleicao\">6. LEGISLATION AND ELECTION FORUM<\/h2>\n<\/div><div class=\"mx-5 sm:mx-0 prose leading-relaxed text-lg mb-5 text-left wp-paragraph\">\n<p>6.1. These General Terms and Conditions of Use, together with the Privacy Policy, are governed by the laws of the Federative Republic of Brazil.<\/p>\n<\/div><div class=\"mx-5 sm:mx-0 prose leading-relaxed text-lg mb-5 text-left wp-paragraph\">\n<p>6.2. For any matter relating to these Terms and the Privacy Policy, the parties agree and waive any other venue, submitting to the Chamber of Commerce of Tallinn, Estonia (The Arbitration Court of the Estonian Chamber of Commerce and Industry), for the resolution of any and all questions or doubts arising from these terms of use.<\/p>\n<\/div>","protected":false},"excerpt":{"rendered":"<p>No Papo das Gurias The No Papo das Gurias platform, an initiative of an Estonian limited liability company (LLC, also known as MINUTO VIP O\u00dc), registered under number 16698741 and headquartered in Tallinn, at Rotermanni Street tn 14-32, Zip Code 10111, Harju, Estonia, is the creator, owner and administrator of the website No Papo das\u2026 <a class=\"more-link\" href=\"https:\/\/nopapodasgurias.com\/en\/terms\/\">Continue reading <span class=\"screen-reader-text\">General Terms and Conditions of Use<\/span><\/a><\/p>","protected":false},"author":5,"featured_media":0,"parent":0,"menu_order":0,"comment_status":"closed","ping_status":"closed","template":"","meta":{"footnotes":""},"yoast_head":"<!-- This site is optimized with the Yoast SEO plugin v23.3 - https:\/\/yoast.com\/wordpress\/plugins\/seo\/ -->\n<title>Termos e Condi\u00e7\u00f5es Gerais de Uso - No Papo Das Gurias<\/title>\n<meta name=\"robots\" content=\"index, follow, max-snippet:-1, max-image-preview:large, max-video-preview:-1\" \/>\n<link rel=\"canonical\" href=\"https:\/\/nopapodasgurias.com\/en\/terms\/\" \/>\n<meta property=\"og:locale\" content=\"en_US\" \/>\n<meta property=\"og:type\" content=\"article\" \/>\n<meta property=\"og:title\" content=\"Termos e Condi\u00e7\u00f5es Gerais de Uso - No Papo Das Gurias\" \/>\n<meta property=\"og:description\" content=\"No Papo das Gurias A plataforma No Papo das Gurias, uma iniciativa de uma empresa de responsabilidade&nbsp; limitada estoniana (LLC, tamb\u00e9m conhecida como MINUTO VIP O\u00dc), registrada sob o n\u00famero 16698741 e sediada em Tallinn, na Rua Rotermanni tn 14-32, CEP 10111, Harju, Est\u00f4nia, \u00e9 a criadora, propriet\u00e1ria e administradora do website No Papo das&hellip; Continue reading Termos e Condi\u00e7\u00f5es Gerais de Uso\" \/>\n<meta property=\"og:url\" content=\"https:\/\/nopapodasgurias.com\/en\/terms\/\" \/>\n<meta property=\"og:site_name\" content=\"No Papo Das Gurias\" \/>\n<meta property=\"article:modified_time\" content=\"2024-05-13T17:11:52+00:00\" \/>\n<meta name=\"twitter:card\" content=\"summary_large_image\" \/>\n<meta name=\"twitter:label1\" content=\"Est. reading time\" \/>\n\t<meta name=\"twitter:data1\" content=\"5 minutes\" \/>\n<script type=\"application\/ld+json\" class=\"yoast-schema-graph\">{\"@context\":\"https:\/\/schema.org\",\"@graph\":[{\"@type\":\"WebPage\",\"@id\":\"https:\/\/nopapodasgurias.com\/terms\/\",\"url\":\"https:\/\/nopapodasgurias.com\/terms\/\",\"name\":\"Termos e Condi\u00e7\u00f5es Gerais de Uso - No Papo Das Gurias\",\"isPartOf\":{\"@id\":\"https:\/\/nopapodasgurias.com\/#website\"},\"datePublished\":\"2024-05-09T17:05:08+00:00\",\"dateModified\":\"2024-05-13T17:11:52+00:00\",\"breadcrumb\":{\"@id\":\"https:\/\/nopapodasgurias.com\/terms\/#breadcrumb\"},\"inLanguage\":\"en-US\",\"potentialAction\":[{\"@type\":\"ReadAction\",\"target\":[\"https:\/\/nopapodasgurias.com\/terms\/\"]}]},{\"@type\":\"BreadcrumbList\",\"@id\":\"https:\/\/nopapodasgurias.com\/terms\/#breadcrumb\",\"itemListElement\":[{\"@type\":\"ListItem\",\"position\":1,\"name\":\"Home\",\"item\":\"https:\/\/nopapodasgurias.com\/\"},{\"@type\":\"ListItem\",\"position\":2,\"name\":\"Termos e Condi\u00e7\u00f5es Gerais de Uso\"}]},{\"@type\":\"WebSite\",\"@id\":\"https:\/\/nopapodasgurias.com\/#website\",\"url\":\"https:\/\/nopapodasgurias.com\/\",\"name\":\"No Papo Das Gurias\",\"description\":\"\",\"potentialAction\":[{\"@type\":\"SearchAction\",\"target\":{\"@type\":\"EntryPoint\",\"urlTemplate\":\"https:\/\/nopapodasgurias.com\/?s={search_term_string}\"},\"query-input\":\"required name=search_term_string\"}],\"inLanguage\":\"en-US\"}]}<\/script>\n<!-- \/ Yoast SEO plugin. -->","yoast_head_json":{"title":"Termos e Condi\u00e7\u00f5es Gerais de Uso - No Papo Das Gurias","robots":{"index":"index","follow":"follow","max-snippet":"max-snippet:-1","max-image-preview":"max-image-preview:large","max-video-preview":"max-video-preview:-1"},"canonical":"https:\/\/nopapodasgurias.com\/en\/terms\/","og_locale":"en_US","og_type":"article","og_title":"Termos e Condi\u00e7\u00f5es Gerais de Uso - No Papo Das Gurias","og_description":"No Papo das Gurias A plataforma No Papo das Gurias, uma iniciativa de uma empresa de responsabilidade&nbsp; limitada estoniana (LLC, tamb\u00e9m conhecida como MINUTO VIP O\u00dc), registrada sob o n\u00famero 16698741 e sediada em Tallinn, na Rua Rotermanni tn 14-32, CEP 10111, Harju, Est\u00f4nia, \u00e9 a criadora, propriet\u00e1ria e administradora do website No Papo das&hellip; Continue reading Termos e Condi\u00e7\u00f5es Gerais de Uso","og_url":"https:\/\/nopapodasgurias.com\/en\/terms\/","og_site_name":"No Papo Das Gurias","article_modified_time":"2024-05-13T17:11:52+00:00","twitter_card":"summary_large_image","twitter_misc":{"Est. reading time":"5 minutes"},"schema":{"@context":"https:\/\/schema.org","@graph":[{"@type":"WebPage","@id":"https:\/\/nopapodasgurias.com\/terms\/","url":"https:\/\/nopapodasgurias.com\/terms\/","name":"Termos e Condi\u00e7\u00f5es Gerais de Uso - No Papo Das Gurias","isPartOf":{"@id":"https:\/\/nopapodasgurias.com\/#website"},"datePublished":"2024-05-09T17:05:08+00:00","dateModified":"2024-05-13T17:11:52+00:00","breadcrumb":{"@id":"https:\/\/nopapodasgurias.com\/terms\/#breadcrumb"},"inLanguage":"en-US","potentialAction":[{"@type":"ReadAction","target":["https:\/\/nopapodasgurias.com\/terms\/"]}]},{"@type":"BreadcrumbList","@id":"https:\/\/nopapodasgurias.com\/terms\/#breadcrumb","itemListElement":[{"@type":"ListItem","position":1,"name":"Home","item":"https:\/\/nopapodasgurias.com\/"},{"@type":"ListItem","position":2,"name":"Termos e Condi\u00e7\u00f5es Gerais de Uso"}]},{"@type":"WebSite","@id":"https:\/\/nopapodasgurias.com\/#website","url":"https:\/\/nopapodasgurias.com\/","name":"No Papo Das Gurias","description":"","potentialAction":[{"@type":"SearchAction","target":{"@type":"EntryPoint","urlTemplate":"https:\/\/nopapodasgurias.com\/?s={search_term_string}"},"query-input":"required name=search_term_string"}],"inLanguage":"en-US"}]}},"_links":{"self":[{"href":"https:\/\/nopapodasgurias.com\/en\/wp-json\/wp\/v2\/pages\/137"}],"collection":[{"href":"https:\/\/nopapodasgurias.com\/en\/wp-json\/wp\/v2\/pages"}],"about":[{"href":"https:\/\/nopapodasgurias.com\/en\/wp-json\/wp\/v2\/types\/page"}],"author":[{"embeddable":true,"href":"https:\/\/nopapodasgurias.com\/en\/wp-json\/wp\/v2\/users\/5"}],"replies":[{"embeddable":true,"href":"https:\/\/nopapodasgurias.com\/en\/wp-json\/wp\/v2\/comments?post=137"}],"version-history":[{"count":2,"href":"https:\/\/nopapodasgurias.com\/en\/wp-json\/wp\/v2\/pages\/137\/revisions"}],"predecessor-version":[{"id":159,"href":"https:\/\/nopapodasgurias.com\/en\/wp-json\/wp\/v2\/pages\/137\/revisions\/159"}],"wp:attachment":[{"href":"https:\/\/nopapodasgurias.com\/en\/wp-json\/wp\/v2\/media?parent=137"}],"curies":[{"name":"wp","href":"https:\/\/api.w.org\/{rel}","templated":true}]}}