{"id":139,"date":"2024-05-09T17:12:16","date_gmt":"2024-05-09T17:12:16","guid":{"rendered":"https:\/\/nopapodasgurias.com\/?page_id=139"},"modified":"2025-12-11T18:26:11","modified_gmt":"2025-12-11T18:26:11","slug":"about","status":"publish","type":"page","link":"https:\/\/nopapodasgurias.com\/de\/about\/","title":{"rendered":"An"},"content":{"rendered":"<!--advertisement--><div class=\"mx-5 sm:mx-0 sm:text-3xl text-2xl font-medium title-font mb-4 text-gray-900 text-left\">\n<h2 class=\"wp-block-heading\">Lust, heute etwas Neues zu entdecken?<\/h2>\n<\/div><div class=\"mx-5 sm:mx-0 prose leading-relaxed text-lg mb-5 text-left wp-paragraph\">\n<p>Knoten <strong>M\u00e4dchen-Chat<\/strong>Unsere Mission ist es, Inhalte zu teilen, die inspirieren und Ihren Alltag erleichtern. Wir glauben, dass hochwertige Informationen Routinen ver\u00e4ndern und Erleichterung bringen k\u00f6nnen, sei es bei der K\u00f6rperpflege oder bei der Nutzung digitaler Ressourcen.<\/p>\n<\/div><div class=\"mx-5 sm:mx-0 prose leading-relaxed text-lg mb-5 text-left wp-paragraph\">\n<p>Hier finden Sie alles von Wellness- und Selbstwerttipps bis hin zu den neuesten Spielen, Apps und Technologien, die Ihr Leben praktischer, unterhaltsamer und vernetzter machen. Unser Ziel ist es, Sie auf dem Laufenden zu halten \u2013 mit Trends, interessanten Fakten und n\u00fctzlichen Tools, die Ihnen helfen, sich selbstbewusster und besser auf die Zukunft vorbereitet zu f\u00fchlen.<\/p>\n<\/div><!--advertisement--><div class=\"mx-5 sm:mx-0 sm:text-3xl text-2xl font-medium title-font mb-4 text-gray-900 text-left\">\n<h2 class=\"wp-block-heading\">Wer sind wir?<\/h2>\n<\/div><div class=\"mx-5 sm:mx-0 prose leading-relaxed text-lg mb-5 text-left wp-paragraph\">\n<p>DER <strong>M\u00e4dchen-Chat<\/strong> entstand aus dem Wunsch, Erfahrungen, Ideen und Tipps zu teilen, die den Alltag wirklich ver\u00e4ndern. Heute erweitern wir unsere Inhalte \u00fcber das weibliche Universum hinaus und bieten Ihnen auch die neuesten Technologien, Apps und Unterhaltungsangebote. Wir m\u00f6chten Sie auf dieser Entdeckungs- und Lernreise begleiten, stets mit einer unbeschwerten und pers\u00f6nlichen Note.<\/p>\n<\/div><!--advertisement--><div class=\"mx-5 sm:mx-0 sm:text-3xl text-2xl font-medium title-font mb-4 text-gray-900 text-left\">\n<h2 class=\"wp-block-heading\" id=\"h-sua-opiniao-e-importante\">Ihre Meinung ist wichtig<\/h2>\n<\/div><div class=\"mx-5 sm:mx-0 prose leading-relaxed text-lg mb-5 text-left wp-paragraph\">\n<p>Wir sch\u00e4tzen Ihre Vorschl\u00e4ge sehr. Z\u00f6gern Sie nicht, <a style=\" color:;\" href=\"https:\/\/nopapodasgurias.com\/de\/contact\/\">Senden Sie uns eine Nachricht<\/a>!<\/p>\n<\/div><!--advertisement--><div class=\"mx-5 sm:mx-0 sm:text-3xl text-2xl font-medium title-font mb-4 text-gray-900 text-left\">\n<h2 class=\"wp-block-heading\"><strong>Haftungsausschluss:<\/strong><\/h2>\n<\/div><div class=\"mx-5 sm:mx-0 prose leading-relaxed text-lg mb-5 text-left wp-paragraph\">\n<p>Die Website No Papo das Gurias bietet informative Inhalte zum Thema Dating und Beziehungen, fungiert jedoch nicht als Vermittler und garantiert keine Ergebnisse. Die ver\u00f6ffentlichten Informationen dienen nicht dazu, Treffen oder pers\u00f6nliche Kontakte jeglicher Art zu empfehlen, zu f\u00f6rdern oder zu gew\u00e4hrleisten. <\/p>\n<\/div><div class=\"mx-5 sm:mx-0 prose leading-relaxed text-lg mb-5 text-left wp-paragraph\">\n<p>Der Nutzer tr\u00e4gt die alleinige Verantwortung f\u00fcr seine pers\u00f6nlichen Entscheidungen, und die Website haftet nicht f\u00fcr Folgen, die sich aus der Nutzung dieser Informationen ergeben. Mit dem Zugriff auf die Inhalte erkl\u00e4rt sich der Nutzer damit einverstanden, dass die Interaktionen und getroffenen Entscheidungen in seiner alleinigen Verantwortung liegen.<\/p>\n<\/div>","protected":false},"excerpt":{"rendered":"<p>Lust, heute etwas Neues zu entdecken? Bei Papo das Gurias ist es unsere Mission, Inhalte zu teilen, die inspirieren und Ihren Alltag vereinfachen. Wir glauben, dass hochwertige Informationen Routinen ver\u00e4ndern und mehr Leichtigkeit bringen k\u00f6nnen \u2013 sei es in der K\u00f6rperpflege oder bei der Nutzung digitaler Ressourcen. Hier finden Sie alles von Tipps f\u00fcr Wohlbefinden und Selbstwertgef\u00fchl bis hin zu\u2026 <a class=\"more-link\" href=\"https:\/\/nopapodasgurias.com\/de\/about\/\">Weiterlesen <span class=\"screen-reader-text\">An<\/span><\/a><\/p>","protected":false},"author":5,"featured_media":0,"parent":0,"menu_order":0,"comment_status":"closed","ping_status":"closed","template":"","meta":{"footnotes":""},"yoast_head":"<!-- This site is optimized with the Yoast SEO plugin v23.3 - https:\/\/yoast.com\/wordpress\/plugins\/seo\/ -->\n<title>Sobre - No Papo Das Gurias<\/title>\n<meta name=\"robots\" content=\"index, follow, max-snippet:-1, max-image-preview:large, max-video-preview:-1\" \/>\n<link rel=\"canonical\" href=\"https:\/\/nopapodasgurias.com\/de\/about\/\" \/>\n<meta property=\"og:locale\" content=\"de_DE\" \/>\n<meta property=\"og:type\" content=\"article\" \/>\n<meta property=\"og:title\" content=\"Sobre - No Papo Das Gurias\" \/>\n<meta property=\"og:description\" content=\"Interessada em descobrir algo novo hoje? No Papo das Gurias, nossa miss\u00e3o \u00e9 compartilhar conte\u00fados que inspiram e facilitam o seu dia a dia. Acreditamos que informa\u00e7\u00e3o de qualidade pode transformar rotinas e trazer leveza, seja no cuidado pessoal, seja no uso de recursos digitais. Aqui voc\u00ea encontra desde dicas de bem-estar e autoestima at\u00e9&hellip; Continue reading Sobre\" \/>\n<meta property=\"og:url\" content=\"https:\/\/nopapodasgurias.com\/de\/about\/\" \/>\n<meta property=\"og:site_name\" content=\"No Papo Das Gurias\" \/>\n<meta property=\"article:modified_time\" content=\"2025-12-11T18:26:11+00:00\" \/>\n<meta name=\"twitter:card\" content=\"summary_large_image\" \/>\n<meta name=\"twitter:label1\" content=\"Est. reading time\" \/>\n\t<meta name=\"twitter:data1\" content=\"2 Minuten\" \/>\n<script type=\"application\/ld+json\" class=\"yoast-schema-graph\">{\"@context\":\"https:\/\/schema.org\",\"@graph\":[{\"@type\":\"WebPage\",\"@id\":\"https:\/\/nopapodasgurias.com\/about\/\",\"url\":\"https:\/\/nopapodasgurias.com\/about\/\",\"name\":\"Sobre - No Papo Das Gurias\",\"isPartOf\":{\"@id\":\"https:\/\/nopapodasgurias.com\/#website\"},\"datePublished\":\"2024-05-09T17:12:16+00:00\",\"dateModified\":\"2025-12-11T18:26:11+00:00\",\"breadcrumb\":{\"@id\":\"https:\/\/nopapodasgurias.com\/about\/#breadcrumb\"},\"inLanguage\":\"de-DE\",\"potentialAction\":[{\"@type\":\"ReadAction\",\"target\":[\"https:\/\/nopapodasgurias.com\/about\/\"]}]},{\"@type\":\"BreadcrumbList\",\"@id\":\"https:\/\/nopapodasgurias.com\/about\/#breadcrumb\",\"itemListElement\":[{\"@type\":\"ListItem\",\"position\":1,\"name\":\"Home\",\"item\":\"https:\/\/nopapodasgurias.com\/\"},{\"@type\":\"ListItem\",\"position\":2,\"name\":\"Sobre\"}]},{\"@type\":\"WebSite\",\"@id\":\"https:\/\/nopapodasgurias.com\/#website\",\"url\":\"https:\/\/nopapodasgurias.com\/\",\"name\":\"No Papo Das Gurias\",\"description\":\"\",\"potentialAction\":[{\"@type\":\"SearchAction\",\"target\":{\"@type\":\"EntryPoint\",\"urlTemplate\":\"https:\/\/nopapodasgurias.com\/?s={search_term_string}\"},\"query-input\":\"required name=search_term_string\"}],\"inLanguage\":\"de-DE\"}]}<\/script>\n<!-- \/ Yoast SEO plugin. -->","yoast_head_json":{"title":"Sobre - No Papo Das Gurias","robots":{"index":"index","follow":"follow","max-snippet":"max-snippet:-1","max-image-preview":"max-image-preview:large","max-video-preview":"max-video-preview:-1"},"canonical":"https:\/\/nopapodasgurias.com\/de\/about\/","og_locale":"de_DE","og_type":"article","og_title":"Sobre - No Papo Das Gurias","og_description":"Interessada em descobrir algo novo hoje? No Papo das Gurias, nossa miss\u00e3o \u00e9 compartilhar conte\u00fados que inspiram e facilitam o seu dia a dia. Acreditamos que informa\u00e7\u00e3o de qualidade pode transformar rotinas e trazer leveza, seja no cuidado pessoal, seja no uso de recursos digitais. Aqui voc\u00ea encontra desde dicas de bem-estar e autoestima at\u00e9&hellip; Continue reading Sobre","og_url":"https:\/\/nopapodasgurias.com\/de\/about\/","og_site_name":"No Papo Das Gurias","article_modified_time":"2025-12-11T18:26:11+00:00","twitter_card":"summary_large_image","twitter_misc":{"Est. reading time":"2 Minuten"},"schema":{"@context":"https:\/\/schema.org","@graph":[{"@type":"WebPage","@id":"https:\/\/nopapodasgurias.com\/about\/","url":"https:\/\/nopapodasgurias.com\/about\/","name":"Sobre - No Papo Das Gurias","isPartOf":{"@id":"https:\/\/nopapodasgurias.com\/#website"},"datePublished":"2024-05-09T17:12:16+00:00","dateModified":"2025-12-11T18:26:11+00:00","breadcrumb":{"@id":"https:\/\/nopapodasgurias.com\/about\/#breadcrumb"},"inLanguage":"de-DE","potentialAction":[{"@type":"ReadAction","target":["https:\/\/nopapodasgurias.com\/about\/"]}]},{"@type":"BreadcrumbList","@id":"https:\/\/nopapodasgurias.com\/about\/#breadcrumb","itemListElement":[{"@type":"ListItem","position":1,"name":"Home","item":"https:\/\/nopapodasgurias.com\/"},{"@type":"ListItem","position":2,"name":"Sobre"}]},{"@type":"WebSite","@id":"https:\/\/nopapodasgurias.com\/#website","url":"https:\/\/nopapodasgurias.com\/","name":"No Papo Das Gurias","description":"","potentialAction":[{"@type":"SearchAction","target":{"@type":"EntryPoint","urlTemplate":"https:\/\/nopapodasgurias.com\/?s={search_term_string}"},"query-input":"required name=search_term_string"}],"inLanguage":"de-DE"}]}},"_links":{"self":[{"href":"https:\/\/nopapodasgurias.com\/de\/wp-json\/wp\/v2\/pages\/139"}],"collection":[{"href":"https:\/\/nopapodasgurias.com\/de\/wp-json\/wp\/v2\/pages"}],"about":[{"href":"https:\/\/nopapodasgurias.com\/de\/wp-json\/wp\/v2\/types\/page"}],"author":[{"embeddable":true,"href":"https:\/\/nopapodasgurias.com\/de\/wp-json\/wp\/v2\/users\/5"}],"replies":[{"embeddable":true,"href":"https:\/\/nopapodasgurias.com\/de\/wp-json\/wp\/v2\/comments?post=139"}],"version-history":[{"count":4,"href":"https:\/\/nopapodasgurias.com\/de\/wp-json\/wp\/v2\/pages\/139\/revisions"}],"predecessor-version":[{"id":905,"href":"https:\/\/nopapodasgurias.com\/de\/wp-json\/wp\/v2\/pages\/139\/revisions\/905"}],"wp:attachment":[{"href":"https:\/\/nopapodasgurias.com\/de\/wp-json\/wp\/v2\/media?parent=139"}],"curies":[{"name":"wp","href":"https:\/\/api.w.org\/{rel}","templated":true}]}}