{"id":137,"date":"2024-05-09T17:05:08","date_gmt":"2024-05-09T17:05:08","guid":{"rendered":"https:\/\/nopapodasgurias.com\/?page_id=137"},"modified":"2024-05-13T17:11:52","modified_gmt":"2024-05-13T17:11:52","slug":"terms","status":"publish","type":"page","link":"https:\/\/nopapodasgurias.com\/de\/terms\/","title":{"rendered":"Allgemeine Nutzungsbedingungen"},"content":{"rendered":"<!--advertisement--><div class=\"mx-5 sm:mx-0 sm:text-3xl text-2xl font-medium title-font mb-4 text-gray-900 text-left\">\n<h2 class=\"wp-block-heading\" id=\"h-no-papo-das-gurias\">Im M\u00e4delschat<\/h2>\n<\/div><div class=\"mx-5 sm:mx-0 prose leading-relaxed text-lg mb-5 text-left wp-paragraph\">\n<p>Die Plattform \u201eNo Papo das Gurias\u201c, eine Initiative einer estnischen Gesellschaft mit beschr\u00e4nkter Haftung (LLC, auch bekannt als MINUTO VIP O\u00dc), registriert unter der Nummer 16698741 und mit Hauptsitz in Tallinn, Rotermanni tn 14-32 Stra\u00dfe, Postleitzahl 10111, Harju, Estland, ist der Ersteller, Eigent\u00fcmer und Administrator der Website \u201eNo Papo das Gurias\u201c, erreichbar \u00fcber die Adresse <a style=\" color:;\" href=\"http:\/\/nopapodasgurias.com\/de\/\">nopapodasgurias.com<\/a>.<\/p>\n<\/div><div class=\"mx-5 sm:mx-0 prose leading-relaxed text-lg mb-5 text-left wp-paragraph\">\n<p>No Papo das Gurias ist eine Online-Plattform, die sich der Produktion von Inhalten widmet, die sich an ein weibliches Publikum richten und Informationen und Analysen zu einer Vielzahl von Themen (wie unter anderem Mode, Sch\u00f6nheit, Gesundheit) bereitstellen.<\/p>\n<\/div><div class=\"mx-5 sm:mx-0 prose leading-relaxed text-lg mb-5 text-left wp-paragraph\">\n<p>Unsere Allgemeinen Nutzungsbedingungen stehen den Nutzern jederzeit unter folgendem Link zur Einsicht zur Verf\u00fcgung: <a style=\" color:;\" href=\"https:\/\/nopapodasgurias.com\/de\/terms\/\">https:\/\/nopapodasgurias.com\/terms\/<\/a>\u00a0<\/p>\n<\/div><div class=\"mx-5 sm:mx-0 prose leading-relaxed text-lg mb-5 text-left wp-paragraph\">\n<p>Diese Bedingungen sowie die Nutzung der Website werden durch die in der Datenschutzrichtlinie von No Papo das Gurias enthaltenen Informationen erg\u00e4nzt, die unter folgender Adresse abrufbar sind: <a style=\" color:;\" href=\"https:\/\/nopapodasgurias.com\/de\/privacy-policy\/\">https:\/\/nopapodasgurias.com\/privacy-policy<\/a>und unterliegen den geltenden Gesetzen.<\/p>\n<\/div><div class=\"mx-5 sm:mx-0 prose leading-relaxed text-lg mb-5 text-left wp-paragraph\">\n<p>Der Zweck der Bestimmungen und Allgemeinen Nutzungsbedingungen besteht daher darin, die Verantwortlichkeiten, Verpflichtungen und Pflichten aller Benutzer beim Zugriff auf und\/oder bei der Nutzung der Website \u201eNo Papo das Gurias\u201c wie nachstehend beschrieben klarzustellen.<\/p>\n<\/div><div class=\"mx-5 sm:mx-0 prose leading-relaxed text-lg mb-5 text-left wp-paragraph\">\n<p>Es ist wichtig zu beachten, dass wir uns nicht an den Prozessen zur Bewertung und\/oder Genehmigung von Anfragen oder Vorschl\u00e4gen beteiligen. Die endg\u00fcltige Entscheidung in diesen Angelegenheiten liegt ausschlie\u00dflich bei den Benutzern, und zwar gem\u00e4\u00df ihren eigenen Kriterien und Richtlinien.<\/p>\n<\/div><!--advertisement--><div class=\"mx-5 sm:mx-0 sm:text-3xl text-2xl font-medium title-font mb-4 text-gray-900 text-left\">\n<h2 class=\"wp-block-heading\" id=\"h-1-da-aceitacao\">1. ANNAHME<\/h2>\n<\/div><div class=\"mx-5 sm:mx-0 prose leading-relaxed text-lg mb-5 text-left wp-paragraph\">\n<p>1.1. Mit dem Zugriff auf No Papo das Gurias erkl\u00e4rt sich der Benutzer mit den Allgemeinen Nutzungsbedingungen und den <a style=\" color:;\" href=\"https:\/\/nopapodasgurias.com\/de\/privacy-policy\/\">Datenschutzrichtlinie von No Papo das Gurias<\/a>.<\/p>\n<\/div><div class=\"mx-5 sm:mx-0 prose leading-relaxed text-lg mb-5 text-left wp-paragraph\">\n<p>1.2. Die Nutzung von No Papo das Gurias setzt die Erkl\u00e4rung voraus, dass der Benutzer mindestens 18 Jahre alt ist und die volle Rechtsf\u00e4higkeit besitzt, diese Nutzungsbedingungen f\u00fcr alle rechtlichen Zwecke zu akzeptieren.<\/p>\n<\/div><div class=\"mx-5 sm:mx-0 prose leading-relaxed text-lg mb-5 text-left wp-paragraph\">\n<p>1.3. Wenn der Benutzer die oben genannten Kriterien nicht erf\u00fcllt und\/oder mit einer der hier aufgef\u00fchrten Bedingungen nicht einverstanden ist, sollte er nicht auf die von No Papo das Gurias bereitgestellten Dienste und Inhalte sowie die von No Papo das Gurias betriebenen Websites und Dienste zugreifen und\/oder diese nutzen.<\/p>\n<\/div><!--advertisement--><div class=\"mx-5 sm:mx-0 sm:text-3xl text-2xl font-medium title-font mb-4 text-gray-900 text-left\">\n<h2 class=\"wp-block-heading\" id=\"h-2-contato\">2. KONTAKT<\/h2>\n<\/div><div class=\"mx-5 sm:mx-0 prose leading-relaxed text-lg mb-5 text-left wp-paragraph\">\n<p>2.1. Benutzer sind berechtigt, diesen Dienst zu nutzen, um Zweifel auszur\u00e4umen, Probleme zu l\u00f6sen, Beschwerden einzureichen oder weitere Informationen zu Produkten\/Diensten von No Papo das Gurias zu erhalten.<\/p>\n<\/div><div class=\"mx-5 sm:mx-0 prose leading-relaxed text-lg mb-5 text-left wp-paragraph\">\n<p>2.2. Eine Kontaktaufnahme ist \u00fcber das Formular unter folgender Adresse m\u00f6glich: <a style=\" color:;\" href=\"https:\/\/nopapodasgurias.com\/de\/contact\/\">https:\/\/nopapodasgurias.com\/contact\/<\/a>&nbsp;<\/p>\n<\/div><!--advertisement--><div class=\"mx-5 sm:mx-0 sm:text-3xl text-2xl font-medium title-font mb-4 text-gray-900 text-left\">\n<h2 class=\"wp-block-heading\" id=\"h-3-das-responsabilidades-das-partes\">3. VERANTWORTLICHKEITEN DER PARTEIEN<\/h2>\n<\/div><div class=\"mx-5 sm:mx-0 prose leading-relaxed text-lg mb-5 text-left wp-paragraph\">\n<p>3.1. Es ist wichtig, dass der Benutzer alle hier und in der <a style=\" color:;\" href=\"https:\/\/nopapodasgurias.com\/de\/privacy-policy\/\">Datenschutzrichtlinie<\/a>. Durch die Nutzung der von No Papo das Gurias angebotenen Dienste und\/oder Produkte stimmen Sie allen hierin beschriebenen Klauseln und Bedingungen vollumf\u00e4nglich zu.<\/p>\n<\/div><div class=\"mx-5 sm:mx-0 prose leading-relaxed text-lg mb-5 text-left wp-paragraph\">\n<p>3.2. No Papo das Gurias stellt Links bereit und\/oder leitet den Benutzer auf andere Websites weiter, auf denen es m\u00f6glich ist, ohne Eingreifen von No Papo das Gurias Dienstleistungen zu beauftragen und\/oder Produkte von Drittunternehmen zu kaufen.<\/p>\n<\/div><div class=\"mx-5 sm:mx-0 prose leading-relaxed text-lg mb-5 text-left wp-paragraph\">\n<p>3.3. Wird der Nutzer auf die Website eines werbenden Unternehmens weitergeleitet, ist es zwingend erforderlich, dass er die Nutzungsbedingungen sowie die Datenschutzrichtlinie des jeweiligen Unternehmens liest und ihnen zustimmt.<\/p>\n<\/div><div class=\"mx-5 sm:mx-0 prose leading-relaxed text-lg mb-5 text-left wp-paragraph\">\n<p>3.4. Nein, Papo das Gurias ist weder f\u00fcr die Nutzungsbedingungen und Datenschutzrichtlinien der beworbenen Unternehmen noch f\u00fcr die Informationen zu den Dienstleistungen\/Produkten verantwortlich.<\/p>\n<\/div><div class=\"mx-5 sm:mx-0 prose leading-relaxed text-lg mb-5 text-left wp-paragraph\">\n<p>3.5. No Papo das Gurias \u00fcbernimmt keine Verantwortung f\u00fcr Schadsoftware, die durch das Surfen im Internet oder die Daten\u00fcbertragung die Einstellungen der Ger\u00e4te der Benutzer besch\u00e4digen oder \u00e4ndern kann.<\/p>\n<\/div><div class=\"mx-5 sm:mx-0 prose leading-relaxed text-lg mb-5 text-left wp-paragraph\">\n<p>3.6. Es liegt ausschlie\u00dflich in der Verantwortung des Benutzers, sein Betriebssystem und seine Antivirenprogramme auf dem neuesten Stand zu halten.<\/p>\n<\/div><div class=\"mx-5 sm:mx-0 prose leading-relaxed text-lg mb-5 text-left wp-paragraph\">\n<p>3.7. Nein, Papo das Gurias haftet nicht f\u00fcr Verluste oder Sch\u00e4den, die durch unsachgem\u00e4\u00dfe Nutzung der Website und\/oder unvorhergesehene Ereignisse entstehen.<\/p>\n<\/div><div class=\"mx-5 sm:mx-0 prose leading-relaxed text-lg mb-5 text-left wp-paragraph\">\n<p>3.8. Nein, Papo das Gurias verlangt f\u00fcr die Genehmigung oder Gew\u00e4hrung von Finanzprodukten keine Einzahlungen oder Bank\u00fcberweisungen.<\/p>\n<\/div><div class=\"mx-5 sm:mx-0 prose leading-relaxed text-lg mb-5 text-left wp-paragraph\">\n<p>3.9. Nein, Papo das Gurias sendet keine Nachrichten per E-Mail oder SMS zur Best\u00e4tigung von Daten oder Datens\u00e4tzen mit ausf\u00fchrbaren Anh\u00e4ngen oder Installationslinks. Wenn Sie verd\u00e4chtige Nachrichten erhalten, kontaktieren Sie uns bitte \u00fcber das auf der Website verf\u00fcgbare Formular.<\/p>\n<\/div><div class=\"mx-5 sm:mx-0 prose leading-relaxed text-lg mb-5 text-left wp-paragraph\">\n<p>3.10. Es liegt in der Verantwortung des Benutzers: die Rechte Dritter nicht zu verletzen; Verwenden Sie No Papo das Gurias nicht f\u00fcr illegale oder unangemessene Aktivit\u00e4ten. die Bestimmungen und Datenschutzrichtlinien sowie die geltenden Gesetze einhalten.<\/p>\n<\/div><!--advertisement--><div class=\"mx-5 sm:mx-0 sm:text-3xl text-2xl font-medium title-font mb-4 text-gray-900 text-left\">\n<h2 class=\"wp-block-heading\" id=\"h-4-da-modificacao-dos-termos-e-condicoes\">4. \u00c4NDERUNG DER GESCH\u00c4FTSBEDINGUNGEN<\/h2>\n<\/div><div class=\"mx-5 sm:mx-0 prose leading-relaxed text-lg mb-5 text-left wp-paragraph\">\n<p>4.1. Die Allgemeinen Nutzungsbedingungen von No Papo das Gurias k\u00f6nnen jederzeit nach alleinigem Ermessen von No Papo das Gurias ge\u00e4ndert, erg\u00e4nzt oder ersetzt werden, ohne dass die Benutzer vorher dar\u00fcber benachrichtigt oder informiert werden m\u00fcssen.<\/p>\n<\/div><div class=\"mx-5 sm:mx-0 prose leading-relaxed text-lg mb-5 text-left wp-paragraph\">\n<p>4.2. Wer mit diesen zwingenden und verbindlichen Bedingungen nicht einverstanden ist, muss die Nutzung der Website \u201eNo Papo das Gurias\u201c einstellen.<\/p>\n<\/div><!--advertisement--><div class=\"mx-5 sm:mx-0 sm:text-3xl text-2xl font-medium title-font mb-4 text-gray-900 text-left\">\n<h2 class=\"wp-block-heading\" id=\"h-5-vigencia-e-prazo-decadencial\">5. G\u00dcLTIGKEIT UND GARANTIEFRIST<\/h2>\n<\/div><div class=\"mx-5 sm:mx-0 prose leading-relaxed text-lg mb-5 text-left wp-paragraph\">\n<p>5.1. Diese Allgemeinen Nutzungsbedingungen gelten auf unbestimmte Zeit. Rechtliche oder verwaltungsrechtliche Beschwerden, die sich aus der Nutzung von No Papo das Gurias ergeben, m\u00fcssen innerhalb von 90 Tagen nach dem Ereignis, das zu ihnen gef\u00fchrt hat, eingereicht werden.<\/p>\n<\/div><!--advertisement--><div class=\"mx-5 sm:mx-0 sm:text-3xl text-2xl font-medium title-font mb-4 text-gray-900 text-left\">\n<h2 class=\"wp-block-heading\" id=\"h-6-da-legislacao-e-foro-de-eleicao\">6. GESETZGEBUNG UND GERICHTSSTAND<\/h2>\n<\/div><div class=\"mx-5 sm:mx-0 prose leading-relaxed text-lg mb-5 text-left wp-paragraph\">\n<p>6.1. Diese Allgemeinen Nutzungsbedingungen sowie die Datenschutzrichtlinie unterliegen den Gesetzen der F\u00f6derativen Republik Brasilien.<\/p>\n<\/div><div class=\"mx-5 sm:mx-0 prose leading-relaxed text-lg mb-5 text-left wp-paragraph\">\n<p>6.2. F\u00fcr alle Angelegenheiten im Zusammenhang mit diesen Bedingungen und der Datenschutzrichtlinie vereinbaren die Parteien unter Verzicht auf jeden anderen Gerichtsstand die Handelskammer in Tallinn, Estland (das Schiedsgericht der estnischen Industrie- und Handelskammer), um alle Probleme oder Zweifel zu l\u00f6sen, die sich aus diesen Nutzungsbedingungen ergeben.<\/p>\n<\/div>","protected":false},"excerpt":{"rendered":"<p>No Papo das Gurias Die Plattform No Papo das Gurias, eine Initiative einer estnischen Gesellschaft mit beschr\u00e4nkter Haftung (LLC, auch bekannt als MINUTO VIP O\u00dc), registriert unter der Nummer 16698741 und mit Hauptsitz in Tallinn, Rotermanni-Stra\u00dfe tn 14-32, Postleitzahl 10111, Harju, Estland, ist der Ersteller, Eigent\u00fcmer und Administrator der Website No Papo das\u2026 <a class=\"more-link\" href=\"https:\/\/nopapodasgurias.com\/de\/terms\/\">Weiterlesen <span class=\"screen-reader-text\">Allgemeine Nutzungsbedingungen<\/span><\/a><\/p>","protected":false},"author":5,"featured_media":0,"parent":0,"menu_order":0,"comment_status":"closed","ping_status":"closed","template":"","meta":{"footnotes":""},"yoast_head":"<!-- This site is optimized with the Yoast SEO plugin v23.3 - https:\/\/yoast.com\/wordpress\/plugins\/seo\/ -->\n<title>Termos e Condi\u00e7\u00f5es Gerais de Uso - No Papo Das Gurias<\/title>\n<meta name=\"robots\" content=\"index, follow, max-snippet:-1, max-image-preview:large, max-video-preview:-1\" \/>\n<link rel=\"canonical\" href=\"https:\/\/nopapodasgurias.com\/de\/terms\/\" \/>\n<meta property=\"og:locale\" content=\"de_DE\" \/>\n<meta property=\"og:type\" content=\"article\" \/>\n<meta property=\"og:title\" content=\"Termos e Condi\u00e7\u00f5es Gerais de Uso - No Papo Das Gurias\" \/>\n<meta property=\"og:description\" content=\"No Papo das Gurias A plataforma No Papo das Gurias, uma iniciativa de uma empresa de responsabilidade&nbsp; limitada estoniana (LLC, tamb\u00e9m conhecida como MINUTO VIP O\u00dc), registrada sob o n\u00famero 16698741 e sediada em Tallinn, na Rua Rotermanni tn 14-32, CEP 10111, Harju, Est\u00f4nia, \u00e9 a criadora, propriet\u00e1ria e administradora do website No Papo das&hellip; Continue reading Termos e Condi\u00e7\u00f5es Gerais de Uso\" \/>\n<meta property=\"og:url\" content=\"https:\/\/nopapodasgurias.com\/de\/terms\/\" \/>\n<meta property=\"og:site_name\" content=\"No Papo Das Gurias\" \/>\n<meta property=\"article:modified_time\" content=\"2024-05-13T17:11:52+00:00\" \/>\n<meta name=\"twitter:card\" content=\"summary_large_image\" \/>\n<meta name=\"twitter:label1\" content=\"Est. reading time\" \/>\n\t<meta name=\"twitter:data1\" content=\"5 Minuten\" \/>\n<script type=\"application\/ld+json\" class=\"yoast-schema-graph\">{\"@context\":\"https:\/\/schema.org\",\"@graph\":[{\"@type\":\"WebPage\",\"@id\":\"https:\/\/nopapodasgurias.com\/terms\/\",\"url\":\"https:\/\/nopapodasgurias.com\/terms\/\",\"name\":\"Termos e Condi\u00e7\u00f5es Gerais de Uso - No Papo Das Gurias\",\"isPartOf\":{\"@id\":\"https:\/\/nopapodasgurias.com\/#website\"},\"datePublished\":\"2024-05-09T17:05:08+00:00\",\"dateModified\":\"2024-05-13T17:11:52+00:00\",\"breadcrumb\":{\"@id\":\"https:\/\/nopapodasgurias.com\/terms\/#breadcrumb\"},\"inLanguage\":\"de-DE\",\"potentialAction\":[{\"@type\":\"ReadAction\",\"target\":[\"https:\/\/nopapodasgurias.com\/terms\/\"]}]},{\"@type\":\"BreadcrumbList\",\"@id\":\"https:\/\/nopapodasgurias.com\/terms\/#breadcrumb\",\"itemListElement\":[{\"@type\":\"ListItem\",\"position\":1,\"name\":\"Home\",\"item\":\"https:\/\/nopapodasgurias.com\/\"},{\"@type\":\"ListItem\",\"position\":2,\"name\":\"Termos e Condi\u00e7\u00f5es Gerais de Uso\"}]},{\"@type\":\"WebSite\",\"@id\":\"https:\/\/nopapodasgurias.com\/#website\",\"url\":\"https:\/\/nopapodasgurias.com\/\",\"name\":\"No Papo Das Gurias\",\"description\":\"\",\"potentialAction\":[{\"@type\":\"SearchAction\",\"target\":{\"@type\":\"EntryPoint\",\"urlTemplate\":\"https:\/\/nopapodasgurias.com\/?s={search_term_string}\"},\"query-input\":\"required name=search_term_string\"}],\"inLanguage\":\"de-DE\"}]}<\/script>\n<!-- \/ Yoast SEO plugin. -->","yoast_head_json":{"title":"Termos e Condi\u00e7\u00f5es Gerais de Uso - No Papo Das Gurias","robots":{"index":"index","follow":"follow","max-snippet":"max-snippet:-1","max-image-preview":"max-image-preview:large","max-video-preview":"max-video-preview:-1"},"canonical":"https:\/\/nopapodasgurias.com\/de\/terms\/","og_locale":"de_DE","og_type":"article","og_title":"Termos e Condi\u00e7\u00f5es Gerais de Uso - No Papo Das Gurias","og_description":"No Papo das Gurias A plataforma No Papo das Gurias, uma iniciativa de uma empresa de responsabilidade&nbsp; limitada estoniana (LLC, tamb\u00e9m conhecida como MINUTO VIP O\u00dc), registrada sob o n\u00famero 16698741 e sediada em Tallinn, na Rua Rotermanni tn 14-32, CEP 10111, Harju, Est\u00f4nia, \u00e9 a criadora, propriet\u00e1ria e administradora do website No Papo das&hellip; Continue reading Termos e Condi\u00e7\u00f5es Gerais de Uso","og_url":"https:\/\/nopapodasgurias.com\/de\/terms\/","og_site_name":"No Papo Das Gurias","article_modified_time":"2024-05-13T17:11:52+00:00","twitter_card":"summary_large_image","twitter_misc":{"Est. reading time":"5 Minuten"},"schema":{"@context":"https:\/\/schema.org","@graph":[{"@type":"WebPage","@id":"https:\/\/nopapodasgurias.com\/terms\/","url":"https:\/\/nopapodasgurias.com\/terms\/","name":"Termos e Condi\u00e7\u00f5es Gerais de Uso - No Papo Das Gurias","isPartOf":{"@id":"https:\/\/nopapodasgurias.com\/#website"},"datePublished":"2024-05-09T17:05:08+00:00","dateModified":"2024-05-13T17:11:52+00:00","breadcrumb":{"@id":"https:\/\/nopapodasgurias.com\/terms\/#breadcrumb"},"inLanguage":"de-DE","potentialAction":[{"@type":"ReadAction","target":["https:\/\/nopapodasgurias.com\/terms\/"]}]},{"@type":"BreadcrumbList","@id":"https:\/\/nopapodasgurias.com\/terms\/#breadcrumb","itemListElement":[{"@type":"ListItem","position":1,"name":"Home","item":"https:\/\/nopapodasgurias.com\/"},{"@type":"ListItem","position":2,"name":"Termos e Condi\u00e7\u00f5es Gerais de Uso"}]},{"@type":"WebSite","@id":"https:\/\/nopapodasgurias.com\/#website","url":"https:\/\/nopapodasgurias.com\/","name":"No Papo Das Gurias","description":"","potentialAction":[{"@type":"SearchAction","target":{"@type":"EntryPoint","urlTemplate":"https:\/\/nopapodasgurias.com\/?s={search_term_string}"},"query-input":"required name=search_term_string"}],"inLanguage":"de-DE"}]}},"_links":{"self":[{"href":"https:\/\/nopapodasgurias.com\/de\/wp-json\/wp\/v2\/pages\/137"}],"collection":[{"href":"https:\/\/nopapodasgurias.com\/de\/wp-json\/wp\/v2\/pages"}],"about":[{"href":"https:\/\/nopapodasgurias.com\/de\/wp-json\/wp\/v2\/types\/page"}],"author":[{"embeddable":true,"href":"https:\/\/nopapodasgurias.com\/de\/wp-json\/wp\/v2\/users\/5"}],"replies":[{"embeddable":true,"href":"https:\/\/nopapodasgurias.com\/de\/wp-json\/wp\/v2\/comments?post=137"}],"version-history":[{"count":2,"href":"https:\/\/nopapodasgurias.com\/de\/wp-json\/wp\/v2\/pages\/137\/revisions"}],"predecessor-version":[{"id":159,"href":"https:\/\/nopapodasgurias.com\/de\/wp-json\/wp\/v2\/pages\/137\/revisions\/159"}],"wp:attachment":[{"href":"https:\/\/nopapodasgurias.com\/de\/wp-json\/wp\/v2\/media?parent=137"}],"curies":[{"name":"wp","href":"https:\/\/api.w.org\/{rel}","templated":true}]}}