{"id":139,"date":"2024-05-09T17:12:16","date_gmt":"2024-05-09T17:12:16","guid":{"rendered":"https:\/\/nopapodasgurias.com\/?page_id=139"},"modified":"2025-12-11T18:26:11","modified_gmt":"2025-12-11T18:26:11","slug":"about","status":"publish","type":"page","link":"https:\/\/nopapodasgurias.com\/ar\/about\/","title":{"rendered":"\u0639\u0644\u0649"},"content":{"rendered":"<!--advertisement--><div class=\"mx-5 sm:mx-0 sm:text-3xl text-2xl font-medium title-font mb-4 text-gray-900 text-left\">\n<h2 class=\"wp-block-heading\">\u0647\u0644 \u0623\u0646\u062a \u0645\u0647\u062a\u0645 \u0628\u0627\u0643\u062a\u0634\u0627\u0641 \u0634\u064a\u0621 \u062c\u062f\u064a\u062f \u0627\u0644\u064a\u0648\u0645\u061f<\/h2>\n<\/div><div class=\"mx-5 sm:mx-0 prose leading-relaxed text-lg mb-5 text-left wp-paragraph\">\n<p>\u0627\u0644\u0639\u0642\u062f\u0629 <strong>\u062f\u0631\u062f\u0634\u0629 \u0627\u0644\u0641\u062a\u064a\u0627\u062a<\/strong>\u0645\u0647\u0645\u062a\u0646\u0627 \u0647\u064a \u0645\u0634\u0627\u0631\u0643\u0629 \u0645\u062d\u062a\u0648\u0649 \u064a\u064f\u0644\u0647\u0645 \u0648\u064a\u064f\u0633\u0647\u0651\u0644 \u062d\u064a\u0627\u062a\u0643\u0645 \u0627\u0644\u064a\u0648\u0645\u064a\u0629. \u0646\u0624\u0645\u0646 \u0628\u0623\u0646 \u0627\u0644\u0645\u0639\u0644\u0648\u0645\u0627\u062a \u0627\u0644\u0642\u064a\u0651\u0645\u0629 \u062a\u064f\u063a\u064a\u0651\u0631 \u0627\u0644\u0631\u0648\u062a\u064a\u0646 \u0648\u062a\u064f\u0636\u0641\u064a \u0639\u0644\u064a\u0647 \u0623\u062c\u0648\u0627\u0621\u064b \u0645\u0646 \u0627\u0644\u0631\u0627\u062d\u0629\u060c \u0633\u0648\u0627\u0621\u064b \u0641\u064a \u0645\u062c\u0627\u0644 \u0627\u0644\u0639\u0646\u0627\u064a\u0629 \u0627\u0644\u0634\u062e\u0635\u064a\u0629 \u0623\u0648 \u0627\u0633\u062a\u062e\u062f\u0627\u0645 \u0627\u0644\u0645\u0648\u0627\u0631\u062f \u0627\u0644\u0631\u0642\u0645\u064a\u0629.<\/p>\n<\/div><div class=\"mx-5 sm:mx-0 prose leading-relaxed text-lg mb-5 text-left wp-paragraph\">\n<p>\u0633\u062a\u062c\u062f \u0647\u0646\u0627 \u0643\u0644 \u0645\u0627 \u062a\u062d\u062a\u0627\u062c\u0647\u060c \u0645\u0646 \u0646\u0635\u0627\u0626\u062d \u0627\u0644\u0635\u062d\u0629 \u0648\u0627\u0644\u0639\u0627\u0641\u064a\u0629 \u0648\u062a\u0639\u0632\u064a\u0632 \u0627\u0644\u062b\u0642\u0629 \u0628\u0627\u0644\u0646\u0641\u0633\u060c \u0625\u0644\u0649 \u0623\u062d\u062f\u062b \u0627\u0644\u0623\u0644\u0639\u0627\u0628 \u0648\u0627\u0644\u062a\u0637\u0628\u064a\u0642\u0627\u062a \u0648\u0627\u0644\u062a\u0643\u0646\u0648\u0644\u0648\u062c\u064a\u0627 \u0627\u0644\u062a\u064a \u062a\u062c\u0639\u0644 \u062d\u064a\u0627\u062a\u0643 \u0623\u0643\u062b\u0631 \u0639\u0645\u0644\u064a\u0629 \u0648\u0645\u062a\u0639\u0629 \u0648\u062a\u0648\u0627\u0635\u0644\u064b\u0627. \u0647\u062f\u0641\u0646\u0627 \u0647\u0648 \u0625\u0628\u0642\u0627\u0626\u0643 \u0639\u0644\u0649 \u0627\u0637\u0644\u0627\u0639 \u062f\u0627\u0626\u0645\u060c \u0645\u0646 \u062e\u0644\u0627\u0644 \u0627\u0644\u062c\u0645\u0639 \u0628\u064a\u0646 \u0623\u062d\u062f\u062b \u0627\u0644\u062a\u0648\u062c\u0647\u0627\u062a \u0648\u0627\u0644\u062d\u0642\u0627\u0626\u0642 \u0627\u0644\u0634\u064a\u0642\u0629 \u0648\u0627\u0644\u0623\u062f\u0648\u0627\u062a \u0627\u0644\u0645\u0641\u064a\u062f\u0629 \u0627\u0644\u062a\u064a \u062a\u0633\u0627\u0639\u062f\u0643 \u0639\u0644\u0649 \u0627\u0644\u0634\u0639\u0648\u0631 \u0628\u0645\u0632\u064a\u062f \u0645\u0646 \u0627\u0644\u062b\u0642\u0629 \u0648\u0627\u0644\u0627\u0633\u062a\u0639\u062f\u0627\u062f \u0644\u0644\u0645\u0633\u062a\u0642\u0628\u0644.<\/p>\n<\/div><!--advertisement--><div class=\"mx-5 sm:mx-0 sm:text-3xl text-2xl font-medium title-font mb-4 text-gray-900 text-left\">\n<h2 class=\"wp-block-heading\">\u0645\u0646 \u0646\u062d\u0646\u061f<\/h2>\n<\/div><div class=\"mx-5 sm:mx-0 prose leading-relaxed text-lg mb-5 text-left wp-paragraph\">\n<p>\u0627\u0644 <strong>\u062f\u0631\u062f\u0634\u0629 \u0627\u0644\u0641\u062a\u064a\u0627\u062a<\/strong> \u0648\u064f\u0644\u062f\u062a &quot;\u0645\u0648\u0642\u0639\u064a&quot; \u0628\u0631\u063a\u0628\u0629\u064d \u0641\u064a \u0645\u0634\u0627\u0631\u0643\u0629 \u0627\u0644\u062a\u062c\u0627\u0631\u0628 \u0648\u0627\u0644\u0623\u0641\u0643\u0627\u0631 \u0648\u0627\u0644\u0646\u0635\u0627\u0626\u062d \u0627\u0644\u062a\u064a \u062a\u064f\u062d\u062f\u062b \u0641\u0631\u0642\u064b\u0627 \u062d\u0642\u064a\u0642\u064a\u064b\u0627 \u0641\u064a \u0627\u0644\u062d\u064a\u0627\u0629 \u0627\u0644\u064a\u0648\u0645\u064a\u0629. \u0648\u0627\u0644\u064a\u0648\u0645\u060c \u0648\u0633\u0651\u0639\u0646\u0627 \u0646\u0637\u0627\u0642 \u0645\u062d\u062a\u0648\u0627\u0646\u0627 \u0644\u064a\u062a\u062c\u0627\u0648\u0632 \u0639\u0627\u0644\u0645 \u0627\u0644\u0645\u0631\u0623\u0629\u060c \u0644\u0646\u0642\u062f\u0645 \u0644\u0643\u0650 \u0623\u064a\u0636\u064b\u0627 \u0623\u062d\u062f\u062b \u0645\u0627 \u062a\u0648\u0635\u0644\u062a \u0625\u0644\u064a\u0647 \u0627\u0644\u062a\u0643\u0646\u0648\u0644\u0648\u062c\u064a\u0627 \u0648\u0627\u0644\u062a\u0637\u0628\u064a\u0642\u0627\u062a \u0648\u0627\u0644\u062a\u0631\u0641\u064a\u0647. \u0646\u0631\u064a\u062f \u0623\u0646 \u0646\u0643\u0648\u0646 \u0631\u0641\u064a\u0642\u062a\u0643\u0650 \u0641\u064a \u0631\u062d\u0644\u0629 \u0627\u0644\u0627\u0643\u062a\u0634\u0627\u0641 \u0648\u0627\u0644\u062a\u0639\u0644\u0645 \u0647\u0630\u0647\u060c \u062f\u0627\u0626\u0645\u064b\u0627 \u0628\u0644\u0645\u0633\u0629\u064d \u0645\u0631\u062d\u0629\u064d \u0648\u062d\u0645\u064a\u0645\u0629.<\/p>\n<\/div><!--advertisement--><div class=\"mx-5 sm:mx-0 sm:text-3xl text-2xl font-medium title-font mb-4 text-gray-900 text-left\">\n<h2 class=\"wp-block-heading\" id=\"h-sua-opiniao-e-importante\">\u0631\u0623\u064a\u0643 \u0645\u0647\u0645<\/h2>\n<\/div><div class=\"mx-5 sm:mx-0 prose leading-relaxed text-lg mb-5 text-left wp-paragraph\">\n<p>\u0646\u062d\u0646 \u0646\u0642\u062f\u0631 \u0628\u0634\u062f\u0629 \u0627\u0642\u062a\u0631\u0627\u062d\u0627\u062a\u0643\u0645. \u0644\u0627 \u062a\u062a\u0631\u062f\u062f \u0641\u064a \u0630\u0644\u0643 <a style=\" color:;\" href=\"https:\/\/nopapodasgurias.com\/ar\/contact\/\">\u0623\u0631\u0633\u0644 \u0644\u0646\u0627 \u0631\u0633\u0627\u0644\u0629<\/a>!<\/p>\n<\/div><!--advertisement--><div class=\"mx-5 sm:mx-0 sm:text-3xl text-2xl font-medium title-font mb-4 text-gray-900 text-left\">\n<h2 class=\"wp-block-heading\"><strong>\u062a\u0646\u0635\u0644:<\/strong><\/h2>\n<\/div><div class=\"mx-5 sm:mx-0 prose leading-relaxed text-lg mb-5 text-left wp-paragraph\">\n<p>\u064a\u0642\u062f\u0645 \u0645\u0648\u0642\u0639 &quot;\u0646\u0648 \u0628\u0627\u0628\u0648 \u062f\u0627\u0633 \u063a\u0648\u0631\u064a\u0627\u0633&quot; \u0645\u062d\u062a\u0648\u0649\u064b \u0625\u0631\u0634\u0627\u062f\u064a\u064b\u0627 \u062d\u0648\u0644 \u0627\u0644\u0645\u0648\u0627\u0639\u062f\u0629 \u0648\u0627\u0644\u0639\u0644\u0627\u0642\u0627\u062a\u060c \u0648\u0644\u0643\u0646\u0647 \u0644\u0627 \u064a\u0639\u0645\u0644 \u0643\u0648\u0633\u064a\u0637 \u0648\u0644\u0627 \u064a\u0636\u0645\u0646 \u0627\u0644\u0646\u062a\u0627\u0626\u062c. \u0627\u0644\u0645\u0639\u0644\u0648\u0645\u0627\u062a \u0627\u0644\u0645\u0646\u0634\u0648\u0631\u0629 \u0644\u0627 \u062a\u0647\u062f\u0641 \u0625\u0644\u0649 \u0627\u0644\u062a\u0648\u0635\u064a\u0629 \u0623\u0648 \u0627\u0644\u062a\u0634\u062c\u064a\u0639 \u0623\u0648 \u0636\u0645\u0627\u0646 \u0623\u064a \u0646\u0648\u0639 \u0645\u0646 \u0627\u0644\u0644\u0642\u0627\u0621\u0627\u062a \u0623\u0648 \u0627\u0644\u062a\u0641\u0627\u0639\u0644\u0627\u062a \u0627\u0644\u0634\u062e\u0635\u064a\u0629. <\/p>\n<\/div><div class=\"mx-5 sm:mx-0 prose leading-relaxed text-lg mb-5 text-left wp-paragraph\">\n<p>\u064a\u062a\u062d\u0645\u0644 \u0627\u0644\u0645\u0633\u062a\u062e\u062f\u0645 \u0648\u062d\u062f\u0647 \u0645\u0633\u0624\u0648\u0644\u064a\u0629 \u0642\u0631\u0627\u0631\u0627\u062a\u0647 \u0627\u0644\u0634\u062e\u0635\u064a\u0629\u060c \u0648\u0644\u0627 \u064a\u062a\u062d\u0645\u0644 \u0627\u0644\u0645\u0648\u0642\u0639 \u0627\u0644\u0625\u0644\u0643\u062a\u0631\u0648\u0646\u064a \u0623\u064a \u0645\u0633\u0624\u0648\u0644\u064a\u0629 \u0639\u0646 \u0623\u064a \u062a\u0628\u0639\u0627\u062a \u0646\u0627\u062a\u062c\u0629 \u0639\u0646 \u0627\u0633\u062a\u062e\u062f\u0627\u0645 \u0647\u0630\u0647 \u0627\u0644\u0645\u0639\u0644\u0648\u0645\u0627\u062a. \u0648\u0628\u062f\u062e\u0648\u0644\u0643 \u0625\u0644\u0649 \u0627\u0644\u0645\u062d\u062a\u0648\u0649\u060c \u0641\u0625\u0646\u0643 \u062a\u0648\u0627\u0641\u0642 \u0639\u0644\u0649 \u0623\u0646 \u0627\u0644\u062a\u0641\u0627\u0639\u0644\u0627\u062a \u0648\u0627\u0644\u0642\u0631\u0627\u0631\u0627\u062a \u0627\u0644\u062a\u064a \u062a\u062a\u062e\u0630\u0647\u0627 \u0647\u064a \u0645\u0633\u0624\u0648\u0644\u064a\u062a\u0643 \u0648\u062d\u062f\u0643.<\/p>\n<\/div>","protected":false},"excerpt":{"rendered":"<p>\u0647\u0644 \u062a\u0631\u063a\u0628 \u0628\u0627\u0643\u062a\u0634\u0627\u0641 \u0634\u064a\u0621 \u062c\u062f\u064a\u062f \u0627\u0644\u064a\u0648\u0645\u061f \u0641\u064a \u0628\u0627\u0628\u0648 \u062f\u0627\u0633 \u063a\u0648\u0631\u064a\u0627\u0633\u060c \u0645\u0647\u0645\u062a\u0646\u0627 \u0647\u064a \u0645\u0634\u0627\u0631\u0643\u0629 \u0645\u062d\u062a\u0648\u0649 \u064a\u064f\u0644\u0647\u0645 \u0648\u064a\u064f\u0628\u0633\u0651\u0637 \u062d\u064a\u0627\u062a\u0643 \u0627\u0644\u064a\u0648\u0645\u064a\u0629. \u0646\u0624\u0645\u0646 \u0628\u0623\u0646 \u0627\u0644\u0645\u0639\u0644\u0648\u0645\u0627\u062a \u0627\u0644\u0642\u064a\u0651\u0645\u0629 \u062a\u064f\u063a\u064a\u0651\u0631 \u0627\u0644\u0631\u0648\u062a\u064a\u0646 \u0648\u062a\u064f\u0636\u0641\u064a \u0639\u0644\u064a\u0647 \u0644\u0645\u0633\u0629\u064b \u0645\u0646 \u0627\u0644\u0633\u0647\u0648\u0644\u0629\u060c \u0633\u0648\u0627\u0621\u064b \u0641\u064a \u0645\u062c\u0627\u0644 \u0627\u0644\u0639\u0646\u0627\u064a\u0629 \u0627\u0644\u0634\u062e\u0635\u064a\u0629 \u0623\u0648 \u0627\u0633\u062a\u062e\u062f\u0627\u0645 \u0627\u0644\u0645\u0648\u0627\u0631\u062f \u0627\u0644\u0631\u0642\u0645\u064a\u0629. \u0633\u062a\u062c\u062f \u0647\u0646\u0627 \u0643\u0644 \u0645\u0627 \u062a\u062d\u062a\u0627\u062c \u0625\u0644\u064a\u0647\u060c \u0645\u0646 \u0646\u0635\u0627\u0626\u062d \u0644\u0644\u0639\u0627\u0641\u064a\u0629 \u0648\u062a\u0639\u0632\u064a\u0632 \u0627\u0644\u062b\u0642\u0629 \u0628\u0627\u0644\u0646\u0641\u0633 \u0625\u0644\u0649... <a class=\"more-link\" href=\"https:\/\/nopapodasgurias.com\/ar\/about\/\">\u062a\u0627\u0628\u0639 \u0627\u0644\u0642\u0631\u0627\u0621\u0629 <span class=\"screen-reader-text\">\u0639\u0644\u0649<\/span><\/a><\/p>","protected":false},"author":5,"featured_media":0,"parent":0,"menu_order":0,"comment_status":"closed","ping_status":"closed","template":"","meta":{"footnotes":""},"yoast_head":"<!-- This site is optimized with the Yoast SEO plugin v23.3 - https:\/\/yoast.com\/wordpress\/plugins\/seo\/ -->\n<title>Sobre - No Papo Das Gurias<\/title>\n<meta name=\"robots\" content=\"index, follow, max-snippet:-1, max-image-preview:large, max-video-preview:-1\" \/>\n<link rel=\"canonical\" href=\"https:\/\/nopapodasgurias.com\/ar\/about\/\" \/>\n<meta property=\"og:locale\" content=\"ar_AR\" \/>\n<meta property=\"og:type\" content=\"article\" \/>\n<meta property=\"og:title\" content=\"Sobre - No Papo Das Gurias\" \/>\n<meta property=\"og:description\" content=\"Interessada em descobrir algo novo hoje? No Papo das Gurias, nossa miss\u00e3o \u00e9 compartilhar conte\u00fados que inspiram e facilitam o seu dia a dia. Acreditamos que informa\u00e7\u00e3o de qualidade pode transformar rotinas e trazer leveza, seja no cuidado pessoal, seja no uso de recursos digitais. Aqui voc\u00ea encontra desde dicas de bem-estar e autoestima at\u00e9&hellip; Continue reading Sobre\" \/>\n<meta property=\"og:url\" content=\"https:\/\/nopapodasgurias.com\/ar\/about\/\" \/>\n<meta property=\"og:site_name\" content=\"No Papo Das Gurias\" \/>\n<meta property=\"article:modified_time\" content=\"2025-12-11T18:26:11+00:00\" \/>\n<meta name=\"twitter:card\" content=\"summary_large_image\" \/>\n<meta name=\"twitter:label1\" content=\"Est. reading time\" \/>\n\t<meta name=\"twitter:data1\" content=\"\u062f\u0642\u064a\u0642\u062a\u0627\u0646\" \/>\n<script type=\"application\/ld+json\" class=\"yoast-schema-graph\">{\"@context\":\"https:\/\/schema.org\",\"@graph\":[{\"@type\":\"WebPage\",\"@id\":\"https:\/\/nopapodasgurias.com\/about\/\",\"url\":\"https:\/\/nopapodasgurias.com\/about\/\",\"name\":\"Sobre - No Papo Das Gurias\",\"isPartOf\":{\"@id\":\"https:\/\/nopapodasgurias.com\/#website\"},\"datePublished\":\"2024-05-09T17:12:16+00:00\",\"dateModified\":\"2025-12-11T18:26:11+00:00\",\"breadcrumb\":{\"@id\":\"https:\/\/nopapodasgurias.com\/about\/#breadcrumb\"},\"inLanguage\":\"ar\",\"potentialAction\":[{\"@type\":\"ReadAction\",\"target\":[\"https:\/\/nopapodasgurias.com\/about\/\"]}]},{\"@type\":\"BreadcrumbList\",\"@id\":\"https:\/\/nopapodasgurias.com\/about\/#breadcrumb\",\"itemListElement\":[{\"@type\":\"ListItem\",\"position\":1,\"name\":\"Home\",\"item\":\"https:\/\/nopapodasgurias.com\/\"},{\"@type\":\"ListItem\",\"position\":2,\"name\":\"Sobre\"}]},{\"@type\":\"WebSite\",\"@id\":\"https:\/\/nopapodasgurias.com\/#website\",\"url\":\"https:\/\/nopapodasgurias.com\/\",\"name\":\"No Papo Das Gurias\",\"description\":\"\",\"potentialAction\":[{\"@type\":\"SearchAction\",\"target\":{\"@type\":\"EntryPoint\",\"urlTemplate\":\"https:\/\/nopapodasgurias.com\/?s={search_term_string}\"},\"query-input\":\"required name=search_term_string\"}],\"inLanguage\":\"ar\"}]}<\/script>\n<!-- \/ Yoast SEO plugin. -->","yoast_head_json":{"title":"Sobre - No Papo Das Gurias","robots":{"index":"index","follow":"follow","max-snippet":"max-snippet:-1","max-image-preview":"max-image-preview:large","max-video-preview":"max-video-preview:-1"},"canonical":"https:\/\/nopapodasgurias.com\/ar\/about\/","og_locale":"ar_AR","og_type":"article","og_title":"Sobre - No Papo Das Gurias","og_description":"Interessada em descobrir algo novo hoje? No Papo das Gurias, nossa miss\u00e3o \u00e9 compartilhar conte\u00fados que inspiram e facilitam o seu dia a dia. Acreditamos que informa\u00e7\u00e3o de qualidade pode transformar rotinas e trazer leveza, seja no cuidado pessoal, seja no uso de recursos digitais. Aqui voc\u00ea encontra desde dicas de bem-estar e autoestima at\u00e9&hellip; Continue reading Sobre","og_url":"https:\/\/nopapodasgurias.com\/ar\/about\/","og_site_name":"No Papo Das Gurias","article_modified_time":"2025-12-11T18:26:11+00:00","twitter_card":"summary_large_image","twitter_misc":{"Est. reading time":"\u062f\u0642\u064a\u0642\u062a\u0627\u0646"},"schema":{"@context":"https:\/\/schema.org","@graph":[{"@type":"WebPage","@id":"https:\/\/nopapodasgurias.com\/about\/","url":"https:\/\/nopapodasgurias.com\/about\/","name":"Sobre - No Papo Das Gurias","isPartOf":{"@id":"https:\/\/nopapodasgurias.com\/#website"},"datePublished":"2024-05-09T17:12:16+00:00","dateModified":"2025-12-11T18:26:11+00:00","breadcrumb":{"@id":"https:\/\/nopapodasgurias.com\/about\/#breadcrumb"},"inLanguage":"ar","potentialAction":[{"@type":"ReadAction","target":["https:\/\/nopapodasgurias.com\/about\/"]}]},{"@type":"BreadcrumbList","@id":"https:\/\/nopapodasgurias.com\/about\/#breadcrumb","itemListElement":[{"@type":"ListItem","position":1,"name":"Home","item":"https:\/\/nopapodasgurias.com\/"},{"@type":"ListItem","position":2,"name":"Sobre"}]},{"@type":"WebSite","@id":"https:\/\/nopapodasgurias.com\/#website","url":"https:\/\/nopapodasgurias.com\/","name":"No Papo Das Gurias","description":"","potentialAction":[{"@type":"SearchAction","target":{"@type":"EntryPoint","urlTemplate":"https:\/\/nopapodasgurias.com\/?s={search_term_string}"},"query-input":"required name=search_term_string"}],"inLanguage":"ar"}]}},"_links":{"self":[{"href":"https:\/\/nopapodasgurias.com\/ar\/wp-json\/wp\/v2\/pages\/139"}],"collection":[{"href":"https:\/\/nopapodasgurias.com\/ar\/wp-json\/wp\/v2\/pages"}],"about":[{"href":"https:\/\/nopapodasgurias.com\/ar\/wp-json\/wp\/v2\/types\/page"}],"author":[{"embeddable":true,"href":"https:\/\/nopapodasgurias.com\/ar\/wp-json\/wp\/v2\/users\/5"}],"replies":[{"embeddable":true,"href":"https:\/\/nopapodasgurias.com\/ar\/wp-json\/wp\/v2\/comments?post=139"}],"version-history":[{"count":4,"href":"https:\/\/nopapodasgurias.com\/ar\/wp-json\/wp\/v2\/pages\/139\/revisions"}],"predecessor-version":[{"id":905,"href":"https:\/\/nopapodasgurias.com\/ar\/wp-json\/wp\/v2\/pages\/139\/revisions\/905"}],"wp:attachment":[{"href":"https:\/\/nopapodasgurias.com\/ar\/wp-json\/wp\/v2\/media?parent=139"}],"curies":[{"name":"wp","href":"https:\/\/api.w.org\/{rel}","templated":true}]}}